{"id":241986,"date":"2025-03-20T15:19:48","date_gmt":"2025-03-20T15:19:48","guid":{"rendered":"https:\/\/aromasentia.com\/product\/small-soapstone-oil-burner-8cm-om\/"},"modified":"2025-05-31T20:17:48","modified_gmt":"2025-05-31T20:17:48","slug":"quemador-de-aceite-pequeno-de-esteatita-8cm-om","status":"publish","type":"product","link":"https:\/\/aromasentia.com\/es\/quemador-de-aceite-pequeno-de-esteatita-8cm-om\/","title":{"rendered":"Quemador de aceite peque\u00f1o de Esteatita 8cm &#8211; Om"},"content":{"rendered":"<p>Os presentamos los quemadores inspirado en la palabra y OM de Aroma Sentia Espa\u00f1a al por mayor.&nbsp;<\/p>\n<p>En pa\u00edses asi\u00e1ticos el &#39;&quot;om&quot; representa el yo interior y la b\u00fasqueda de la unidad.&nbsp;<\/p>\n<p><strong><span style=\"color: rgb(147, 101, 184);\">\u00bfC\u00f3mo se utiliza?<\/span><\/strong> Agregue un par de gotas de su aceite esencial\/cera arom\u00e1tica\/fragancia o aceite arom\u00e1tico que m\u00e1s le guste en la parte superior. Colocar una vela peque\u00f1a en el hueco de abajo y dejar que desprender el aroma<\/p>\n<p><strong>PRECAUCI\u00f3N:<\/strong>&nbsp;No utilizarlo sobre superficies sensibles al calor.<\/p>\n<p>Solo venta al por mayor.<\/p>\n","protected":false},"excerpt":{"rendered":"<p>Os presentamos los quemadores inspirado en la palabra y OM de Aroma Sentia Espa\u00f1a al por mayor.&nbsp; En pa\u00edses asi\u00e1ticos el &#39;&quot;om&quot; representa el yo interior y la b\u00fasqueda de la unidad.&nbsp; \u00bfC\u00f3mo se utiliza? Agregue un par de gotas de su aceite esencial\/cera arom\u00e1tica\/fragancia o aceite arom\u00e1tico que m\u00e1s le guste en la parte [&hellip;]<\/p>\n","protected":false},"featured_media":270344,"comment_status":"closed","ping_status":"open","template":"","meta":{"_angie_page":false},"product_brand":[],"product_cat":[16524,18411],"product_tag":[],"class_list":{"0":"post-241986","1":"product","2":"type-product","3":"status-publish","4":"has-post-thumbnail","6":"product_cat-difusores-de-aroma-y-barritas-aromaticas","7":"product_cat-quemadores-de-aceite","8":"pa_collection-soapstone-oil-burners-es","9":"pa_made-in-india","11":"first","12":"outofstock","13":"purchasable","14":"product-type-simple"},"supplier_id":null,"supplier_sku":"SoapOB-14","barcode":null,"atum_controlled":true,"out_stock_date":"2025-09-05 16:08:21","out_stock_threshold":null,"inheritable":false,"inbound_stock":null,"stock_on_hold":0,"sold_today":0,"sales_last_days":0,"reserved_stock":null,"customer_returns":null,"warehouse_damage":null,"lost_in_post":null,"other_logs":null,"out_stock_days":0,"lost_sales":0,"has_location":null,"update_date":"2026-04-27T07:21:52","atum_locations":[],"atum_stock_status":"outofstock","restock_status":false,"low_stock_amount":"","sales_update_date":"2025-09-05T00:18:35","calc_backorders":null,"_links":{"self":[{"href":"https:\/\/aromasentia.com\/es\/wp-json\/wp\/v2\/product\/241986","targetHints":{"allow":["GET"]}}],"collection":[{"href":"https:\/\/aromasentia.com\/es\/wp-json\/wp\/v2\/product"}],"about":[{"href":"https:\/\/aromasentia.com\/es\/wp-json\/wp\/v2\/types\/product"}],"replies":[{"embeddable":true,"href":"https:\/\/aromasentia.com\/es\/wp-json\/wp\/v2\/comments?post=241986"}],"version-history":[{"count":0,"href":"https:\/\/aromasentia.com\/es\/wp-json\/wp\/v2\/product\/241986\/revisions"}],"wp:featuredmedia":[{"embeddable":true,"href":"https:\/\/aromasentia.com\/es\/wp-json\/wp\/v2\/media\/270344"}],"wp:attachment":[{"href":"https:\/\/aromasentia.com\/es\/wp-json\/wp\/v2\/media?parent=241986"}],"wp:term":[{"taxonomy":"product_brand","embeddable":true,"href":"https:\/\/aromasentia.com\/es\/wp-json\/wp\/v2\/product_brand?post=241986"},{"taxonomy":"product_cat","embeddable":true,"href":"https:\/\/aromasentia.com\/es\/wp-json\/wp\/v2\/product_cat?post=241986"},{"taxonomy":"product_tag","embeddable":true,"href":"https:\/\/aromasentia.com\/es\/wp-json\/wp\/v2\/product_tag?post=241986"}],"curies":[{"name":"wp","href":"https:\/\/api.w.org\/{rel}","templated":true}]}}