{"id":241870,"date":"2025-03-20T15:22:48","date_gmt":"2025-03-20T15:22:48","guid":{"rendered":"https:\/\/aromasentia.com\/product\/white-christmas-room-pillow-spray-100ml\/"},"modified":"2025-05-31T20:15:04","modified_gmt":"2025-05-31T20:15:04","slug":"spray-de-fragancia-para-el-hogar-y-almohadas-100-ml-blanca-navidad","status":"publish","type":"product","link":"https:\/\/aromasentia.com\/es\/spray-de-fragancia-para-el-hogar-y-almohadas-100-ml-blanca-navidad\/","title":{"rendered":"Spray de Fragancia para el hogar y almohadas 100 ml &#8211; Blanca Navidad"},"content":{"rendered":"<p>? Tiene notas altas de eucalipto y menta naranja que crean un aroma refrescante y vigorizante.&nbsp;<\/p>\n<p>? Un toque floral afrutado a\u00f1ade un toque de dulzura y elegancia a la fragancia.&nbsp;<\/p>\n<p>? Las notas base de cedro, \u00e1mbar y vainilla brindan un aroma c\u00e1lido, reconfortante y duradero.<\/p>\n","protected":false},"excerpt":{"rendered":"<p>? Tiene notas altas de eucalipto y menta naranja que crean un aroma refrescante y vigorizante.&nbsp; ? Un toque floral afrutado a\u00f1ade un toque de dulzura y elegancia a la fragancia.&nbsp; ? Las notas base de cedro, \u00e1mbar y vainilla brindan un aroma c\u00e1lido, reconfortante y duradero.<\/p>\n","protected":false},"featured_media":271269,"comment_status":"closed","ping_status":"open","template":"","meta":[],"product_brand":[],"product_cat":[16474,16638,27382,16460],"product_tag":[],"class_list":{"0":"post-241870","1":"product","2":"type-product","3":"status-publish","4":"has-post-thumbnail","6":"product_cat-aceites-aromaticos","7":"product_cat-ambientadores-en-spray","8":"product_cat-aromas-navidenos","9":"product_cat-aromaterapia-y-fragancias-para-hogar","10":"pa_collection-christmas-room-pillow-sprays-es","11":"pa_made-in-reino-unido","12":"pa_size-100ml","14":"first","15":"instock","16":"purchasable","17":"product-type-simple"},"supplier_id":null,"supplier_sku":"XRPS-01","barcode":null,"atum_controlled":true,"out_stock_date":null,"out_stock_threshold":null,"inheritable":false,"inbound_stock":null,"stock_on_hold":0,"sold_today":0,"sales_last_days":0,"reserved_stock":null,"customer_returns":null,"warehouse_damage":null,"lost_in_post":null,"other_logs":null,"out_stock_days":0,"lost_sales":0,"has_location":null,"update_date":"2026-02-07T03:15:24","atum_locations":[],"atum_stock_status":"instock","restock_status":false,"low_stock_amount":"","sales_update_date":"2026-01-30T01:24:48","calc_backorders":null,"_links":{"self":[{"href":"https:\/\/aromasentia.com\/es\/wp-json\/wp\/v2\/product\/241870","targetHints":{"allow":["GET"]}}],"collection":[{"href":"https:\/\/aromasentia.com\/es\/wp-json\/wp\/v2\/product"}],"about":[{"href":"https:\/\/aromasentia.com\/es\/wp-json\/wp\/v2\/types\/product"}],"replies":[{"embeddable":true,"href":"https:\/\/aromasentia.com\/es\/wp-json\/wp\/v2\/comments?post=241870"}],"version-history":[{"count":0,"href":"https:\/\/aromasentia.com\/es\/wp-json\/wp\/v2\/product\/241870\/revisions"}],"wp:featuredmedia":[{"embeddable":true,"href":"https:\/\/aromasentia.com\/es\/wp-json\/wp\/v2\/media\/271269"}],"wp:attachment":[{"href":"https:\/\/aromasentia.com\/es\/wp-json\/wp\/v2\/media?parent=241870"}],"wp:term":[{"taxonomy":"product_brand","embeddable":true,"href":"https:\/\/aromasentia.com\/es\/wp-json\/wp\/v2\/product_brand?post=241870"},{"taxonomy":"product_cat","embeddable":true,"href":"https:\/\/aromasentia.com\/es\/wp-json\/wp\/v2\/product_cat?post=241870"},{"taxonomy":"product_tag","embeddable":true,"href":"https:\/\/aromasentia.com\/es\/wp-json\/wp\/v2\/product_tag?post=241870"}],"curies":[{"name":"wp","href":"https:\/\/api.w.org\/{rel}","templated":true}]}}