{"id":241710,"date":"2025-03-20T16:14:01","date_gmt":"2025-03-20T16:14:01","guid":{"rendered":"https:\/\/aromasentia.com\/product\/hand-body-cream-clementine-300ml\/"},"modified":"2025-05-31T20:12:02","modified_gmt":"2025-05-31T20:12:02","slug":"crema-para-manos-y-cuerpo-clementina-300ml","status":"publish","type":"product","link":"https:\/\/aromasentia.com\/es\/crema-para-manos-y-cuerpo-clementina-300ml\/","title":{"rendered":"Crema para Manos y Cuerpo &#8211; Clementina &#8211; 300ml"},"content":{"rendered":"<p>Ilumine su piel y su d\u00eda con nuestra Crema para Manos y Cuerpo Clementina. Esta alegre crema de 300 ml proporciona una hidrataci\u00f3n esencial a la vez que deleita sus sentidos con la maravillosa y dulce fragancia c\u00edtrica de las clementinas maduradas al sol. Su f\u00f3rmula rica pero no grasa deja la piel excepcionalmente suave, tersa y revitalizada. Perfecta para una dosis diaria de sol, esta crema proporciona una explosi\u00f3n de vibrante energ\u00eda y alegr\u00eda arom\u00e1tica, haciendo que su piel se sienta feliz y maravillosamente perfumada.<\/p>\n","protected":false},"excerpt":{"rendered":"<p>Ilumine su piel y su d\u00eda con nuestra Crema para Manos y Cuerpo Clementina. Esta alegre crema de 300 ml proporciona una hidrataci\u00f3n esencial a la vez que deleita sus sentidos con la maravillosa y dulce fragancia c\u00edtrica de las clementinas maduradas al sol. Su f\u00f3rmula rica pero no grasa deja la piel excepcionalmente suave, [&hellip;]<\/p>\n","protected":false},"featured_media":642347,"comment_status":"closed","ping_status":"open","template":"","meta":{"_angie_page":false},"product_brand":[27087],"product_cat":[19453,20992],"product_tag":[],"class_list":{"0":"post-241710","1":"product","2":"type-product","3":"status-publish","4":"has-post-thumbnail","6":"product_brand-agnes-and-cat","7":"product_cat-bano-y-ducha","8":"product_cat-cuidado-corporal","9":"pa_collection-agnescat-hand-body-cream-es","10":"pa_made-in-reino-unido","11":"pa_size-300ml","13":"first","14":"instock","15":"purchasable","16":"product-type-simple"},"supplier_id":null,"supplier_sku":"ACBC-01","barcode":null,"atum_controlled":true,"out_stock_date":null,"out_stock_threshold":null,"inheritable":false,"inbound_stock":0,"stock_on_hold":0,"sold_today":0,"sales_last_days":0,"reserved_stock":0,"customer_returns":0,"warehouse_damage":0,"lost_in_post":0,"other_logs":0,"out_stock_days":0,"lost_sales":0,"has_location":false,"update_date":"2026-04-27T06:49:08","atum_locations":[],"atum_stock_status":"instock","restock_status":false,"low_stock_amount":"","sales_update_date":"2025-10-09T03:22:29","calc_backorders":null,"_links":{"self":[{"href":"https:\/\/aromasentia.com\/es\/wp-json\/wp\/v2\/product\/241710","targetHints":{"allow":["GET"]}}],"collection":[{"href":"https:\/\/aromasentia.com\/es\/wp-json\/wp\/v2\/product"}],"about":[{"href":"https:\/\/aromasentia.com\/es\/wp-json\/wp\/v2\/types\/product"}],"replies":[{"embeddable":true,"href":"https:\/\/aromasentia.com\/es\/wp-json\/wp\/v2\/comments?post=241710"}],"version-history":[{"count":0,"href":"https:\/\/aromasentia.com\/es\/wp-json\/wp\/v2\/product\/241710\/revisions"}],"wp:featuredmedia":[{"embeddable":true,"href":"https:\/\/aromasentia.com\/es\/wp-json\/wp\/v2\/media\/642347"}],"wp:attachment":[{"href":"https:\/\/aromasentia.com\/es\/wp-json\/wp\/v2\/media?parent=241710"}],"wp:term":[{"taxonomy":"product_brand","embeddable":true,"href":"https:\/\/aromasentia.com\/es\/wp-json\/wp\/v2\/product_brand?post=241710"},{"taxonomy":"product_cat","embeddable":true,"href":"https:\/\/aromasentia.com\/es\/wp-json\/wp\/v2\/product_cat?post=241710"},{"taxonomy":"product_tag","embeddable":true,"href":"https:\/\/aromasentia.com\/es\/wp-json\/wp\/v2\/product_tag?post=241710"}],"curies":[{"name":"wp","href":"https:\/\/api.w.org\/{rel}","templated":true}]}}