{"id":241690,"date":"2025-03-20T16:14:01","date_gmt":"2025-03-20T16:14:01","guid":{"rendered":"https:\/\/aromasentia.com\/product\/hand-body-cream-provence-300ml\/"},"modified":"2025-05-31T20:11:41","modified_gmt":"2025-05-31T20:11:41","slug":"crema-para-manos-y-cuerpo-provenza-300ml","status":"publish","type":"product","link":"https:\/\/aromasentia.com\/es\/crema-para-manos-y-cuerpo-provenza-300ml\/","title":{"rendered":"Crema para Manos y Cuerpo &#8211; Provenza &#8211; 300ml"},"content":{"rendered":"<p>Transporte sus sentidos a los campos ba\u00f1ados por el sol de Francia con nuestra Crema para Manos y Cuerpo &#8211; Provenza. Esta lujosa crema de 300 ml nutre en profundidad su piel, dej\u00e1ndola suave, flexible y maravillosamente hidratada. Impregnada con el cl\u00e1sico y calmante aroma de la lavanda y las hierbas arom\u00e1ticas que recuerdan a la campi\u00f1a provenzal, calma tanto la piel como el esp\u00edritu. M\u00edmese a diario con esta f\u00f3rmula rica y no grasa para disfrutar de un momento de indulgencia tranquila y de una piel perfumada y suave al tacto.<\/p>\n","protected":false},"excerpt":{"rendered":"<p>Transporte sus sentidos a los campos ba\u00f1ados por el sol de Francia con nuestra Crema para Manos y Cuerpo &#8211; Provenza. Esta lujosa crema de 300 ml nutre en profundidad su piel, dej\u00e1ndola suave, flexible y maravillosamente hidratada. Impregnada con el cl\u00e1sico y calmante aroma de la lavanda y las hierbas arom\u00e1ticas que recuerdan a [&hellip;]<\/p>\n","protected":false},"featured_media":642307,"comment_status":"closed","ping_status":"open","template":"","meta":{"_angie_page":false},"product_brand":[27087],"product_cat":[19453,20992],"product_tag":[],"class_list":{"0":"post-241690","1":"product","2":"type-product","3":"status-publish","4":"has-post-thumbnail","6":"product_brand-agnes-and-cat","7":"product_cat-bano-y-ducha","8":"product_cat-cuidado-corporal","9":"pa_collection-agnescat-hand-body-cream-es","10":"pa_made-in-reino-unido","11":"pa_size-300ml","13":"first","14":"instock","15":"purchasable","16":"product-type-simple"},"supplier_id":null,"supplier_sku":"ACBC-06","barcode":null,"atum_controlled":true,"out_stock_date":null,"out_stock_threshold":null,"inheritable":false,"inbound_stock":null,"stock_on_hold":0,"sold_today":0,"sales_last_days":0,"reserved_stock":null,"customer_returns":null,"warehouse_damage":null,"lost_in_post":null,"other_logs":null,"out_stock_days":0,"lost_sales":0,"has_location":null,"update_date":"2026-04-27T06:49:08","atum_locations":[],"atum_stock_status":"instock","restock_status":false,"low_stock_amount":"","sales_update_date":"2025-10-09T03:22:30","calc_backorders":null,"_links":{"self":[{"href":"https:\/\/aromasentia.com\/es\/wp-json\/wp\/v2\/product\/241690","targetHints":{"allow":["GET"]}}],"collection":[{"href":"https:\/\/aromasentia.com\/es\/wp-json\/wp\/v2\/product"}],"about":[{"href":"https:\/\/aromasentia.com\/es\/wp-json\/wp\/v2\/types\/product"}],"replies":[{"embeddable":true,"href":"https:\/\/aromasentia.com\/es\/wp-json\/wp\/v2\/comments?post=241690"}],"version-history":[{"count":0,"href":"https:\/\/aromasentia.com\/es\/wp-json\/wp\/v2\/product\/241690\/revisions"}],"wp:featuredmedia":[{"embeddable":true,"href":"https:\/\/aromasentia.com\/es\/wp-json\/wp\/v2\/media\/642307"}],"wp:attachment":[{"href":"https:\/\/aromasentia.com\/es\/wp-json\/wp\/v2\/media?parent=241690"}],"wp:term":[{"taxonomy":"product_brand","embeddable":true,"href":"https:\/\/aromasentia.com\/es\/wp-json\/wp\/v2\/product_brand?post=241690"},{"taxonomy":"product_cat","embeddable":true,"href":"https:\/\/aromasentia.com\/es\/wp-json\/wp\/v2\/product_cat?post=241690"},{"taxonomy":"product_tag","embeddable":true,"href":"https:\/\/aromasentia.com\/es\/wp-json\/wp\/v2\/product_tag?post=241690"}],"curies":[{"name":"wp","href":"https:\/\/api.w.org\/{rel}","templated":true}]}}