{"id":241682,"date":"2025-03-20T16:15:57","date_gmt":"2025-03-20T16:15:57","guid":{"rendered":"https:\/\/aromasentia.com\/product\/agnes-cat-wellness-gift-set-moroccan-morning\/"},"modified":"2025-05-31T20:11:32","modified_gmt":"2025-05-31T20:11:32","slug":"set-de-regalo-de-agnes-cat-manana-marroqui","status":"publish","type":"product","link":"https:\/\/aromasentia.com\/es\/set-de-regalo-de-agnes-cat-manana-marroqui\/","title":{"rendered":"Set de Regalo de Agnes &#038; Cat  &#8211; Ma\u00f1ana Marroqu\u00ed"},"content":{"rendered":"<p>Ayuda a tus clientes a lucir y sentirse mejor con este set de bienestar especializado en el cuidado de la piel con el Set de regalo de Agnes &amp; Cat de ma\u00f1ana Marroqu\u00ed.&nbsp;<\/p>\n<p><strong>\u00bfQu\u00e9 incluye este set?<\/strong><\/p>\n<p>&#8211; 1 Jab\u00f3n artesanal de 140g con manteca de coco Marroqu\u00ed: su uso regular ayuda a hidratar, nutrir y equilibrar la piel.<\/p>\n<p>&#8211; 1 Champ\u00fa s\u00f3lido marroqu\u00ed: para una limpieza perfecta y respetuosa.<\/p>\n<p>&#8211; 1 B\u00e1lsamo Labial Espresso Martini: para hidratar los labios con un toque especial<\/p>\n<p>&nbsp;&#8211; 1 Roll On de Aceite Esencial Concentrado con 10ml, proporciona una sensaci\u00f3n de claridad mental.<\/p>\n<p><strong>\u00a1No dudes en revender los productos de Aroma Sentia Espa\u00f1a tus clientes disfrutar\u00e1n de una atm\u00f3sfera de paz y equilibrio en cualquier espacio.&nbsp;<\/strong><\/p>\n","protected":false},"excerpt":{"rendered":"<p>Ayuda a tus clientes a lucir y sentirse mejor con este set de bienestar especializado en el cuidado de la piel con el Set de regalo de Agnes &amp; Cat de ma\u00f1ana Marroqu\u00ed.&nbsp; \u00bfQu\u00e9 incluye este set? &#8211; 1 Jab\u00f3n artesanal de 140g con manteca de coco Marroqu\u00ed: su uso regular ayuda a hidratar, nutrir [&hellip;]<\/p>\n","protected":false},"featured_media":272314,"comment_status":"closed","ping_status":"open","template":"","meta":{"_angie_page":false},"product_brand":[27087],"product_cat":[19453],"product_tag":[],"class_list":{"0":"post-241682","1":"product","2":"type-product","3":"status-publish","4":"has-post-thumbnail","6":"product_brand-agnes-and-cat","7":"product_cat-bano-y-ducha","8":"pa_collection-agnes-cat-gift-sets-es","9":"pa_made-in-reino-unido","11":"first","12":"instock","13":"purchasable","14":"product-type-simple"},"supplier_id":null,"supplier_sku":"ACGS-03","barcode":null,"atum_controlled":true,"out_stock_date":null,"out_stock_threshold":null,"inheritable":false,"inbound_stock":null,"stock_on_hold":0,"sold_today":0,"sales_last_days":0,"reserved_stock":null,"customer_returns":null,"warehouse_damage":null,"lost_in_post":null,"other_logs":null,"out_stock_days":0,"lost_sales":0,"has_location":null,"update_date":"2026-04-27T06:49:16","atum_locations":[],"atum_stock_status":"instock","restock_status":false,"low_stock_amount":"","sales_update_date":"2026-01-30T01:24:56","calc_backorders":null,"_links":{"self":[{"href":"https:\/\/aromasentia.com\/es\/wp-json\/wp\/v2\/product\/241682","targetHints":{"allow":["GET"]}}],"collection":[{"href":"https:\/\/aromasentia.com\/es\/wp-json\/wp\/v2\/product"}],"about":[{"href":"https:\/\/aromasentia.com\/es\/wp-json\/wp\/v2\/types\/product"}],"replies":[{"embeddable":true,"href":"https:\/\/aromasentia.com\/es\/wp-json\/wp\/v2\/comments?post=241682"}],"version-history":[{"count":0,"href":"https:\/\/aromasentia.com\/es\/wp-json\/wp\/v2\/product\/241682\/revisions"}],"wp:featuredmedia":[{"embeddable":true,"href":"https:\/\/aromasentia.com\/es\/wp-json\/wp\/v2\/media\/272314"}],"wp:attachment":[{"href":"https:\/\/aromasentia.com\/es\/wp-json\/wp\/v2\/media?parent=241682"}],"wp:term":[{"taxonomy":"product_brand","embeddable":true,"href":"https:\/\/aromasentia.com\/es\/wp-json\/wp\/v2\/product_brand?post=241682"},{"taxonomy":"product_cat","embeddable":true,"href":"https:\/\/aromasentia.com\/es\/wp-json\/wp\/v2\/product_cat?post=241682"},{"taxonomy":"product_tag","embeddable":true,"href":"https:\/\/aromasentia.com\/es\/wp-json\/wp\/v2\/product_tag?post=241682"}],"curies":[{"name":"wp","href":"https:\/\/api.w.org\/{rel}","templated":true}]}}