{"id":241674,"date":"2025-03-20T16:15:57","date_gmt":"2025-03-20T16:15:57","guid":{"rendered":"https:\/\/aromasentia.com\/product\/agnes-cat-wellness-gift-set-bloom-bliss\/"},"modified":"2025-05-31T20:11:26","modified_gmt":"2025-05-31T20:11:26","slug":"set-de-regalo-de-agnes-cat-florecer-y-felicidad","status":"publish","type":"product","link":"https:\/\/aromasentia.com\/es\/set-de-regalo-de-agnes-cat-florecer-y-felicidad\/","title":{"rendered":"Set de Regalo de Agnes &#038; Cat &#8211; Florecer y Felicidad"},"content":{"rendered":"<p>El Set de Bienestar de Agnes &amp; Cat &#8211; Florecer &amp; Felicidad para revender en su tienda es una combinaci\u00f3n de productos de calidad que ofrecer\u00e1 a sus clientes un cuidad personal \u00fanico.&nbsp;<\/p>\n<p><strong>\u00bfQu\u00e9 incluye este set?<\/strong><\/p>\n<p><strong>&nbsp;1 Jab\u00f3n Artesanal de Flores Japonesas de la marca Agnes &amp; Cat<\/strong> de 140 gramos, adem\u00e1s cuenta con manteca de coco, que aportar\u00e1 una extra hidrataci\u00f3n a la piel de sus clientes, junto a una deliciosa fragancia de flores japonesa.<\/p>\n<p><strong>1 Champ\u00fa S\u00f3lido de Agnes &amp; Cat<\/strong> perfecto para un cabello suave e hidratado, con la misma fragancia envolvente que el jab\u00f3n artesanal.&nbsp;<\/p>\n<p><strong>1 B\u00e1lsamo labial&nbsp;<\/strong>que aportar\u00e1 la hidrataci\u00f3n diaria a sus clientes.&nbsp;<\/p>\n<p><strong>1 Roll-On de Aceite Esencial Felicidad (10ml)<\/strong> con aceites esenciales de menta verde, naranja y mirra.&nbsp;<\/p>\n<p><strong>Deleite a sus clientes con los set de bienestar de Aroma Sentia Espa\u00f1a y marque la diferencia!<\/strong><\/p>\n","protected":false},"excerpt":{"rendered":"<p>El Set de Bienestar de Agnes &amp; Cat &#8211; Florecer &amp; Felicidad para revender en su tienda es una combinaci\u00f3n de productos de calidad que ofrecer\u00e1 a sus clientes un cuidad personal \u00fanico.&nbsp; \u00bfQu\u00e9 incluye este set? &nbsp;1 Jab\u00f3n Artesanal de Flores Japonesas de la marca Agnes &amp; Cat de 140 gramos, adem\u00e1s cuenta con [&hellip;]<\/p>\n","protected":false},"featured_media":272240,"comment_status":"closed","ping_status":"open","template":"","meta":{"_angie_page":false},"product_brand":[27087],"product_cat":[19453],"product_tag":[],"class_list":{"0":"post-241674","1":"product","2":"type-product","3":"status-publish","4":"has-post-thumbnail","6":"product_brand-agnes-and-cat","7":"product_cat-bano-y-ducha","8":"pa_collection-agnes-cat-gift-sets-es","9":"pa_made-in-reino-unido","11":"first","12":"instock","13":"purchasable","14":"product-type-simple"},"supplier_id":null,"supplier_sku":"ACGS-01","barcode":null,"atum_controlled":true,"out_stock_date":null,"out_stock_threshold":null,"inheritable":false,"inbound_stock":null,"stock_on_hold":0,"sold_today":0,"sales_last_days":0,"reserved_stock":null,"customer_returns":null,"warehouse_damage":null,"lost_in_post":null,"other_logs":null,"out_stock_days":0,"lost_sales":0,"has_location":null,"update_date":"2026-04-27T06:49:16","atum_locations":[],"atum_stock_status":"instock","restock_status":false,"low_stock_amount":"","sales_update_date":"2026-01-30T01:24:37","calc_backorders":null,"_links":{"self":[{"href":"https:\/\/aromasentia.com\/es\/wp-json\/wp\/v2\/product\/241674","targetHints":{"allow":["GET"]}}],"collection":[{"href":"https:\/\/aromasentia.com\/es\/wp-json\/wp\/v2\/product"}],"about":[{"href":"https:\/\/aromasentia.com\/es\/wp-json\/wp\/v2\/types\/product"}],"replies":[{"embeddable":true,"href":"https:\/\/aromasentia.com\/es\/wp-json\/wp\/v2\/comments?post=241674"}],"version-history":[{"count":0,"href":"https:\/\/aromasentia.com\/es\/wp-json\/wp\/v2\/product\/241674\/revisions"}],"wp:featuredmedia":[{"embeddable":true,"href":"https:\/\/aromasentia.com\/es\/wp-json\/wp\/v2\/media\/272240"}],"wp:attachment":[{"href":"https:\/\/aromasentia.com\/es\/wp-json\/wp\/v2\/media?parent=241674"}],"wp:term":[{"taxonomy":"product_brand","embeddable":true,"href":"https:\/\/aromasentia.com\/es\/wp-json\/wp\/v2\/product_brand?post=241674"},{"taxonomy":"product_cat","embeddable":true,"href":"https:\/\/aromasentia.com\/es\/wp-json\/wp\/v2\/product_cat?post=241674"},{"taxonomy":"product_tag","embeddable":true,"href":"https:\/\/aromasentia.com\/es\/wp-json\/wp\/v2\/product_tag?post=241674"}],"curies":[{"name":"wp","href":"https:\/\/api.w.org\/{rel}","templated":true}]}}