{"id":241662,"date":"2025-03-20T16:15:57","date_gmt":"2025-03-20T16:15:57","guid":{"rendered":"https:\/\/aromasentia.com\/product\/gift-box-parma-violet-candle-seasalt-and-moss-dolly-blue-fizz\/"},"modified":"2025-05-31T20:11:10","modified_gmt":"2025-05-31T20:11:10","slug":"set-de-regalo-bombas-de-bano-sal-marina-y-musgo-dolly-azul-vela-de-violeta-de-parma","status":"publish","type":"product","link":"https:\/\/aromasentia.com\/es\/set-de-regalo-bombas-de-bano-sal-marina-y-musgo-dolly-azul-vela-de-violeta-de-parma\/","title":{"rendered":"Set de Regalo: Bombas de Ba\u00f1o Sal Marina y Musgo &#038; Dolly Azul + Vela de Violeta de Parma"},"content":{"rendered":"<p style=\"text-align: left;\">Revende el producto perfecto para cualquier ocasi\u00f3n en su tienda Este set de regalo de Agnest and Cat contiene 2 Bombas de Ba\u00f1o y una vela.&nbsp;<\/p>\n<p><strong>Las Bombas de Ba\u00f1o son de sal marina &amp; musgo y Dolly Azul, adem\u00e1s cuenta con la vela Violeta de Parma.<\/strong><\/p>\n<p style=\"text-align: left;\">Las Bombas de Ba\u00f1o contienen manteca de coco y la vela es de cera natural. Tenga en cuenta que las Bombas de Ba\u00f1o han sido elaboradas artesanalmente.<\/p>\n<p style=\"text-align: left;\"><strong>\u00a1Incorpore en su tienda estos set premium para que sus clientes puedan disfrutar de productos de calidad!<\/strong><\/p>\n","protected":false},"excerpt":{"rendered":"<p>Revende el producto perfecto para cualquier ocasi\u00f3n en su tienda Este set de regalo de Agnest and Cat contiene 2 Bombas de Ba\u00f1o y una vela.&nbsp; Las Bombas de Ba\u00f1o son de sal marina &amp; musgo y Dolly Azul, adem\u00e1s cuenta con la vela Violeta de Parma. Las Bombas de Ba\u00f1o contienen manteca de coco [&hellip;]<\/p>\n","protected":false},"featured_media":272093,"comment_status":"closed","ping_status":"open","template":"","meta":[],"product_brand":[27087],"product_cat":[25844,19453,20515,20516,19996],"product_tag":[],"class_list":{"0":"post-241662","1":"product","2":"type-product","3":"status-publish","4":"has-post-thumbnail","6":"product_brand-agnes-and-cat","7":"product_cat-aromas","8":"product_cat-bano-y-ducha","9":"product_cat-bombas-de-bano","10":"product_cat-packs-regalo","11":"product_cat-velas-aromaticas","12":"pa_collection-agnescat-gift-boxes-es","13":"pa_made-in-reino-unido","15":"first","16":"instock","17":"purchasable","18":"product-type-simple"},"supplier_id":null,"supplier_sku":"ACGP-04","barcode":null,"atum_controlled":true,"out_stock_date":null,"out_stock_threshold":null,"inheritable":false,"inbound_stock":0,"stock_on_hold":0,"sold_today":0,"sales_last_days":0,"reserved_stock":0,"customer_returns":0,"warehouse_damage":0,"lost_in_post":0,"other_logs":0,"out_stock_days":0,"lost_sales":0,"has_location":false,"update_date":"2026-01-30T01:26:29","atum_locations":[],"atum_stock_status":"instock","restock_status":false,"low_stock_amount":"","sales_update_date":"2026-01-30T01:26:29","calc_backorders":null,"_links":{"self":[{"href":"https:\/\/aromasentia.com\/es\/wp-json\/wp\/v2\/product\/241662","targetHints":{"allow":["GET"]}}],"collection":[{"href":"https:\/\/aromasentia.com\/es\/wp-json\/wp\/v2\/product"}],"about":[{"href":"https:\/\/aromasentia.com\/es\/wp-json\/wp\/v2\/types\/product"}],"replies":[{"embeddable":true,"href":"https:\/\/aromasentia.com\/es\/wp-json\/wp\/v2\/comments?post=241662"}],"version-history":[{"count":0,"href":"https:\/\/aromasentia.com\/es\/wp-json\/wp\/v2\/product\/241662\/revisions"}],"wp:featuredmedia":[{"embeddable":true,"href":"https:\/\/aromasentia.com\/es\/wp-json\/wp\/v2\/media\/272093"}],"wp:attachment":[{"href":"https:\/\/aromasentia.com\/es\/wp-json\/wp\/v2\/media?parent=241662"}],"wp:term":[{"taxonomy":"product_brand","embeddable":true,"href":"https:\/\/aromasentia.com\/es\/wp-json\/wp\/v2\/product_brand?post=241662"},{"taxonomy":"product_cat","embeddable":true,"href":"https:\/\/aromasentia.com\/es\/wp-json\/wp\/v2\/product_cat?post=241662"},{"taxonomy":"product_tag","embeddable":true,"href":"https:\/\/aromasentia.com\/es\/wp-json\/wp\/v2\/product_tag?post=241662"}],"curies":[{"name":"wp","href":"https:\/\/api.w.org\/{rel}","templated":true}]}}