{"id":241650,"date":"2025-03-20T16:15:57","date_gmt":"2025-03-20T16:15:57","guid":{"rendered":"https:\/\/aromasentia.com\/product\/gift-box-rhubarb-candle-white-fig-fell-berry-fizz\/"},"modified":"2025-05-31T20:10:48","modified_gmt":"2025-05-31T20:10:48","slug":"set-de-regalo-bomba-de-bano-de-higo-blanco-arandano-silvestre-vela-de-ruibarbo","status":"publish","type":"product","link":"https:\/\/aromasentia.com\/es\/set-de-regalo-bomba-de-bano-de-higo-blanco-arandano-silvestre-vela-de-ruibarbo\/","title":{"rendered":"Set de Regalo: Bomba de ba\u00f1o de Higo blanco &#038; Ar\u00e1ndano silvestre  + Vela de Ruibarbo"},"content":{"rendered":"<p style=\"text-align: left;\">Descubre el set perfecto para revender en su tienda. Este set de regalo de Agnest and Cat contiene 2 Bombas de Ba\u00f1o y una vela.&nbsp;<\/p>\n<p style=\"text-align: left;\">Las Bombas de Ba\u00f1o son de Higo blanco (efervescente) + Ar\u00e1ndano silvestre (efervescente) y la vela es de Ruibarbo<\/p>\n<p style=\"text-align: left;\">Las Bombas de Ba\u00f1o contienen manteca de coco y la vela es de cera natural. Tenga en cuenta que las Bombas de Ba\u00f1o han sido elaboradas artesanalmente.<\/p>\n<p style=\"text-align: left;\"><strong>\u00a1Revenda en su tienda productos de calidad y enamore a sus clientes!<\/strong><\/p>\n","protected":false},"excerpt":{"rendered":"<p>Descubre el set perfecto para revender en su tienda. Este set de regalo de Agnest and Cat contiene 2 Bombas de Ba\u00f1o y una vela.&nbsp; Las Bombas de Ba\u00f1o son de Higo blanco (efervescente) + Ar\u00e1ndano silvestre (efervescente) y la vela es de Ruibarbo Las Bombas de Ba\u00f1o contienen manteca de coco y la vela [&hellip;]<\/p>\n","protected":false},"featured_media":271946,"comment_status":"closed","ping_status":"open","template":"","meta":[],"product_brand":[27087],"product_cat":[25844,19453,20515,20516,19996],"product_tag":[],"class_list":{"0":"post-241650","1":"product","2":"type-product","3":"status-publish","4":"has-post-thumbnail","6":"product_brand-agnes-and-cat","7":"product_cat-aromas","8":"product_cat-bano-y-ducha","9":"product_cat-bombas-de-bano","10":"product_cat-packs-regalo","11":"product_cat-velas-aromaticas","12":"pa_collection-agnescat-gift-boxes-es","13":"pa_made-in-reino-unido","15":"first","16":"outofstock","17":"purchasable","18":"product-type-simple"},"supplier_id":null,"supplier_sku":"ACGP-01","barcode":null,"atum_controlled":true,"out_stock_date":"2025-12-15 11:35:28","out_stock_threshold":null,"inheritable":false,"inbound_stock":null,"stock_on_hold":0,"sold_today":0,"sales_last_days":0,"reserved_stock":null,"customer_returns":null,"warehouse_damage":null,"lost_in_post":null,"other_logs":null,"out_stock_days":45,"lost_sales":0,"has_location":null,"update_date":"2026-01-30T01:26:29","atum_locations":[],"atum_stock_status":"outofstock","restock_status":false,"low_stock_amount":"","sales_update_date":"2026-01-30T01:26:29","calc_backorders":null,"_links":{"self":[{"href":"https:\/\/aromasentia.com\/es\/wp-json\/wp\/v2\/product\/241650","targetHints":{"allow":["GET"]}}],"collection":[{"href":"https:\/\/aromasentia.com\/es\/wp-json\/wp\/v2\/product"}],"about":[{"href":"https:\/\/aromasentia.com\/es\/wp-json\/wp\/v2\/types\/product"}],"replies":[{"embeddable":true,"href":"https:\/\/aromasentia.com\/es\/wp-json\/wp\/v2\/comments?post=241650"}],"version-history":[{"count":0,"href":"https:\/\/aromasentia.com\/es\/wp-json\/wp\/v2\/product\/241650\/revisions"}],"wp:featuredmedia":[{"embeddable":true,"href":"https:\/\/aromasentia.com\/es\/wp-json\/wp\/v2\/media\/271946"}],"wp:attachment":[{"href":"https:\/\/aromasentia.com\/es\/wp-json\/wp\/v2\/media?parent=241650"}],"wp:term":[{"taxonomy":"product_brand","embeddable":true,"href":"https:\/\/aromasentia.com\/es\/wp-json\/wp\/v2\/product_brand?post=241650"},{"taxonomy":"product_cat","embeddable":true,"href":"https:\/\/aromasentia.com\/es\/wp-json\/wp\/v2\/product_cat?post=241650"},{"taxonomy":"product_tag","embeddable":true,"href":"https:\/\/aromasentia.com\/es\/wp-json\/wp\/v2\/product_tag?post=241650"}],"curies":[{"name":"wp","href":"https:\/\/api.w.org\/{rel}","templated":true}]}}