{"id":241534,"date":"2025-03-20T16:17:26","date_gmt":"2025-03-20T16:17:26","guid":{"rendered":"https:\/\/aromasentia.com\/product\/agnes-cat-fragrance-gift-set-moroccan\/"},"modified":"2025-05-31T20:08:03","modified_gmt":"2025-05-31T20:08:03","slug":"set-de-regalo-de-agnes-cat-marroqui","status":"publish","type":"product","link":"https:\/\/aromasentia.com\/es\/set-de-regalo-de-agnes-cat-marroqui\/","title":{"rendered":"Set de Regalo de Agnes &#038; Cat &#8211; Marroqu\u00ed"},"content":{"rendered":"<p>Haz que tus clientes vivan una experiencia arom\u00e1tica \u00fanica con el set de Agnes &amp; Cat de Aroma Sentia Espa\u00f1a, estilo Marroqu\u00ed.<\/p>\n<p><strong>\u00bfQu\u00e9 incluye este set?<\/strong><\/p>\n<p>&nbsp;1 Quemador de Aceite A&amp;C: una nueva forma de aromatizar espacios y decorarlos al mismo tiempo, cuenta \u00a1con un dise\u00f1o est\u00e9tico para la venta!<\/p>\n<p>&nbsp;4 Ceras Arom\u00e1ticas A&amp;C Marroqu\u00ed: ofrecer\u00e1n una fragancia ex\u00f3tica, inspirada en los aromas m\u00e1s t\u00edpicos de marruecos.<\/p>\n<p>1 Vela de t\u00e9: las velas de t\u00e9, combinadas con los aromas marroqu\u00edes y su luz suave, pueden crean una atm\u00f3sfera perfecta para conectar con uno mismo. como disfrutar de un buen libro, una taza de t\u00e9 o simplemente relajarse despu\u00e9s de un d\u00eda largo.&nbsp;<\/p>\n<p><strong>\u00a1Ofrezca en su tienda set de regalos listos para regalar, para que sus clientes puedan regalar un momento de relajaci\u00f3n a sus seres queridos!<\/strong><\/p>\n","protected":false},"excerpt":{"rendered":"<p>Haz que tus clientes vivan una experiencia arom\u00e1tica \u00fanica con el set de Agnes &amp; Cat de Aroma Sentia Espa\u00f1a, estilo Marroqu\u00ed. \u00bfQu\u00e9 incluye este set? &nbsp;1 Quemador de Aceite A&amp;C: una nueva forma de aromatizar espacios y decorarlos al mismo tiempo, cuenta \u00a1con un dise\u00f1o est\u00e9tico para la venta! &nbsp;4 Ceras Arom\u00e1ticas A&amp;C Marroqu\u00ed: [&hellip;]<\/p>\n","protected":false},"featured_media":272389,"comment_status":"closed","ping_status":"open","template":"","meta":{"_angie_page":false},"product_brand":[27087],"product_cat":[19453],"product_tag":[],"class_list":{"0":"post-241534","1":"product","2":"type-product","3":"status-publish","4":"has-post-thumbnail","6":"product_brand-agnes-and-cat","7":"product_cat-bano-y-ducha","8":"pa_collection-agnes-cat-gift-sets-es","9":"pa_made-in-reino-unido","11":"first","12":"instock","13":"purchasable","14":"product-type-simple"},"supplier_id":null,"supplier_sku":"ACGS-06","barcode":null,"atum_controlled":true,"out_stock_date":null,"out_stock_threshold":null,"inheritable":false,"inbound_stock":0,"stock_on_hold":0,"sold_today":0,"sales_last_days":0,"reserved_stock":0,"customer_returns":0,"warehouse_damage":0,"lost_in_post":0,"other_logs":0,"out_stock_days":0,"lost_sales":0,"has_location":false,"update_date":"2026-04-27T06:49:21","atum_locations":[],"atum_stock_status":"instock","restock_status":false,"low_stock_amount":"","sales_update_date":"2026-01-20T05:14:26","calc_backorders":null,"_links":{"self":[{"href":"https:\/\/aromasentia.com\/es\/wp-json\/wp\/v2\/product\/241534","targetHints":{"allow":["GET"]}}],"collection":[{"href":"https:\/\/aromasentia.com\/es\/wp-json\/wp\/v2\/product"}],"about":[{"href":"https:\/\/aromasentia.com\/es\/wp-json\/wp\/v2\/types\/product"}],"replies":[{"embeddable":true,"href":"https:\/\/aromasentia.com\/es\/wp-json\/wp\/v2\/comments?post=241534"}],"version-history":[{"count":0,"href":"https:\/\/aromasentia.com\/es\/wp-json\/wp\/v2\/product\/241534\/revisions"}],"wp:featuredmedia":[{"embeddable":true,"href":"https:\/\/aromasentia.com\/es\/wp-json\/wp\/v2\/media\/272389"}],"wp:attachment":[{"href":"https:\/\/aromasentia.com\/es\/wp-json\/wp\/v2\/media?parent=241534"}],"wp:term":[{"taxonomy":"product_brand","embeddable":true,"href":"https:\/\/aromasentia.com\/es\/wp-json\/wp\/v2\/product_brand?post=241534"},{"taxonomy":"product_cat","embeddable":true,"href":"https:\/\/aromasentia.com\/es\/wp-json\/wp\/v2\/product_cat?post=241534"},{"taxonomy":"product_tag","embeddable":true,"href":"https:\/\/aromasentia.com\/es\/wp-json\/wp\/v2\/product_tag?post=241534"}],"curies":[{"name":"wp","href":"https:\/\/api.w.org\/{rel}","templated":true}]}}