{"id":241530,"date":"2025-03-20T16:17:26","date_gmt":"2025-03-20T16:17:26","guid":{"rendered":"https:\/\/aromasentia.com\/product\/agnes-cat-fragrance-gift-set-windemere\/"},"modified":"2025-05-31T20:08:00","modified_gmt":"2025-05-31T20:08:00","slug":"set-de-regalo-de-agnes-cat-windemere","status":"publish","type":"product","link":"https:\/\/aromasentia.com\/es\/set-de-regalo-de-agnes-cat-windemere\/","title":{"rendered":"Set de Regalo de Agnes &#038; Cat  &#8211; Windemere"},"content":{"rendered":"<p>Agrega a tu tienda el set de regalo de Agnes &amp; Cat de Aroma Sentia Espa\u00f1a de &nbsp;t\u00e9 y rosas y sorprenda a sus clientes.&nbsp;<\/p>\n<p><strong>\u00bfQu\u00e9 incluye este set?&nbsp;<\/strong><\/p>\n<p>&nbsp;1 Quemador de Aceite Agnes &amp; Cat: un producto con dise\u00f1o elegante y funcional, ideal para difundir fragancias en los espacios donde los coloques.<\/p>\n<p>4 Ceras Arom\u00e1ticas Agnes &amp; Cat de Vineyard, el aroma de estas ceras arom\u00e1ticas aportar\u00e1 una sensaci\u00f3n refrescante ideal para crear espacios tranquilos y armoniosos, inspirado &nbsp;en las tranquilas aguas del lago Windermere.&nbsp;<\/p>\n<p>1 Vela de Te: que aportar\u00e1 una luz tenue para iluminar zonas en concreto y aportar al ambiente un toque de encanto.<\/p>\n<p><strong>Este set incluye todo lo necesario para un ambiente relajante. Ideal para tiendas boutique que buscan ofrecer a sus clientes algo especial y \u00fanico.&nbsp;<\/strong><\/p>\n","protected":false},"excerpt":{"rendered":"<p>Agrega a tu tienda el set de regalo de Agnes &amp; Cat de Aroma Sentia Espa\u00f1a de &nbsp;t\u00e9 y rosas y sorprenda a sus clientes.&nbsp; \u00bfQu\u00e9 incluye este set?&nbsp; &nbsp;1 Quemador de Aceite Agnes &amp; Cat: un producto con dise\u00f1o elegante y funcional, ideal para difundir fragancias en los espacios donde los coloques. 4 Ceras [&hellip;]<\/p>\n","protected":false},"featured_media":272372,"comment_status":"closed","ping_status":"open","template":"","meta":{"_angie_page":false},"product_brand":[27087],"product_cat":[19453],"product_tag":[],"class_list":{"0":"post-241530","1":"product","2":"type-product","3":"status-publish","4":"has-post-thumbnail","6":"product_brand-agnes-and-cat","7":"product_cat-bano-y-ducha","8":"pa_collection-agnes-cat-gift-sets-es","9":"pa_made-in-reino-unido","11":"first","12":"instock","13":"purchasable","14":"product-type-simple"},"supplier_id":null,"supplier_sku":"ACGS-05","barcode":null,"atum_controlled":true,"out_stock_date":null,"out_stock_threshold":null,"inheritable":false,"inbound_stock":null,"stock_on_hold":0,"sold_today":0,"sales_last_days":0,"reserved_stock":null,"customer_returns":null,"warehouse_damage":null,"lost_in_post":null,"other_logs":null,"out_stock_days":0,"lost_sales":0,"has_location":null,"update_date":"2026-05-04T00:02:48","atum_locations":[],"atum_stock_status":"instock","restock_status":false,"low_stock_amount":"","sales_update_date":"2026-01-30T01:26:18","calc_backorders":null,"_links":{"self":[{"href":"https:\/\/aromasentia.com\/es\/wp-json\/wp\/v2\/product\/241530","targetHints":{"allow":["GET"]}}],"collection":[{"href":"https:\/\/aromasentia.com\/es\/wp-json\/wp\/v2\/product"}],"about":[{"href":"https:\/\/aromasentia.com\/es\/wp-json\/wp\/v2\/types\/product"}],"replies":[{"embeddable":true,"href":"https:\/\/aromasentia.com\/es\/wp-json\/wp\/v2\/comments?post=241530"}],"version-history":[{"count":0,"href":"https:\/\/aromasentia.com\/es\/wp-json\/wp\/v2\/product\/241530\/revisions"}],"wp:featuredmedia":[{"embeddable":true,"href":"https:\/\/aromasentia.com\/es\/wp-json\/wp\/v2\/media\/272372"}],"wp:attachment":[{"href":"https:\/\/aromasentia.com\/es\/wp-json\/wp\/v2\/media?parent=241530"}],"wp:term":[{"taxonomy":"product_brand","embeddable":true,"href":"https:\/\/aromasentia.com\/es\/wp-json\/wp\/v2\/product_brand?post=241530"},{"taxonomy":"product_cat","embeddable":true,"href":"https:\/\/aromasentia.com\/es\/wp-json\/wp\/v2\/product_cat?post=241530"},{"taxonomy":"product_tag","embeddable":true,"href":"https:\/\/aromasentia.com\/es\/wp-json\/wp\/v2\/product_tag?post=241530"}],"curies":[{"name":"wp","href":"https:\/\/api.w.org\/{rel}","templated":true}]}}