{"id":241526,"date":"2025-03-20T16:17:26","date_gmt":"2025-03-20T16:17:26","guid":{"rendered":"https:\/\/aromasentia.com\/product\/agnes-cat-fragrance-gift-set-tea-roses\/"},"modified":"2025-05-31T20:07:57","modified_gmt":"2025-05-31T20:07:57","slug":"set-de-regalo-de-agnes-cat-te-rosas","status":"publish","type":"product","link":"https:\/\/aromasentia.com\/es\/set-de-regalo-de-agnes-cat-te-rosas\/","title":{"rendered":"Set de Regalo de Agnes &#038; Cat  &#8211; T\u00e9 &#038; rosas"},"content":{"rendered":"<p>Deleite a sus clientes con el set de bienestar Agnes &amp; Cat &#8211; T\u00e9 y rosas de Aroma Sentia Espa\u00f1a para revender en su tienda a clientes que buscan un toque de relajaci\u00f3n.&nbsp;<\/p>\n<p><strong>\u00bfQu\u00e9 incluye este set?<\/strong><\/p>\n<p>&nbsp;1 Quemador de Aceite Agnes &amp; Cat: &nbsp;incluido en el set est\u00e1 dise\u00f1ado con una est\u00e9tica simple pero elegante. Hecho para complementar perfectamente la vela de t\u00e9.<\/p>\n<p>4 Ceras Arom\u00e1ticas Anges &amp; Cat de t\u00e9 + rosas: perfectas para crear una atm\u00f3sfera tranquila, ayudando a promover la relajaci\u00f3n y el bienestar.<\/p>\n<p>1 Vela de t\u00e9: su luz suave junto a la suave fragancia, permiten relajar la mente, ideales para momentos de meditaci\u00f3n o descanso.&nbsp;<\/p>\n<p>Este set es perfecto para spas, boutiques y tiendas de regalos que buscan productos \u00fanicos para sus clientes.<\/p>\n","protected":false},"excerpt":{"rendered":"<p>Deleite a sus clientes con el set de bienestar Agnes &amp; Cat &#8211; T\u00e9 y rosas de Aroma Sentia Espa\u00f1a para revender en su tienda a clientes que buscan un toque de relajaci\u00f3n.&nbsp; \u00bfQu\u00e9 incluye este set? &nbsp;1 Quemador de Aceite Agnes &amp; Cat: &nbsp;incluido en el set est\u00e1 dise\u00f1ado con una est\u00e9tica simple pero [&hellip;]<\/p>\n","protected":false},"featured_media":272339,"comment_status":"closed","ping_status":"open","template":"","meta":{"_angie_page":false},"product_brand":[27087],"product_cat":[25844,19453,26835,26367],"product_tag":[],"class_list":{"0":"post-241526","1":"product","2":"type-product","3":"status-publish","4":"has-post-thumbnail","6":"product_brand-agnes-and-cat","7":"product_cat-aromas","8":"product_cat-bano-y-ducha","9":"product_cat-floral","10":"product_cat-rosa","11":"pa_collection-agnes-cat-gift-sets-es","12":"pa_made-in-reino-unido","14":"first","15":"instock","16":"purchasable","17":"product-type-simple"},"supplier_id":null,"supplier_sku":"ACGS-04","barcode":null,"atum_controlled":true,"out_stock_date":null,"out_stock_threshold":null,"inheritable":false,"inbound_stock":null,"stock_on_hold":0,"sold_today":0,"sales_last_days":0,"reserved_stock":null,"customer_returns":null,"warehouse_damage":null,"lost_in_post":null,"other_logs":null,"out_stock_days":0,"lost_sales":0,"has_location":null,"update_date":"2026-04-27T06:49:16","atum_locations":[],"atum_stock_status":"instock","restock_status":false,"low_stock_amount":"","sales_update_date":"2026-01-20T05:14:32","calc_backorders":null,"_links":{"self":[{"href":"https:\/\/aromasentia.com\/es\/wp-json\/wp\/v2\/product\/241526","targetHints":{"allow":["GET"]}}],"collection":[{"href":"https:\/\/aromasentia.com\/es\/wp-json\/wp\/v2\/product"}],"about":[{"href":"https:\/\/aromasentia.com\/es\/wp-json\/wp\/v2\/types\/product"}],"replies":[{"embeddable":true,"href":"https:\/\/aromasentia.com\/es\/wp-json\/wp\/v2\/comments?post=241526"}],"version-history":[{"count":0,"href":"https:\/\/aromasentia.com\/es\/wp-json\/wp\/v2\/product\/241526\/revisions"}],"wp:featuredmedia":[{"embeddable":true,"href":"https:\/\/aromasentia.com\/es\/wp-json\/wp\/v2\/media\/272339"}],"wp:attachment":[{"href":"https:\/\/aromasentia.com\/es\/wp-json\/wp\/v2\/media?parent=241526"}],"wp:term":[{"taxonomy":"product_brand","embeddable":true,"href":"https:\/\/aromasentia.com\/es\/wp-json\/wp\/v2\/product_brand?post=241526"},{"taxonomy":"product_cat","embeddable":true,"href":"https:\/\/aromasentia.com\/es\/wp-json\/wp\/v2\/product_cat?post=241526"},{"taxonomy":"product_tag","embeddable":true,"href":"https:\/\/aromasentia.com\/es\/wp-json\/wp\/v2\/product_tag?post=241526"}],"curies":[{"name":"wp","href":"https:\/\/api.w.org\/{rel}","templated":true}]}}