{"id":241518,"date":"2025-03-20T16:17:57","date_gmt":"2025-03-20T16:17:57","guid":{"rendered":"https:\/\/aromasentia.com\/product\/pack-of-500g-bath-salt-tea-tree-lime\/"},"modified":"2025-06-28T22:23:43","modified_gmt":"2025-06-28T22:23:43","slug":"arbol-de-te-y-lima-paquete-de-sal-de-bano-500g","status":"publish","type":"product","link":"https:\/\/aromasentia.com\/es\/arbol-de-te-y-lima-paquete-de-sal-de-bano-500g\/","title":{"rendered":"\u00c1rbol de T\u00e9 y Lima Paquete de Sal de Ba\u00f1o 500g"},"content":{"rendered":"<p><span style=\"color: rgb(75, 80, 88);\">Introducing UnScented <strong>Himalayan Tea Tree &amp; Lime Bath Salt&nbsp;<\/strong><strong>!<\/strong><\/span><\/p>\n<p><span style=\"color: rgb(75, 80, 88);\"><strong>Elevate Your Bathing Experience:<\/strong><\/span><\/p>\n<p><span style=\"color: rgb(75, 80, 88);\">Immerse yourself in the pure essence of Himalayan salt, enriched with 100% pure Tea Tree and Lime Essential Oils, complemented by Evening Primrose Oil.<\/span><\/p>\n<p><span style=\"color: rgb(75, 80, 88);\"><strong>Refresh and Recharge:<\/strong><\/span><\/p>\n<p><span style=\"color: rgb(75, 80, 88);\">Let the invigorating scent of Tea Tree and Lime essential oils clear your mind and recharge your energy as you soak in the tub. Tea Tree oil&#39;s antibacterial and anti-inflammatory properties may contribute to maintaining clear, healthy-looking skin.<\/span><\/p>\n<p><span style=\"color: rgb(75, 80, 88);\"><strong>Embrace the Uplifting Aromatherapy:<\/strong><\/span><\/p>\n<p><span style=\"color: rgb(75, 80, 88);\">Allow the mood-lifting aroma to lift your spirits and rejuvenate your senses, creating a revitalizing bathing experience.<\/span><\/p>\n<p><span style=\"color: rgb(75, 80, 88);\"><strong>A Timeless Tradition:<\/strong><\/span><\/p>\n<p><span style=\"color: rgb(75, 80, 88);\">Embrace the ancient wisdom of salt baths, cherished for their remarkable health benefits since the days of ancient Greece. &nbsp;The <strong>500g bags<\/strong> of bath salts come elegantly packaged in a box, complete with a convenient wooden scoop for precise measurements, making them a thoughtful gift for any occasion.<\/span><\/p>\n<p><span style=\"color: rgb(75, 80, 88);\"><strong>Simple Indulgence:<\/strong><\/span><\/p>\n<p><span style=\"color: rgb(75, 80, 88);\">Achieve a spa-like experience in the comfort of your own home. <strong>Just add two scoops of our bath salts to your bath, allow them to dissolve, and let the relaxation begin.<\/strong><\/span><\/p>\n<p><span style=\"color: rgb(75, 80, 88);\"><strong>Eco-Conscious Note:<\/strong><\/span><\/p>\n<p><span style=\"color: rgb(75, 80, 88);\">Please be aware that while we strive to provide quality products, the bag inside the box containing the salts is made of plastic, making this product <strong>not entirely plastic-free.<\/strong><\/span><\/p>\n<p><span style=\"color: rgb(75, 80, 88);\">Elevate your self-care routine with our <strong>Energizing Tea Tree &amp; Lime Bath Salt Blend.<\/strong><\/span> <\/p>\n<p><span style=\"color: rgb(75, 80, 88);\"><strong>Embark on a journey to healthier, more radiant skin.<\/strong><\/span><\/p>\n","protected":false},"excerpt":{"rendered":"<p>Introducing UnScented Himalayan Tea Tree &amp; Lime Bath Salt&nbsp;! Elevate Your Bathing Experience: Immerse yourself in the pure essence of Himalayan salt, enriched with 100% pure Tea Tree and Lime Essential Oils, complemented by Evening Primrose Oil. Refresh and Recharge: Let the invigorating scent of Tea Tree and Lime essential oils clear your mind and [&hellip;]<\/p>\n","protected":false},"featured_media":272865,"comment_status":"closed","ping_status":"open","template":"","meta":{"_angie_page":false},"product_brand":[27087],"product_cat":[26410,25844,19453,26821,26258,26870,20685],"product_tag":[],"class_list":{"0":"post-241518","1":"product","2":"type-product","3":"status-publish","4":"has-post-thumbnail","6":"product_brand-agnes-and-cat","7":"product_cat-arbol-de-te","8":"product_cat-aromas","9":"product_cat-bano-y-ducha","10":"product_cat-citrico","11":"product_cat-lima","12":"product_cat-medicinal-alcanforado","13":"product_cat-sales-de-bano","14":"pa_collection-ac-bath-salts-500g-es","15":"pa_made-in-reino-unido","16":"pa_size-500g","18":"first","19":"instock","20":"purchasable","21":"product-type-simple"},"supplier_id":null,"supplier_sku":"ACSalt-08DS","barcode":null,"atum_controlled":true,"out_stock_date":null,"out_stock_threshold":null,"inheritable":false,"inbound_stock":null,"stock_on_hold":0,"sold_today":0,"sales_last_days":0,"reserved_stock":null,"customer_returns":null,"warehouse_damage":null,"lost_in_post":null,"other_logs":null,"out_stock_days":0,"lost_sales":0,"has_location":null,"update_date":"2026-04-29T05:08:47","atum_locations":[],"atum_stock_status":"instock","restock_status":false,"low_stock_amount":"","sales_update_date":"2025-10-09T03:23:09","calc_backorders":null,"_links":{"self":[{"href":"https:\/\/aromasentia.com\/es\/wp-json\/wp\/v2\/product\/241518","targetHints":{"allow":["GET"]}}],"collection":[{"href":"https:\/\/aromasentia.com\/es\/wp-json\/wp\/v2\/product"}],"about":[{"href":"https:\/\/aromasentia.com\/es\/wp-json\/wp\/v2\/types\/product"}],"replies":[{"embeddable":true,"href":"https:\/\/aromasentia.com\/es\/wp-json\/wp\/v2\/comments?post=241518"}],"version-history":[{"count":0,"href":"https:\/\/aromasentia.com\/es\/wp-json\/wp\/v2\/product\/241518\/revisions"}],"wp:featuredmedia":[{"embeddable":true,"href":"https:\/\/aromasentia.com\/es\/wp-json\/wp\/v2\/media\/272865"}],"wp:attachment":[{"href":"https:\/\/aromasentia.com\/es\/wp-json\/wp\/v2\/media?parent=241518"}],"wp:term":[{"taxonomy":"product_brand","embeddable":true,"href":"https:\/\/aromasentia.com\/es\/wp-json\/wp\/v2\/product_brand?post=241518"},{"taxonomy":"product_cat","embeddable":true,"href":"https:\/\/aromasentia.com\/es\/wp-json\/wp\/v2\/product_cat?post=241518"},{"taxonomy":"product_tag","embeddable":true,"href":"https:\/\/aromasentia.com\/es\/wp-json\/wp\/v2\/product_tag?post=241518"}],"curies":[{"name":"wp","href":"https:\/\/api.w.org\/{rel}","templated":true}]}}