{"id":241390,"date":"2025-03-20T16:18:52","date_gmt":"2025-03-20T16:18:52","guid":{"rendered":"https:\/\/aromasentia.com\/product\/moroccan-roll-solid-shampoo\/"},"modified":"2025-05-31T20:05:26","modified_gmt":"2025-05-31T20:05:26","slug":"moroccan-roll-solid-shampoo","status":"publish","type":"product","link":"https:\/\/aromasentia.com\/es\/moroccan-roll-solid-shampoo\/","title":{"rendered":"Moroccan Roll Solid Shampoo"},"content":{"rendered":"<p>Disfrute de una limpieza ex\u00f3tica del cabello con nuestro champ\u00fa s\u00f3lido Moroccan Roll. Esta cautivadora barra de champ\u00fa ecol\u00f3gica transporta sus sentidos con su aroma c\u00e1lido, especiado e intrigante que recuerda a los zocos marroqu\u00edes. Limpia suavemente y deja el cabello sutilmente perfumado con su compleja y lujosa fragancia. Una forma sin pl\u00e1sticos de a\u00f1adir un toque de misterio y opulencia a su ritual de cuidado capilar, que deja el cabello limpio, suave y ex\u00f3ticamente perfumado.<\/p>\n","protected":false},"excerpt":{"rendered":"<p>Disfrute de una limpieza ex\u00f3tica del cabello con nuestro champ\u00fa s\u00f3lido Moroccan Roll. Esta cautivadora barra de champ\u00fa ecol\u00f3gica transporta sus sentidos con su aroma c\u00e1lido, especiado e intrigante que recuerda a los zocos marroqu\u00edes. Limpia suavemente y deja el cabello sutilmente perfumado con su compleja y lujosa fragancia. Una forma sin pl\u00e1sticos de a\u00f1adir [&hellip;]<\/p>\n","protected":false},"featured_media":273205,"comment_status":"closed","ping_status":"open","template":"","meta":{"_angie_page":false},"product_brand":[27087],"product_cat":[19453,20556],"product_tag":[],"class_list":{"0":"post-241390","1":"product","2":"type-product","3":"status-publish","4":"has-post-thumbnail","6":"product_brand-agnes-and-cat","7":"product_cat-bano-y-ducha","8":"product_cat-cuidado-del-cabello","9":"pa_collection-solid-shampoo-bars-es","10":"pa_made-in-reino-unido","12":"first","13":"instock","14":"purchasable","15":"product-type-simple"},"supplier_id":null,"supplier_sku":"ACSS-02DS","barcode":null,"atum_controlled":true,"out_stock_date":null,"out_stock_threshold":null,"inheritable":false,"inbound_stock":0,"stock_on_hold":0,"sold_today":0,"sales_last_days":0,"reserved_stock":0,"customer_returns":0,"warehouse_damage":0,"lost_in_post":0,"other_logs":0,"out_stock_days":0,"lost_sales":0,"has_location":false,"update_date":"2026-04-27T06:49:36","atum_locations":[],"atum_stock_status":"instock","restock_status":false,"low_stock_amount":"","sales_update_date":"2026-01-30T01:26:09","calc_backorders":null,"_links":{"self":[{"href":"https:\/\/aromasentia.com\/es\/wp-json\/wp\/v2\/product\/241390","targetHints":{"allow":["GET"]}}],"collection":[{"href":"https:\/\/aromasentia.com\/es\/wp-json\/wp\/v2\/product"}],"about":[{"href":"https:\/\/aromasentia.com\/es\/wp-json\/wp\/v2\/types\/product"}],"replies":[{"embeddable":true,"href":"https:\/\/aromasentia.com\/es\/wp-json\/wp\/v2\/comments?post=241390"}],"version-history":[{"count":0,"href":"https:\/\/aromasentia.com\/es\/wp-json\/wp\/v2\/product\/241390\/revisions"}],"wp:featuredmedia":[{"embeddable":true,"href":"https:\/\/aromasentia.com\/es\/wp-json\/wp\/v2\/media\/273205"}],"wp:attachment":[{"href":"https:\/\/aromasentia.com\/es\/wp-json\/wp\/v2\/media?parent=241390"}],"wp:term":[{"taxonomy":"product_brand","embeddable":true,"href":"https:\/\/aromasentia.com\/es\/wp-json\/wp\/v2\/product_brand?post=241390"},{"taxonomy":"product_cat","embeddable":true,"href":"https:\/\/aromasentia.com\/es\/wp-json\/wp\/v2\/product_cat?post=241390"},{"taxonomy":"product_tag","embeddable":true,"href":"https:\/\/aromasentia.com\/es\/wp-json\/wp\/v2\/product_tag?post=241390"}],"curies":[{"name":"wp","href":"https:\/\/api.w.org\/{rel}","templated":true}]}}