{"id":241382,"date":"2025-03-20T16:18:52","date_gmt":"2025-03-20T16:18:52","guid":{"rendered":"https:\/\/aromasentia.com\/product\/sea-salt-moss-solid-shampoo\/"},"modified":"2025-05-31T20:05:19","modified_gmt":"2025-05-31T20:05:19","slug":"sea-salt-moss-solid-shampoo","status":"publish","type":"product","link":"https:\/\/aromasentia.com\/es\/sea-salt-moss-solid-shampoo\/","title":{"rendered":"Sea Salt &#038; Moss Solid Shampoo"},"content":{"rendered":"<p>Tonifica tu cabello y tus sentidos con nuestro Champ\u00fa S\u00f3lido Sal Marina y Musgo. Esta barra de champ\u00fa refrescante y respetuosa con el medio ambiente limpia en profundidad a la vez que evoca la esencia fresca y limpia de una brisa costera, mezclando notas de sal marina con musgo terroso. Ayuda a purificar el cuero cabelludo y deja el cabello revitalizado, con textura y lleno de vida. Una alternativa sin pl\u00e1sticos perfecta para los amantes de un comienzo del d\u00eda fresco, natural y vigorizante, que lleva el esp\u00edritu del mar al cuidado del cabello.<\/p>\n","protected":false},"excerpt":{"rendered":"<p>Tonifica tu cabello y tus sentidos con nuestro Champ\u00fa S\u00f3lido Sal Marina y Musgo. Esta barra de champ\u00fa refrescante y respetuosa con el medio ambiente limpia en profundidad a la vez que evoca la esencia fresca y limpia de una brisa costera, mezclando notas de sal marina con musgo terroso. Ayuda a purificar el cuero [&hellip;]<\/p>\n","protected":false},"featured_media":273187,"comment_status":"closed","ping_status":"open","template":"","meta":{"_angie_page":false},"product_brand":[27087],"product_cat":[19453,20556],"product_tag":[],"class_list":{"0":"post-241382","1":"product","2":"type-product","3":"status-publish","4":"has-post-thumbnail","6":"product_brand-agnes-and-cat","7":"product_cat-bano-y-ducha","8":"product_cat-cuidado-del-cabello","9":"pa_collection-solid-shampoo-bars-es","10":"pa_made-in-reino-unido","12":"first","13":"instock","14":"purchasable","15":"product-type-simple"},"supplier_id":null,"supplier_sku":"ACSS-04DS","barcode":null,"atum_controlled":true,"out_stock_date":null,"out_stock_threshold":null,"inheritable":false,"inbound_stock":null,"stock_on_hold":0,"sold_today":0,"sales_last_days":0,"reserved_stock":null,"customer_returns":null,"warehouse_damage":null,"lost_in_post":null,"other_logs":null,"out_stock_days":0,"lost_sales":0,"has_location":null,"update_date":"2026-04-27T06:49:36","atum_locations":[],"atum_stock_status":"instock","restock_status":false,"low_stock_amount":"","sales_update_date":"2026-01-30T01:26:33","calc_backorders":null,"_links":{"self":[{"href":"https:\/\/aromasentia.com\/es\/wp-json\/wp\/v2\/product\/241382","targetHints":{"allow":["GET"]}}],"collection":[{"href":"https:\/\/aromasentia.com\/es\/wp-json\/wp\/v2\/product"}],"about":[{"href":"https:\/\/aromasentia.com\/es\/wp-json\/wp\/v2\/types\/product"}],"replies":[{"embeddable":true,"href":"https:\/\/aromasentia.com\/es\/wp-json\/wp\/v2\/comments?post=241382"}],"version-history":[{"count":0,"href":"https:\/\/aromasentia.com\/es\/wp-json\/wp\/v2\/product\/241382\/revisions"}],"wp:featuredmedia":[{"embeddable":true,"href":"https:\/\/aromasentia.com\/es\/wp-json\/wp\/v2\/media\/273187"}],"wp:attachment":[{"href":"https:\/\/aromasentia.com\/es\/wp-json\/wp\/v2\/media?parent=241382"}],"wp:term":[{"taxonomy":"product_brand","embeddable":true,"href":"https:\/\/aromasentia.com\/es\/wp-json\/wp\/v2\/product_brand?post=241382"},{"taxonomy":"product_cat","embeddable":true,"href":"https:\/\/aromasentia.com\/es\/wp-json\/wp\/v2\/product_cat?post=241382"},{"taxonomy":"product_tag","embeddable":true,"href":"https:\/\/aromasentia.com\/es\/wp-json\/wp\/v2\/product_tag?post=241382"}],"curies":[{"name":"wp","href":"https:\/\/api.w.org\/{rel}","templated":true}]}}