{"id":241362,"date":"2025-03-20T16:19:41","date_gmt":"2025-03-20T16:19:41","guid":{"rendered":"https:\/\/aromasentia.com\/product\/aromatherapy-shower-steamer-80g-revitalise\/"},"modified":"2025-05-31T20:04:58","modified_gmt":"2025-05-31T20:04:58","slug":"vaporizador-de-ducha-de-aromaterapia-80g-revitalizador","status":"publish","type":"product","link":"https:\/\/aromasentia.com\/es\/vaporizador-de-ducha-de-aromaterapia-80g-revitalizador\/","title":{"rendered":"Vaporizador de ducha de aromaterapia 80g &#8211; Revitalizador"},"content":{"rendered":"<h2 style=\"text-align: justify;\"><span style=\"color: rgb(40, 50, 78);\">Vaporizador de Ducha con Aromaterapia al por mayor &#8211; Revitaliza&nbsp;<\/span><\/h2>\n<p style=\"text-align: justify;\"><span style=\"color: rgb(40, 50, 78);\">Simplemente coloque uno de nuestros vaporizadores en el suelo de su ducha y deje que el agua caliente libere su aroma terap\u00e9utico.<\/span><\/p>\n<p style=\"text-align: justify;\"><span style=\"color: rgb(40, 50, 78);\">Nuestros vaporizadores de ducha est\u00e1n fabricados con <strong>ingredientes naturales<\/strong> y est\u00e1n <strong>libres de productos qu\u00edmicos agresivos<\/strong>, lo que los convierte en una forma segura y eficaz de <strong>refrescarse y rejuvenecer<\/strong>.<\/span><\/p>\n<p style=\"text-align: justify;\"><span style=\"color: rgb(40, 50, 78);\">Ideal para <strong>uso en spas<\/strong>, <strong>hoteles<\/strong>, y <strong>centros de bienestar<\/strong>, nuestro Vaporizador de Ducha con Aromaterapia tambi\u00e9n es un gran complemento para cestas de regalo o como art\u00edculo de venta al p\u00fablico para su negocio.<\/span><\/p>\n<p style=\"text-align: justify;\"><span style=\"color: rgb(40, 50, 78);\">Se firman diferentes fragancias para todas las razones por las que podr\u00eda tomar una ducha.&nbsp;<\/span><\/p>\n<p style=\"text-align: justify;\"><span style=\"color: rgb(40, 50, 78);\"><strong>Aceites Esenciales: naranja, bergamota, may chang + sal Kosher<\/strong><\/span><\/p>\n<p style=\"text-align: justify;\"><span style=\"color: rgb(40, 50, 78);\">NB: El peso del producto puede variar entre 70g y 80g.<\/span><\/p>\n<p style=\"text-align: justify;\"><span style=\"color: rgb(40, 50, 78);\"><strong>Haz tu pedido hoy<\/strong> y da el primer paso para promover el bienestar y el autocuidado en tu empresa.<\/span><\/p>\n<p style=\"text-align: justify;\"><span style=\"color: rgb(40, 50, 78);\"><strong>Y no olvide consultar nuestros otros productos de bienestar,<\/strong> incluyendo nuestro <a href=\"https:\/\/aromasentia.com\/wholesale-bath-bombs-uk\" rel=\"noopener noreferrer\" target=\"_blank\">bombas de ba\u00f1o al por mayor sin pedido m\u00ednimo<\/a> y nuestros <a href=\"https:\/\/aromasentia.com\/aross\" rel=\"noopener noreferrer\" target=\"_blank\">vaporizadores de ducha al por mayor<\/a>, para ofrecer una gama completa de opciones de relajaci\u00f3n a sus clientes.<\/span><\/p>\n","protected":false},"excerpt":{"rendered":"<p>Vaporizador de Ducha con Aromaterapia al por mayor &#8211; Revitaliza&nbsp; Simplemente coloque uno de nuestros vaporizadores en el suelo de su ducha y deje que el agua caliente libere su aroma terap\u00e9utico. Nuestros vaporizadores de ducha est\u00e1n fabricados con ingredientes naturales y est\u00e1n libres de productos qu\u00edmicos agresivos, lo que los convierte en una forma [&hellip;]<\/p>\n","protected":false},"featured_media":273466,"comment_status":"closed","ping_status":"open","template":"","meta":{"_angie_page":false},"product_brand":[],"product_cat":[19453,20515],"product_tag":[],"class_list":{"0":"post-241362","1":"product","2":"type-product","3":"status-publish","4":"has-post-thumbnail","6":"product_cat-bano-y-ducha","7":"product_cat-bombas-de-bano","8":"pa_collection-aromatherapy-shower-steamers-es","9":"pa_made-in-reino-unido","10":"pa_size-80g","12":"first","13":"instock","14":"purchasable","15":"product-type-simple"},"supplier_id":null,"supplier_sku":"AROSS-04a","barcode":null,"atum_controlled":true,"out_stock_date":null,"out_stock_threshold":null,"inheritable":false,"inbound_stock":null,"stock_on_hold":0,"sold_today":0,"sales_last_days":0,"reserved_stock":null,"customer_returns":null,"warehouse_damage":null,"lost_in_post":null,"other_logs":null,"out_stock_days":0,"lost_sales":0,"has_location":null,"update_date":"2026-05-08T05:03:47","atum_locations":[],"atum_stock_status":"instock","restock_status":false,"low_stock_amount":"","sales_update_date":"2025-10-09T03:23:29","calc_backorders":null,"_links":{"self":[{"href":"https:\/\/aromasentia.com\/es\/wp-json\/wp\/v2\/product\/241362","targetHints":{"allow":["GET"]}}],"collection":[{"href":"https:\/\/aromasentia.com\/es\/wp-json\/wp\/v2\/product"}],"about":[{"href":"https:\/\/aromasentia.com\/es\/wp-json\/wp\/v2\/types\/product"}],"replies":[{"embeddable":true,"href":"https:\/\/aromasentia.com\/es\/wp-json\/wp\/v2\/comments?post=241362"}],"version-history":[{"count":0,"href":"https:\/\/aromasentia.com\/es\/wp-json\/wp\/v2\/product\/241362\/revisions"}],"wp:featuredmedia":[{"embeddable":true,"href":"https:\/\/aromasentia.com\/es\/wp-json\/wp\/v2\/media\/273466"}],"wp:attachment":[{"href":"https:\/\/aromasentia.com\/es\/wp-json\/wp\/v2\/media?parent=241362"}],"wp:term":[{"taxonomy":"product_brand","embeddable":true,"href":"https:\/\/aromasentia.com\/es\/wp-json\/wp\/v2\/product_brand?post=241362"},{"taxonomy":"product_cat","embeddable":true,"href":"https:\/\/aromasentia.com\/es\/wp-json\/wp\/v2\/product_cat?post=241362"},{"taxonomy":"product_tag","embeddable":true,"href":"https:\/\/aromasentia.com\/es\/wp-json\/wp\/v2\/product_tag?post=241362"}],"curies":[{"name":"wp","href":"https:\/\/api.w.org\/{rel}","templated":true}]}}