{"id":241358,"date":"2025-03-20T16:19:41","date_gmt":"2025-03-20T16:19:41","guid":{"rendered":"https:\/\/aromasentia.com\/product\/aromatherapy-shower-steamer-80g-steamy-shower\/"},"modified":"2025-05-31T20:04:55","modified_gmt":"2025-05-31T20:04:55","slug":"vaporizador-de-ducha-de-aromaterapia-80g-ducha-vaporosa","status":"publish","type":"product","link":"https:\/\/aromasentia.com\/es\/vaporizador-de-ducha-de-aromaterapia-80g-ducha-vaporosa\/","title":{"rendered":"Vaporizador de Ducha de Aromaterapia 80g &#8211; Ducha Vaporosa"},"content":{"rendered":"<h2 style=\"text-align: justify;\"><span style=\"color: rgb(40, 50, 78);\">Al por mayor vaporizador de ducha &#8211; Ducha de vapor<\/span><\/h2>\n<p style=\"text-align: justify;\"><span style=\"color: rgb(40, 50, 78);\">Simplemente coloque el vaporizador en el suelo de su ducha y deje que el vapor <strong>active los aceites esenciales<\/strong>, <strong>creando una atm\u00f3sfera revitalizante<\/strong> y <strong>h\u00fameda<\/strong>. El aroma energizante ayudar\u00e1 a despertar tus sentidos, dej\u00e1ndote fresco y listo para afrontar el d\u00eda que tienes por delante.<\/span><\/p>\n<p style=\"text-align: justify;\"><span style=\"color: rgb(40, 50, 78);\">Nuestro vaporizador de ducha de aromaterapia 16x 70g &#8211; Steamy Shower es el <strong>producto perfecto para ofrecer en su spa<\/strong> o <strong>negocio de belleza<\/strong>. A los clientes les encantar\u00e1 la experiencia \u00fanica de la ducha y volver\u00e1n a por m\u00e1s. Adem\u00e1s, estos vaporizadores son excelentes complementos para <strong>cestas de regalo<\/strong> o <strong>como regalos independientes<\/strong> para el amante de la aromaterapia en su vida.<\/span><\/p>\n<p style=\"text-align: justify;\"><span style=\"color: rgb(40, 50, 78);\"><strong>No pierda la oportunidad de llevar su negocio<\/strong> <strong>al siguiente nivel<\/strong> con nuestra <a href=\"https:\/\/aromasentia.com\/aross\" rel=\"noopener noreferrer\" target=\"_blank\">venta al por mayor de vaporizadores de ducha<\/a> y <a href=\"https:\/\/aromasentia.com\/wholesale-bath-bombs-uk\">venta al por mayor de bombas de ba\u00f1o sin pedido m\u00ednimo<\/a>.<\/span><\/p>\n<p><strong>Disfrute de una oportunidad \u00fanica<\/strong>.<\/p>\n","protected":false},"excerpt":{"rendered":"<p>Al por mayor vaporizador de ducha &#8211; Ducha de vapor Simplemente coloque el vaporizador en el suelo de su ducha y deje que el vapor active los aceites esenciales, creando una atm\u00f3sfera revitalizante y h\u00fameda. El aroma energizante ayudar\u00e1 a despertar tus sentidos, dej\u00e1ndote fresco y listo para afrontar el d\u00eda que tienes por delante. [&hellip;]<\/p>\n","protected":false},"featured_media":273441,"comment_status":"closed","ping_status":"open","template":"","meta":{"_angie_page":false},"product_brand":[],"product_cat":[19453,20515],"product_tag":[],"class_list":{"0":"post-241358","1":"product","2":"type-product","3":"status-publish","4":"has-post-thumbnail","6":"product_cat-bano-y-ducha","7":"product_cat-bombas-de-bano","8":"pa_collection-aromatherapy-shower-steamers-es","9":"pa_made-in-reino-unido","10":"pa_size-80g","12":"first","13":"instock","14":"purchasable","15":"product-type-simple"},"supplier_id":null,"supplier_sku":"AROSS-05a","barcode":null,"atum_controlled":true,"out_stock_date":null,"out_stock_threshold":null,"inheritable":false,"inbound_stock":null,"stock_on_hold":0,"sold_today":0,"sales_last_days":0,"reserved_stock":null,"customer_returns":null,"warehouse_damage":null,"lost_in_post":null,"other_logs":null,"out_stock_days":0,"lost_sales":0,"has_location":null,"update_date":"2026-04-27T06:50:47","atum_locations":[],"atum_stock_status":"instock","restock_status":false,"low_stock_amount":"","sales_update_date":"2025-10-09T03:23:29","calc_backorders":null,"_links":{"self":[{"href":"https:\/\/aromasentia.com\/es\/wp-json\/wp\/v2\/product\/241358","targetHints":{"allow":["GET"]}}],"collection":[{"href":"https:\/\/aromasentia.com\/es\/wp-json\/wp\/v2\/product"}],"about":[{"href":"https:\/\/aromasentia.com\/es\/wp-json\/wp\/v2\/types\/product"}],"replies":[{"embeddable":true,"href":"https:\/\/aromasentia.com\/es\/wp-json\/wp\/v2\/comments?post=241358"}],"version-history":[{"count":0,"href":"https:\/\/aromasentia.com\/es\/wp-json\/wp\/v2\/product\/241358\/revisions"}],"wp:featuredmedia":[{"embeddable":true,"href":"https:\/\/aromasentia.com\/es\/wp-json\/wp\/v2\/media\/273441"}],"wp:attachment":[{"href":"https:\/\/aromasentia.com\/es\/wp-json\/wp\/v2\/media?parent=241358"}],"wp:term":[{"taxonomy":"product_brand","embeddable":true,"href":"https:\/\/aromasentia.com\/es\/wp-json\/wp\/v2\/product_brand?post=241358"},{"taxonomy":"product_cat","embeddable":true,"href":"https:\/\/aromasentia.com\/es\/wp-json\/wp\/v2\/product_cat?post=241358"},{"taxonomy":"product_tag","embeddable":true,"href":"https:\/\/aromasentia.com\/es\/wp-json\/wp\/v2\/product_tag?post=241358"}],"curies":[{"name":"wp","href":"https:\/\/api.w.org\/{rel}","templated":true}]}}