{"id":241346,"date":"2025-03-20T16:19:41","date_gmt":"2025-03-20T16:19:41","guid":{"rendered":"https:\/\/aromasentia.com\/product\/aromatherapy-shower-steamer-80g-anti-anxiety\/"},"modified":"2025-05-31T20:04:45","modified_gmt":"2025-05-31T20:04:45","slug":"vaporizador-de-ducha-aromaterapia-80g-anti-ansiedad","status":"publish","type":"product","link":"https:\/\/aromasentia.com\/es\/vaporizador-de-ducha-aromaterapia-80g-anti-ansiedad\/","title":{"rendered":"Vaporizador de Ducha Aromaterapia 80g &#8211; Anti Ansiedad"},"content":{"rendered":"<h2 style=\"text-align: justify;\"><span style=\"color: rgb(40, 50, 78);\">Vaporizador de Ducha con Aromaterapia Anti Ansiedad<\/span><\/h2>\n<p style=\"text-align: justify;\"><span style=\"color: rgb(40, 50, 78);\">Vaporizador de Ducha Anti Ansiedad con Aceites Esenciales: Bergamota, Salvia, Lavanda y P\u00e9talos de C\u00e1rtamo&nbsp;<\/span><\/p>\n<p style=\"text-align: justify;\"><span style=\"color: rgb(40, 50, 78);\"><a href=\"https:\/\/aromasentia.com\/aross\" rel=\"noopener noreferrer\" target=\"_blank\">Vaporizadores de Ducha con Aromaterapia al por mayor<\/a> est\u00e1n elaborados con una mezcla de <strong>aceites esenciales<\/strong>, <strong>incluyendo lavanda<\/strong>, <strong>manzanilla<\/strong>, y <strong>ylang-ylang<\/strong>, que trabajan juntos para promover una sensaci\u00f3n de calma y relajaci\u00f3n. Simplemente coloque el vaporizador en el suelo de la ducha y deje que el vapor active los aceites esenciales, llenando la habitaci\u00f3n con un aroma relajante y reconfortante.<\/span><\/p>\n<p style=\"text-align: justify;\"><span style=\"color: rgb(40, 50, 78);\">Estos vaporizadores de ducha son tambi\u00e9n una gran opci\u00f3n para aquellos <strong>que sufren de ansiedad o estr\u00e9s<\/strong>. Los efectos calmantes de los <strong>aceites esenciales<\/strong> pueden ayudar a reducir los sentimientos de ansiedad y promover una sensaci\u00f3n de paz interior y tranquilidad.<\/span><\/p>\n<p style=\"text-align: justify;\"><span style=\"color: rgb(40, 50, 78);\">En <a href=\"https:\/\/aromasentia.com\/wholesale-bath-bombs-uk\" rel=\"noopener noreferrer\" target=\"_blank\">venta al por mayor de bombas de ba\u00f1o sin pedido m\u00ednimo<\/a>, estos vaporizadores de ducha son una forma <strong>asequible<\/strong> y <strong>conveniente de mejorar su negocio<\/strong> y <strong>encantar a sus clientes<\/strong>.<\/span><\/p>\n<p style=\"text-align: justify;\"><span style=\"color: rgb(40, 50, 78);\">As\u00ed que, si quiere proporcionar a sus clientes una experiencia de ducha \u00fanica y relajante, nuestros Vaporizadores de Ducha con Aromaterapia Ansiedad son la elecci\u00f3n perfecta. P\u00eddalos ahora y su negocio prosperar\u00e1.<\/p>\n","protected":false},"excerpt":{"rendered":"<p>Vaporizador de Ducha con Aromaterapia Anti Ansiedad Vaporizador de Ducha Anti Ansiedad con Aceites Esenciales: Bergamota, Salvia, Lavanda y P\u00e9talos de C\u00e1rtamo&nbsp; Vaporizadores de Ducha con Aromaterapia al por mayor est\u00e1n elaborados con una mezcla de aceites esenciales, incluyendo lavanda, manzanilla, y ylang-ylang, que trabajan juntos para promover una sensaci\u00f3n de calma y relajaci\u00f3n. Simplemente [&hellip;]<\/p>\n","protected":false},"featured_media":273398,"comment_status":"closed","ping_status":"open","template":"","meta":{"_angie_page":false},"product_brand":[],"product_cat":[19453,20515],"product_tag":[],"class_list":{"0":"post-241346","1":"product","2":"type-product","3":"status-publish","4":"has-post-thumbnail","6":"product_cat-bano-y-ducha","7":"product_cat-bombas-de-bano","8":"pa_collection-aromatherapy-shower-steamers-es","9":"pa_made-in-reino-unido","10":"pa_size-80g","12":"first","13":"instock","14":"purchasable","15":"product-type-simple"},"supplier_id":null,"supplier_sku":"AROSS-08a","barcode":null,"atum_controlled":true,"out_stock_date":null,"out_stock_threshold":null,"inheritable":false,"inbound_stock":null,"stock_on_hold":0,"sold_today":0,"sales_last_days":0,"reserved_stock":null,"customer_returns":null,"warehouse_damage":null,"lost_in_post":null,"other_logs":null,"out_stock_days":0,"lost_sales":0,"has_location":null,"update_date":"2026-05-11T01:55:49","atum_locations":[],"atum_stock_status":"instock","restock_status":false,"low_stock_amount":"","sales_update_date":"2025-10-09T03:23:31","calc_backorders":null,"_links":{"self":[{"href":"https:\/\/aromasentia.com\/es\/wp-json\/wp\/v2\/product\/241346","targetHints":{"allow":["GET"]}}],"collection":[{"href":"https:\/\/aromasentia.com\/es\/wp-json\/wp\/v2\/product"}],"about":[{"href":"https:\/\/aromasentia.com\/es\/wp-json\/wp\/v2\/types\/product"}],"replies":[{"embeddable":true,"href":"https:\/\/aromasentia.com\/es\/wp-json\/wp\/v2\/comments?post=241346"}],"version-history":[{"count":0,"href":"https:\/\/aromasentia.com\/es\/wp-json\/wp\/v2\/product\/241346\/revisions"}],"wp:featuredmedia":[{"embeddable":true,"href":"https:\/\/aromasentia.com\/es\/wp-json\/wp\/v2\/media\/273398"}],"wp:attachment":[{"href":"https:\/\/aromasentia.com\/es\/wp-json\/wp\/v2\/media?parent=241346"}],"wp:term":[{"taxonomy":"product_brand","embeddable":true,"href":"https:\/\/aromasentia.com\/es\/wp-json\/wp\/v2\/product_brand?post=241346"},{"taxonomy":"product_cat","embeddable":true,"href":"https:\/\/aromasentia.com\/es\/wp-json\/wp\/v2\/product_cat?post=241346"},{"taxonomy":"product_tag","embeddable":true,"href":"https:\/\/aromasentia.com\/es\/wp-json\/wp\/v2\/product_tag?post=241346"}],"curies":[{"name":"wp","href":"https:\/\/api.w.org\/{rel}","templated":true}]}}