{"id":241342,"date":"2025-03-20T16:19:41","date_gmt":"2025-03-20T16:19:41","guid":{"rendered":"https:\/\/aromasentia.com\/product\/aromatherapy-shower-steamer-80g-hangover\/"},"modified":"2025-05-31T20:04:42","modified_gmt":"2025-05-31T20:04:42","slug":"vaporizador-de-ducha-de-aromaterapia-80g-resaca-hangover","status":"publish","type":"product","link":"https:\/\/aromasentia.com\/es\/vaporizador-de-ducha-de-aromaterapia-80g-resaca-hangover\/","title":{"rendered":"Vaporizador de ducha de aromaterapia 80g &#8211; Resaca (Hangover)"},"content":{"rendered":"<p>Recup\u00e9rese f\u00e1cilmente con nuestro vaporizador de ducha con aromaterapia &#8211; Resaca. Este vaporizador de ducha de 80 g es su aliado despu\u00e9s de una noche de indulgencia. A medida que el vapor lo activa, se libera una mezcla cuidadosamente seleccionada de aceites esenciales refrescantes y clarificantes, que ayudan a despejar la cabeza nublada, calmar las n\u00e1useas y reavivar los sentidos cansados. Deje que los aromas terap\u00e9uticos le ayuden a eliminar los restos de la noche anterior, dej\u00e1ndole una sensaci\u00f3n m\u00e1s humana, fresca y preparada para afrontar el d\u00eda.<\/p>\n","protected":false},"excerpt":{"rendered":"<p>Recup\u00e9rese f\u00e1cilmente con nuestro vaporizador de ducha con aromaterapia &#8211; Resaca. Este vaporizador de ducha de 80 g es su aliado despu\u00e9s de una noche de indulgencia. A medida que el vapor lo activa, se libera una mezcla cuidadosamente seleccionada de aceites esenciales refrescantes y clarificantes, que ayudan a despejar la cabeza nublada, calmar las [&hellip;]<\/p>\n","protected":false},"featured_media":273389,"comment_status":"closed","ping_status":"open","template":"","meta":{"_angie_page":false},"product_brand":[],"product_cat":[19453,20515],"product_tag":[],"class_list":{"0":"post-241342","1":"product","2":"type-product","3":"status-publish","4":"has-post-thumbnail","6":"product_cat-bano-y-ducha","7":"product_cat-bombas-de-bano","8":"pa_collection-aromatherapy-shower-steamers-es","9":"pa_made-in-reino-unido","10":"pa_size-80g","12":"first","13":"instock","14":"purchasable","15":"product-type-simple"},"supplier_id":null,"supplier_sku":"AROSS-09a","barcode":null,"atum_controlled":true,"out_stock_date":null,"out_stock_threshold":null,"inheritable":false,"inbound_stock":0,"stock_on_hold":0,"sold_today":0,"sales_last_days":0,"reserved_stock":0,"customer_returns":0,"warehouse_damage":0,"lost_in_post":0,"other_logs":0,"out_stock_days":0,"lost_sales":0,"has_location":false,"update_date":"2026-05-08T05:03:47","atum_locations":[],"atum_stock_status":"instock","restock_status":false,"low_stock_amount":"","sales_update_date":"2025-10-09T03:23:31","calc_backorders":null,"_links":{"self":[{"href":"https:\/\/aromasentia.com\/es\/wp-json\/wp\/v2\/product\/241342","targetHints":{"allow":["GET"]}}],"collection":[{"href":"https:\/\/aromasentia.com\/es\/wp-json\/wp\/v2\/product"}],"about":[{"href":"https:\/\/aromasentia.com\/es\/wp-json\/wp\/v2\/types\/product"}],"replies":[{"embeddable":true,"href":"https:\/\/aromasentia.com\/es\/wp-json\/wp\/v2\/comments?post=241342"}],"version-history":[{"count":0,"href":"https:\/\/aromasentia.com\/es\/wp-json\/wp\/v2\/product\/241342\/revisions"}],"wp:featuredmedia":[{"embeddable":true,"href":"https:\/\/aromasentia.com\/es\/wp-json\/wp\/v2\/media\/273389"}],"wp:attachment":[{"href":"https:\/\/aromasentia.com\/es\/wp-json\/wp\/v2\/media?parent=241342"}],"wp:term":[{"taxonomy":"product_brand","embeddable":true,"href":"https:\/\/aromasentia.com\/es\/wp-json\/wp\/v2\/product_brand?post=241342"},{"taxonomy":"product_cat","embeddable":true,"href":"https:\/\/aromasentia.com\/es\/wp-json\/wp\/v2\/product_cat?post=241342"},{"taxonomy":"product_tag","embeddable":true,"href":"https:\/\/aromasentia.com\/es\/wp-json\/wp\/v2\/product_tag?post=241342"}],"curies":[{"name":"wp","href":"https:\/\/api.w.org\/{rel}","templated":true}]}}