{"id":241338,"date":"2025-03-20T16:19:41","date_gmt":"2025-03-20T16:19:41","guid":{"rendered":"https:\/\/aromasentia.com\/product\/aromatherapy-shower-steamer-80g-party-booster\/"},"modified":"2025-05-31T20:04:38","modified_gmt":"2025-05-31T20:04:38","slug":"vaporizador-de-ducha-de-aromaterapia-80g-party-booster","status":"publish","type":"product","link":"https:\/\/aromasentia.com\/es\/vaporizador-de-ducha-de-aromaterapia-80g-party-booster\/","title":{"rendered":"Vaporizador de ducha de aromaterapia 80g &#8211; Party Booster"},"content":{"rendered":"<p>Encienda el ambiente de fiesta con nuestro vaporizador de ducha de aromaterapia &#8211; Party Booster. Este vaporizador de 80 g, al colocarlo en la ducha, libera una mezcla vibrante y estimulante de aceites esenciales dise\u00f1ados para energizar la mente y levantar el \u00e1nimo. Deje que los aromas picantes y alegres llenen el vapor, ayud\u00e1ndole a ponerse de humor para celebrar y socializar. Un ritual perfecto antes de salir de fiesta para aumentar su confianza y prepararse para brillar, convirtiendo su ducha en una experiencia verdaderamente vigorizante.<\/p>\n","protected":false},"excerpt":{"rendered":"<p>Encienda el ambiente de fiesta con nuestro vaporizador de ducha de aromaterapia &#8211; Party Booster. Este vaporizador de 80 g, al colocarlo en la ducha, libera una mezcla vibrante y estimulante de aceites esenciales dise\u00f1ados para energizar la mente y levantar el \u00e1nimo. Deje que los aromas picantes y alegres llenen el vapor, ayud\u00e1ndole a [&hellip;]<\/p>\n","protected":false},"featured_media":273380,"comment_status":"closed","ping_status":"open","template":"","meta":{"_angie_page":false},"product_brand":[],"product_cat":[19453,20515],"product_tag":[],"class_list":{"0":"post-241338","1":"product","2":"type-product","3":"status-publish","4":"has-post-thumbnail","6":"product_cat-bano-y-ducha","7":"product_cat-bombas-de-bano","8":"pa_collection-aromatherapy-shower-steamers-es","9":"pa_made-in-reino-unido","10":"pa_size-80g","12":"first","13":"instock","14":"purchasable","15":"product-type-simple"},"supplier_id":null,"supplier_sku":"AROSS-10a","barcode":null,"atum_controlled":true,"out_stock_date":null,"out_stock_threshold":null,"inheritable":false,"inbound_stock":null,"stock_on_hold":0,"sold_today":0,"sales_last_days":0,"reserved_stock":null,"customer_returns":null,"warehouse_damage":null,"lost_in_post":null,"other_logs":null,"out_stock_days":0,"lost_sales":0,"has_location":null,"update_date":"2026-05-08T05:03:47","atum_locations":[],"atum_stock_status":"instock","restock_status":false,"low_stock_amount":"","sales_update_date":"2025-10-09T03:23:31","calc_backorders":null,"_links":{"self":[{"href":"https:\/\/aromasentia.com\/es\/wp-json\/wp\/v2\/product\/241338","targetHints":{"allow":["GET"]}}],"collection":[{"href":"https:\/\/aromasentia.com\/es\/wp-json\/wp\/v2\/product"}],"about":[{"href":"https:\/\/aromasentia.com\/es\/wp-json\/wp\/v2\/types\/product"}],"replies":[{"embeddable":true,"href":"https:\/\/aromasentia.com\/es\/wp-json\/wp\/v2\/comments?post=241338"}],"version-history":[{"count":0,"href":"https:\/\/aromasentia.com\/es\/wp-json\/wp\/v2\/product\/241338\/revisions"}],"wp:featuredmedia":[{"embeddable":true,"href":"https:\/\/aromasentia.com\/es\/wp-json\/wp\/v2\/media\/273380"}],"wp:attachment":[{"href":"https:\/\/aromasentia.com\/es\/wp-json\/wp\/v2\/media?parent=241338"}],"wp:term":[{"taxonomy":"product_brand","embeddable":true,"href":"https:\/\/aromasentia.com\/es\/wp-json\/wp\/v2\/product_brand?post=241338"},{"taxonomy":"product_cat","embeddable":true,"href":"https:\/\/aromasentia.com\/es\/wp-json\/wp\/v2\/product_cat?post=241338"},{"taxonomy":"product_tag","embeddable":true,"href":"https:\/\/aromasentia.com\/es\/wp-json\/wp\/v2\/product_tag?post=241338"}],"curies":[{"name":"wp","href":"https:\/\/api.w.org\/{rel}","templated":true}]}}