{"id":241318,"date":"2025-03-20T16:19:41","date_gmt":"2025-03-20T16:19:41","guid":{"rendered":"https:\/\/aromasentia.com\/product\/sandalwood-rose-hand-body-wash-250ml\/"},"modified":"2025-06-28T22:23:35","modified_gmt":"2025-06-28T22:23:35","slug":"jabon-para-manos-y-cuerpo-sandalo-y-rosa-250ml","status":"publish","type":"product","link":"https:\/\/aromasentia.com\/es\/jabon-para-manos-y-cuerpo-sandalo-y-rosa-250ml\/","title":{"rendered":"Jabon para manos y cuerpo &#8211; Sandalo y Rosa 250ml"},"content":{"rendered":"<p>Lavado de Manos y Cuerpo con Aromaterapia de S\u00e1ndalo y Rosa es un producto lujoso y refrescante que est\u00e1 dise\u00f1ado para limpiar y nutrir la piel al mismo tiempo que proporciona una experiencia refrescante y vigorizante. Este cosm\u00e9tico est\u00e1 elaborado con una mezcla de aceites esenciales que trabajan juntos para crear un aroma \u00fanico y estimulante.<\/p>\n<p>El s\u00e1ndalo es conocido por su aroma c\u00e1lido y amaderado, as\u00ed como por su capacidad para suavizar y calmar la piel. Se utiliza a menudo en aromaterapia para promover la relajaci\u00f3n y reducir el estr\u00e9s. La rosa proporciona un aroma delicado y rom\u00e1ntico, calmante y estimulante. Se utiliza a menudo en productos para el cuidado de la piel por su capacidad para hidratar y nutrir la piel.<\/p>\n<p>Este jab\u00f3n l\u00edquido para manos y cuerpo hace espuma f\u00e1cilmente y se aclara, dejando la piel suave, tersa y fresca.<\/p>\n<p>La rosa proporciona un aroma delicado y rom\u00e1ntico que es a la vez calmante y estimulante.<\/p>\n","protected":false},"excerpt":{"rendered":"<p>Lavado de Manos y Cuerpo con Aromaterapia de S\u00e1ndalo y Rosa es un producto lujoso y refrescante que est\u00e1 dise\u00f1ado para limpiar y nutrir la piel al mismo tiempo que proporciona una experiencia refrescante y vigorizante. Este cosm\u00e9tico est\u00e1 elaborado con una mezcla de aceites esenciales que trabajan juntos para crear un aroma \u00fanico y [&hellip;]<\/p>\n","protected":false},"featured_media":273295,"comment_status":"closed","ping_status":"open","template":"","meta":{"_angie_page":false},"product_brand":[],"product_cat":[26898,25844,19453,20992,26835,26367,26390],"product_tag":[],"class_list":{"0":"post-241318","1":"product","2":"type-product","3":"status-publish","4":"has-post-thumbnail","6":"product_cat-amaderado","7":"product_cat-aromas","8":"product_cat-bano-y-ducha","9":"product_cat-cuidado-corporal","10":"product_cat-floral","11":"product_cat-rosa","12":"product_cat-sandalo","13":"pa_collection-aromatherapy-hand-body-wash-es","14":"pa_made-in-reino-unido","15":"pa_size-250ml","17":"first","18":"instock","19":"purchasable","20":"product-type-simple"},"supplier_id":null,"supplier_sku":"AHBW-03","barcode":null,"atum_controlled":true,"out_stock_date":null,"out_stock_threshold":null,"inheritable":false,"inbound_stock":null,"stock_on_hold":0,"sold_today":0,"sales_last_days":0,"reserved_stock":null,"customer_returns":null,"warehouse_damage":null,"lost_in_post":null,"other_logs":null,"out_stock_days":0,"lost_sales":0,"has_location":null,"update_date":"2026-05-08T05:02:36","atum_locations":[],"atum_stock_status":"instock","restock_status":false,"low_stock_amount":"","sales_update_date":"2026-02-06T00:02:21","calc_backorders":null,"_links":{"self":[{"href":"https:\/\/aromasentia.com\/es\/wp-json\/wp\/v2\/product\/241318","targetHints":{"allow":["GET"]}}],"collection":[{"href":"https:\/\/aromasentia.com\/es\/wp-json\/wp\/v2\/product"}],"about":[{"href":"https:\/\/aromasentia.com\/es\/wp-json\/wp\/v2\/types\/product"}],"replies":[{"embeddable":true,"href":"https:\/\/aromasentia.com\/es\/wp-json\/wp\/v2\/comments?post=241318"}],"version-history":[{"count":0,"href":"https:\/\/aromasentia.com\/es\/wp-json\/wp\/v2\/product\/241318\/revisions"}],"wp:featuredmedia":[{"embeddable":true,"href":"https:\/\/aromasentia.com\/es\/wp-json\/wp\/v2\/media\/273295"}],"wp:attachment":[{"href":"https:\/\/aromasentia.com\/es\/wp-json\/wp\/v2\/media?parent=241318"}],"wp:term":[{"taxonomy":"product_brand","embeddable":true,"href":"https:\/\/aromasentia.com\/es\/wp-json\/wp\/v2\/product_brand?post=241318"},{"taxonomy":"product_cat","embeddable":true,"href":"https:\/\/aromasentia.com\/es\/wp-json\/wp\/v2\/product_cat?post=241318"},{"taxonomy":"product_tag","embeddable":true,"href":"https:\/\/aromasentia.com\/es\/wp-json\/wp\/v2\/product_tag?post=241318"}],"curies":[{"name":"wp","href":"https:\/\/api.w.org\/{rel}","templated":true}]}}