{"id":241310,"date":"2025-03-20T16:19:41","date_gmt":"2025-03-20T16:19:41","guid":{"rendered":"https:\/\/aromasentia.com\/product\/clary-sage-lavender-hand-body-wash-250ml\/"},"modified":"2025-06-28T22:23:31","modified_gmt":"2025-06-28T22:23:31","slug":"jabon-para-manos-y-cuerpo-salvia-sclarea-y-lavanda-250ml","status":"publish","type":"product","link":"https:\/\/aromasentia.com\/es\/jabon-para-manos-y-cuerpo-salvia-sclarea-y-lavanda-250ml\/","title":{"rendered":"Jabon para manos y cuerpo &#8211; Salvia sclarea y Lavanda 250ml"},"content":{"rendered":"<p>Lavado de Manos y Cuerpo con Aromaterapia de Salvia y Lavanda es un producto lujoso y calmante que est\u00e1 dise\u00f1ado para limpiar y nutrir la piel al tiempo que proporciona una experiencia calmante y relajante. Este cosm\u00e9tico est\u00e1 hecho con una mezcla de aceites esenciales que trabajan juntos para crear un aroma \u00fanico y estimulante.<\/p>\n<p>La salvia sclarea es conocida por sus propiedades calmantes y relajantes. Se utiliza a menudo en aromaterapia para ayudar a reducir el estr\u00e9s y promover sentimientos de relajaci\u00f3n. La lavanda proporciona un aroma delicado y floral que es a la vez calmante y refrescante. Se utiliza a menudo en productos para el cuidado de la piel por su capacidad para calmar y suavizar la piel.<\/p>\n<p>Este jab\u00f3n l\u00edquido para manos y cuerpo hace espuma f\u00e1cilmente y se aclara dejando la piel suave, tersa y fresca. Es una gran elecci\u00f3n para aquellos que quieren cuidar su piel mientras disfrutan de los beneficios terap\u00e9uticos de los aceites esenciales. Es perfecto para aquellos que quieren sentirse tranquilos y relajados, y que quieren disfrutar de una experiencia similar a la de un spa en la comodidad de su propia casa.<\/p>\n<p>Lavado corporal y enjabonado.<\/p>\n","protected":false},"excerpt":{"rendered":"<p>Lavado de Manos y Cuerpo con Aromaterapia de Salvia y Lavanda es un producto lujoso y calmante que est\u00e1 dise\u00f1ado para limpiar y nutrir la piel al tiempo que proporciona una experiencia calmante y relajante. Este cosm\u00e9tico est\u00e1 hecho con una mezcla de aceites esenciales que trabajan juntos para crear un aroma \u00fanico y estimulante. [&hellip;]<\/p>\n","protected":false},"featured_media":273277,"comment_status":"closed","ping_status":"open","template":"","meta":{"_angie_page":false},"product_brand":[],"product_cat":[25844,19453,20992,26835,26863,26235,26142],"product_tag":[],"class_list":{"0":"post-241310","1":"product","2":"type-product","3":"status-publish","4":"has-post-thumbnail","6":"product_cat-aromas","7":"product_cat-bano-y-ducha","8":"product_cat-cuidado-corporal","9":"product_cat-floral","10":"product_cat-herbal-aromatico","11":"product_cat-lavanda","12":"product_cat-salvia-sclarea","13":"pa_collection-aromatherapy-hand-body-wash-es","14":"pa_made-in-reino-unido","15":"pa_size-250ml","17":"first","18":"instock","19":"purchasable","20":"product-type-simple"},"supplier_id":null,"supplier_sku":"AHBW-06","barcode":null,"atum_controlled":true,"out_stock_date":null,"out_stock_threshold":null,"inheritable":false,"inbound_stock":0,"stock_on_hold":0,"sold_today":0,"sales_last_days":0,"reserved_stock":0,"customer_returns":0,"warehouse_damage":0,"lost_in_post":0,"other_logs":0,"out_stock_days":0,"lost_sales":0,"has_location":false,"update_date":"2026-05-08T05:02:36","atum_locations":[],"atum_stock_status":"instock","restock_status":false,"low_stock_amount":"","sales_update_date":"2026-02-06T00:01:24","calc_backorders":null,"_links":{"self":[{"href":"https:\/\/aromasentia.com\/es\/wp-json\/wp\/v2\/product\/241310","targetHints":{"allow":["GET"]}}],"collection":[{"href":"https:\/\/aromasentia.com\/es\/wp-json\/wp\/v2\/product"}],"about":[{"href":"https:\/\/aromasentia.com\/es\/wp-json\/wp\/v2\/types\/product"}],"replies":[{"embeddable":true,"href":"https:\/\/aromasentia.com\/es\/wp-json\/wp\/v2\/comments?post=241310"}],"version-history":[{"count":0,"href":"https:\/\/aromasentia.com\/es\/wp-json\/wp\/v2\/product\/241310\/revisions"}],"wp:featuredmedia":[{"embeddable":true,"href":"https:\/\/aromasentia.com\/es\/wp-json\/wp\/v2\/media\/273277"}],"wp:attachment":[{"href":"https:\/\/aromasentia.com\/es\/wp-json\/wp\/v2\/media?parent=241310"}],"wp:term":[{"taxonomy":"product_brand","embeddable":true,"href":"https:\/\/aromasentia.com\/es\/wp-json\/wp\/v2\/product_brand?post=241310"},{"taxonomy":"product_cat","embeddable":true,"href":"https:\/\/aromasentia.com\/es\/wp-json\/wp\/v2\/product_cat?post=241310"},{"taxonomy":"product_tag","embeddable":true,"href":"https:\/\/aromasentia.com\/es\/wp-json\/wp\/v2\/product_tag?post=241310"}],"curies":[{"name":"wp","href":"https:\/\/api.w.org\/{rel}","templated":true}]}}