{"id":241266,"date":"2025-03-20T16:20:34","date_gmt":"2025-03-20T16:20:34","guid":{"rendered":"https:\/\/aromasentia.com\/product\/rosemary-olive-oil-soap\/"},"modified":"2025-05-31T20:03:12","modified_gmt":"2025-05-31T20:03:12","slug":"romero-jabon-aceite-de-oliva","status":"publish","type":"product","link":"https:\/\/aromasentia.com\/es\/romero-jabon-aceite-de-oliva\/","title":{"rendered":"Romero &#8211; Jab\u00f3n Aceite de Oliva"},"content":{"rendered":"<p>El romero es antiinflamatorio, calmante y mejora la piel. Tambi\u00e9n se utiliza para tratar los dolores musculares. No solo son bonitos, sino que tambi\u00e9n son muy \u00fatiles en muchos sentidos. Est\u00e1n hechos para ser buenos tanto para ti como para el medio ambiente. Cada jab\u00f3n tiene propiedades especiales relacionadas con los aceites esenciales y otros ingredientes naturales que contiene. El proceso de elaboraci\u00f3n en fr\u00edo conserva las vitaminas, los minerales y las enzimas de los ingredientes naturales de primera calidad.&nbsp;<\/p>\n<p>Elaborados de forma adecuada con aceites vegetales, los jabones artesanales ofrecen una opci\u00f3n m\u00e1s saludable para el ba\u00f1o y el cuidado general de la piel.<\/p>\n","protected":false},"excerpt":{"rendered":"<p>El romero es antiinflamatorio, calmante y mejora la piel. Tambi\u00e9n se utiliza para tratar los dolores musculares. No solo son bonitos, sino que tambi\u00e9n son muy \u00fatiles en muchos sentidos. Est\u00e1n hechos para ser buenos tanto para ti como para el medio ambiente. Cada jab\u00f3n tiene propiedades especiales relacionadas con los aceites esenciales y otros [&hellip;]<\/p>\n","protected":false},"featured_media":273866,"comment_status":"closed","ping_status":"open","template":"","meta":{"_angie_page":false},"product_brand":[],"product_cat":[25844,19453,26863,20592,26375],"product_tag":[],"class_list":{"0":"post-241266","1":"product","2":"type-product","3":"status-publish","4":"has-post-thumbnail","6":"product_cat-aromas","7":"product_cat-bano-y-ducha","8":"product_cat-herbal-aromatico","9":"product_cat-jabones-ecologicos-naturales","10":"product_cat-romero","11":"pa_collection-artisan-olive-oil-soaps-1-25kg-and-slices-es","12":"pa_made-in-espana","14":"first","15":"instock","16":"purchasable","17":"product-type-simple"},"supplier_id":null,"supplier_sku":"ArtS-18L","barcode":null,"atum_controlled":true,"out_stock_date":null,"out_stock_threshold":null,"inheritable":false,"inbound_stock":null,"stock_on_hold":0,"sold_today":0,"sales_last_days":0,"reserved_stock":null,"customer_returns":null,"warehouse_damage":null,"lost_in_post":null,"other_logs":null,"out_stock_days":25,"lost_sales":0,"has_location":null,"update_date":"2026-05-08T05:03:47","atum_locations":[],"atum_stock_status":"instock","restock_status":false,"low_stock_amount":"","sales_update_date":"2026-01-30T01:24:21","calc_backorders":null,"_links":{"self":[{"href":"https:\/\/aromasentia.com\/es\/wp-json\/wp\/v2\/product\/241266","targetHints":{"allow":["GET"]}}],"collection":[{"href":"https:\/\/aromasentia.com\/es\/wp-json\/wp\/v2\/product"}],"about":[{"href":"https:\/\/aromasentia.com\/es\/wp-json\/wp\/v2\/types\/product"}],"replies":[{"embeddable":true,"href":"https:\/\/aromasentia.com\/es\/wp-json\/wp\/v2\/comments?post=241266"}],"version-history":[{"count":0,"href":"https:\/\/aromasentia.com\/es\/wp-json\/wp\/v2\/product\/241266\/revisions"}],"wp:featuredmedia":[{"embeddable":true,"href":"https:\/\/aromasentia.com\/es\/wp-json\/wp\/v2\/media\/273866"}],"wp:attachment":[{"href":"https:\/\/aromasentia.com\/es\/wp-json\/wp\/v2\/media?parent=241266"}],"wp:term":[{"taxonomy":"product_brand","embeddable":true,"href":"https:\/\/aromasentia.com\/es\/wp-json\/wp\/v2\/product_brand?post=241266"},{"taxonomy":"product_cat","embeddable":true,"href":"https:\/\/aromasentia.com\/es\/wp-json\/wp\/v2\/product_cat?post=241266"},{"taxonomy":"product_tag","embeddable":true,"href":"https:\/\/aromasentia.com\/es\/wp-json\/wp\/v2\/product_tag?post=241266"}],"curies":[{"name":"wp","href":"https:\/\/api.w.org\/{rel}","templated":true}]}}