{"id":241206,"date":"2025-03-20T16:20:34","date_gmt":"2025-03-20T16:20:34","guid":{"rendered":"https:\/\/aromasentia.com\/product\/aromatherapy-shower-steamer-80g-focus-booster\/"},"modified":"2025-05-31T20:01:49","modified_gmt":"2025-05-31T20:01:49","slug":"vaporizador-de-ducha-de-aromaterapia-80-g-concentracion","status":"publish","type":"product","link":"https:\/\/aromasentia.com\/es\/vaporizador-de-ducha-de-aromaterapia-80-g-concentracion\/","title":{"rendered":"Vaporizador de ducha de aromaterapia 80 g &#8211; Concentraci\u00f3n"},"content":{"rendered":"<h2 style=\"text-align: justify;\"><span style=\"color: rgb(40, 50, 78);\">Aromaterapia al por mayor vaporizador de ducha Focus Booster<\/span><\/h2>\n<p style=\"text-align: justify;\"><span style=\"color: rgb(40, 50, 78);\">Simplemente coloque el vaporizador en el suelo de la ducha y deje que el vapor <strong>active los aceites esenciales<\/strong>, <strong>llenando la habitaci\u00f3n con un refrescante<\/strong> y <strong>alegador aroma<\/strong> que ayuda a despertar los sentidos y aumentar la productividad. Por lo tanto, proporcionamos <a href=\"https:\/\/aromasentia.com\/aross\" rel=\"noopener noreferrer\" target=\"_blank\"> vaporizador de ducha de aromaterapia al por mayor<\/a>.<\/span><\/p>\n<p style=\"text-align: justify;\"><span style=\"color: rgb(40, 50, 78);\">No s\u00f3lo es este vaporizador de ducha una excelente manera de ayudar a sus clientes a empezar el d\u00eda con buen pie, sino que tambi\u00e9n <strong>es un gran regalo para estudiantes, profesionales<\/strong>, o <strong>cualquiera que busque mejorar su rendimiento mental<\/strong>.<\/span><\/p>\n<p style=\"text-align: justify;\"><span style=\"color: rgb(40, 50, 78);\"><strong>No pierdas la oportunidad de ofrecer este incre\u00edble producto<\/strong> a tus clientes. Haga su pedido y lleve su negocio de spa o belleza al siguiente nivel con nuestros vers\u00e1tiles y pr\u00e1cticos vaporizadores de ducha con aromaterapia.<\/span><\/p>\n<p style=\"text-align: justify;\"><span style=\"color: rgb(40, 50, 78);\"><a href=\"https:\/\/aromasentia.com\/aross\" rel=\"noopener noreferrer\" target=\"_blank\">Vapers de ducha al por mayor<\/a> est\u00e1n disponibles con <a href=\"https:\/\/aromasentia.com\/wholesale-bath-bombs-uk\" rel=\"noopener noreferrer\" target=\"_blank\">sin pedido m\u00ednimo<\/a>, as\u00ed que p\u00f3ngase en contacto hoy mismo para obtener m\u00e1s informaci\u00f3n sobre nuestros precios y opciones de pedido.<\/span><\/p>\n","protected":false},"excerpt":{"rendered":"<p>Aromaterapia al por mayor vaporizador de ducha Focus Booster Simplemente coloque el vaporizador en el suelo de la ducha y deje que el vapor active los aceites esenciales, llenando la habitaci\u00f3n con un refrescante y alegador aroma que ayuda a despertar los sentidos y aumentar la productividad. Por lo tanto, proporcionamos vaporizador de ducha de [&hellip;]<\/p>\n","protected":false},"featured_media":273483,"comment_status":"closed","ping_status":"open","template":"","meta":{"_angie_page":false},"product_brand":[],"product_cat":[19453,20515],"product_tag":[],"class_list":{"0":"post-241206","1":"product","2":"type-product","3":"status-publish","4":"has-post-thumbnail","6":"product_cat-bano-y-ducha","7":"product_cat-bombas-de-bano","8":"pa_collection-aromatherapy-shower-steamers-es","9":"pa_made-in-reino-unido","10":"pa_size-80g","12":"first","13":"instock","14":"purchasable","15":"product-type-simple"},"supplier_id":null,"supplier_sku":"AROSS-03a","barcode":null,"atum_controlled":true,"out_stock_date":null,"out_stock_threshold":null,"inheritable":false,"inbound_stock":null,"stock_on_hold":0,"sold_today":0,"sales_last_days":0,"reserved_stock":null,"customer_returns":null,"warehouse_damage":null,"lost_in_post":null,"other_logs":null,"out_stock_days":0,"lost_sales":0,"has_location":null,"update_date":"2026-05-08T05:03:47","atum_locations":[],"atum_stock_status":"instock","restock_status":false,"low_stock_amount":"","sales_update_date":"2025-10-09T03:23:29","calc_backorders":null,"_links":{"self":[{"href":"https:\/\/aromasentia.com\/es\/wp-json\/wp\/v2\/product\/241206","targetHints":{"allow":["GET"]}}],"collection":[{"href":"https:\/\/aromasentia.com\/es\/wp-json\/wp\/v2\/product"}],"about":[{"href":"https:\/\/aromasentia.com\/es\/wp-json\/wp\/v2\/types\/product"}],"replies":[{"embeddable":true,"href":"https:\/\/aromasentia.com\/es\/wp-json\/wp\/v2\/comments?post=241206"}],"version-history":[{"count":0,"href":"https:\/\/aromasentia.com\/es\/wp-json\/wp\/v2\/product\/241206\/revisions"}],"wp:featuredmedia":[{"embeddable":true,"href":"https:\/\/aromasentia.com\/es\/wp-json\/wp\/v2\/media\/273483"}],"wp:attachment":[{"href":"https:\/\/aromasentia.com\/es\/wp-json\/wp\/v2\/media?parent=241206"}],"wp:term":[{"taxonomy":"product_brand","embeddable":true,"href":"https:\/\/aromasentia.com\/es\/wp-json\/wp\/v2\/product_brand?post=241206"},{"taxonomy":"product_cat","embeddable":true,"href":"https:\/\/aromasentia.com\/es\/wp-json\/wp\/v2\/product_cat?post=241206"},{"taxonomy":"product_tag","embeddable":true,"href":"https:\/\/aromasentia.com\/es\/wp-json\/wp\/v2\/product_tag?post=241206"}],"curies":[{"name":"wp","href":"https:\/\/api.w.org\/{rel}","templated":true}]}}