{"id":241202,"date":"2025-03-20T16:21:52","date_gmt":"2025-03-20T16:21:52","guid":{"rendered":"https:\/\/aromasentia.com\/product\/argan-olive-oil-soap-slice\/"},"modified":"2025-05-31T20:01:45","modified_gmt":"2025-05-31T20:01:45","slug":"argan-raja-jabon-aceite-de-oliva","status":"publish","type":"product","link":"https:\/\/aromasentia.com\/es\/argan-raja-jabon-aceite-de-oliva\/","title":{"rendered":"Argan &#8211; Raja Jab\u00f3n Aceite de Oliva"},"content":{"rendered":"<p>Aceite de arg\u00e1n en <strong>Aroma Sentia-ping Argan&nbsp;<\/strong><strong>&#8211; Jab\u00f3n Aceite de Oliva Slice&nbsp;<\/strong>es uno de los aceites m\u00e1s raros del mundo, un aceite robusto con sabor a nuez que se produce principalmente en Marruecos a partir de las nueces del \u00e1rbol de arg\u00e1n. Est\u00e1 repleto de \u00e1cidos grasos esenciales, antioxidantes, vitaminas y minerales que pueden ayudar a promover la salud general al hidratar y suavizar la piel.&nbsp;<\/p>\n<p>Los jabones de aceite de oliva fueron uno de los primeros jabones vegetales. Est\u00e1n hechos a mano utilizando un m\u00e9todo tradicional de elaboraci\u00f3n en fr\u00edo y tampoco contienen <strong>SLS ni parabenos<\/strong>. La grasa natural puede ayudar a proteger, mejorar el tono, la suavidad y la juventud de la piel gracias a la acci\u00f3n reestructurante del aceite.&nbsp;<\/p>\n<p><\/p>\n<p>Las pastillas de jab\u00f3n se venden envueltas en papel encerado con una etiqueta que indica los ingredientes y pesan aproximadamente 110 g.&nbsp;<\/p>\n<p><strong>NOTA:<\/strong> Nuestros jabones est\u00e1n hechos a mano y el color o el dise\u00f1o pueden variar ligeramente de las im\u00e1genes mostradas.&nbsp;<\/p>\n","protected":false},"excerpt":{"rendered":"<p>Aceite de arg\u00e1n en Aroma Sentia-ping Argan&nbsp;&#8211; Jab\u00f3n Aceite de Oliva Slice&nbsp;es uno de los aceites m\u00e1s raros del mundo, un aceite robusto con sabor a nuez que se produce principalmente en Marruecos a partir de las nueces del \u00e1rbol de arg\u00e1n. Est\u00e1 repleto de \u00e1cidos grasos esenciales, antioxidantes, vitaminas y minerales que pueden ayudar [&hellip;]<\/p>\n","protected":false},"featured_media":274634,"comment_status":"closed","ping_status":"open","template":"","meta":{"_angie_page":false},"product_brand":[],"product_cat":[19453,20592],"product_tag":[],"class_list":{"0":"post-241202","1":"product","2":"type-product","3":"status-publish","4":"has-post-thumbnail","6":"product_cat-bano-y-ducha","7":"product_cat-jabones-ecologicos-naturales","8":"pa_collection-artisan-olive-oil-soaps-1-25kg-and-slices-es","9":"pa_made-in-espana","11":"first","12":"instock","13":"purchasable","14":"product-type-simple"},"supplier_id":null,"supplier_sku":"ArtS-24S","barcode":null,"atum_controlled":true,"out_stock_date":null,"out_stock_threshold":null,"inheritable":false,"inbound_stock":null,"stock_on_hold":0,"sold_today":0,"sales_last_days":0,"reserved_stock":null,"customer_returns":null,"warehouse_damage":null,"lost_in_post":null,"other_logs":null,"out_stock_days":0,"lost_sales":0,"has_location":null,"update_date":"2026-04-27T06:51:13","atum_locations":[],"atum_stock_status":"instock","restock_status":false,"low_stock_amount":"","sales_update_date":"2025-10-09T03:23:45","calc_backorders":null,"_links":{"self":[{"href":"https:\/\/aromasentia.com\/es\/wp-json\/wp\/v2\/product\/241202","targetHints":{"allow":["GET"]}}],"collection":[{"href":"https:\/\/aromasentia.com\/es\/wp-json\/wp\/v2\/product"}],"about":[{"href":"https:\/\/aromasentia.com\/es\/wp-json\/wp\/v2\/types\/product"}],"replies":[{"embeddable":true,"href":"https:\/\/aromasentia.com\/es\/wp-json\/wp\/v2\/comments?post=241202"}],"version-history":[{"count":0,"href":"https:\/\/aromasentia.com\/es\/wp-json\/wp\/v2\/product\/241202\/revisions"}],"wp:featuredmedia":[{"embeddable":true,"href":"https:\/\/aromasentia.com\/es\/wp-json\/wp\/v2\/media\/274634"}],"wp:attachment":[{"href":"https:\/\/aromasentia.com\/es\/wp-json\/wp\/v2\/media?parent=241202"}],"wp:term":[{"taxonomy":"product_brand","embeddable":true,"href":"https:\/\/aromasentia.com\/es\/wp-json\/wp\/v2\/product_brand?post=241202"},{"taxonomy":"product_cat","embeddable":true,"href":"https:\/\/aromasentia.com\/es\/wp-json\/wp\/v2\/product_cat?post=241202"},{"taxonomy":"product_tag","embeddable":true,"href":"https:\/\/aromasentia.com\/es\/wp-json\/wp\/v2\/product_tag?post=241202"}],"curies":[{"name":"wp","href":"https:\/\/api.w.org\/{rel}","templated":true}]}}