{"id":241182,"date":"2025-03-20T16:21:52","date_gmt":"2025-03-20T16:21:52","guid":{"rendered":"https:\/\/aromasentia.com\/product\/rosemary-olive-oil-soap-slice\/"},"modified":"2025-05-31T20:01:23","modified_gmt":"2025-05-31T20:01:23","slug":"romero-raja-jabon-aceite-de-oliva","status":"publish","type":"product","link":"https:\/\/aromasentia.com\/es\/romero-raja-jabon-aceite-de-oliva\/","title":{"rendered":"Romero &#8211; Raja Jab\u00f3n Aceite de Oliva"},"content":{"rendered":"<p>El romero contenido en <strong>Aroma Sentia-ping&nbsp;<\/strong><strong>Rosemary&nbsp;<\/strong><strong>&#8211; Jab\u00f3n Aceite de Oliva Slice&nbsp;<\/strong> tiene propiedades antiinflamatorias, calmantes y mejoradoras de la piel. Tambi\u00e9n se utiliza habitualmente para tratar los dolores musculares.&nbsp;<\/p>\n<p>Los jabones Jab\u00f3n Aceite de Olivas fueron uno de los primeros jabones vegetales. Est\u00e1n elaborados a mano mediante un proceso tradicional en fr\u00edo y no contienen <strong>SLS ni parabenos<\/strong>. La grasa natural puede ayudar a proteger, mejorar el tono, la suavidad y la juventud de la piel gracias a la acci\u00f3n reestructurante del aceite.&nbsp;<\/p>\n<p><\/p>\n<p>Las pastillas de jab\u00f3n se venden envueltas en papel encerado con una etiqueta que indica los ingredientes y pesan aproximadamente 100 g.&nbsp;<\/p>\n<p><strong>NOTA:<\/strong> Nuestros jabones son artesanales y el color o el dise\u00f1o pueden variar ligeramente con respecto a las im\u00e1genes mostradas.&nbsp;<\/p>\n","protected":false},"excerpt":{"rendered":"<p>El romero contenido en Aroma Sentia-ping&nbsp;Rosemary&nbsp;&#8211; Jab\u00f3n Aceite de Oliva Slice&nbsp; tiene propiedades antiinflamatorias, calmantes y mejoradoras de la piel. Tambi\u00e9n se utiliza habitualmente para tratar los dolores musculares.&nbsp; Los jabones Jab\u00f3n Aceite de Olivas fueron uno de los primeros jabones vegetales. Est\u00e1n elaborados a mano mediante un proceso tradicional en fr\u00edo y no contienen [&hellip;]<\/p>\n","protected":false},"featured_media":274469,"comment_status":"closed","ping_status":"open","template":"","meta":{"_angie_page":false},"product_brand":[],"product_cat":[25844,19453,26863,20592,26375],"product_tag":[],"class_list":{"0":"post-241182","1":"product","2":"type-product","3":"status-publish","4":"has-post-thumbnail","6":"product_cat-aromas","7":"product_cat-bano-y-ducha","8":"product_cat-herbal-aromatico","9":"product_cat-jabones-ecologicos-naturales","10":"product_cat-romero","11":"pa_collection-artisan-olive-oil-soaps-1-25kg-and-slices-es","12":"pa_made-in-espana","14":"first","15":"instock","16":"purchasable","17":"product-type-simple"},"supplier_id":null,"supplier_sku":"ArtS-18S","barcode":null,"atum_controlled":true,"out_stock_date":null,"out_stock_threshold":null,"inheritable":false,"inbound_stock":null,"stock_on_hold":0,"sold_today":0,"sales_last_days":0,"reserved_stock":null,"customer_returns":null,"warehouse_damage":null,"lost_in_post":null,"other_logs":null,"out_stock_days":25,"lost_sales":0,"has_location":null,"update_date":"2026-05-08T05:03:47","atum_locations":[],"atum_stock_status":"instock","restock_status":false,"low_stock_amount":"","sales_update_date":"2026-01-30T01:24:21","calc_backorders":null,"_links":{"self":[{"href":"https:\/\/aromasentia.com\/es\/wp-json\/wp\/v2\/product\/241182","targetHints":{"allow":["GET"]}}],"collection":[{"href":"https:\/\/aromasentia.com\/es\/wp-json\/wp\/v2\/product"}],"about":[{"href":"https:\/\/aromasentia.com\/es\/wp-json\/wp\/v2\/types\/product"}],"replies":[{"embeddable":true,"href":"https:\/\/aromasentia.com\/es\/wp-json\/wp\/v2\/comments?post=241182"}],"version-history":[{"count":0,"href":"https:\/\/aromasentia.com\/es\/wp-json\/wp\/v2\/product\/241182\/revisions"}],"wp:featuredmedia":[{"embeddable":true,"href":"https:\/\/aromasentia.com\/es\/wp-json\/wp\/v2\/media\/274469"}],"wp:attachment":[{"href":"https:\/\/aromasentia.com\/es\/wp-json\/wp\/v2\/media?parent=241182"}],"wp:term":[{"taxonomy":"product_brand","embeddable":true,"href":"https:\/\/aromasentia.com\/es\/wp-json\/wp\/v2\/product_brand?post=241182"},{"taxonomy":"product_cat","embeddable":true,"href":"https:\/\/aromasentia.com\/es\/wp-json\/wp\/v2\/product_cat?post=241182"},{"taxonomy":"product_tag","embeddable":true,"href":"https:\/\/aromasentia.com\/es\/wp-json\/wp\/v2\/product_tag?post=241182"}],"curies":[{"name":"wp","href":"https:\/\/api.w.org\/{rel}","templated":true}]}}