{"id":241166,"date":"2025-03-20T16:21:52","date_gmt":"2025-03-20T16:21:52","guid":{"rendered":"https:\/\/aromasentia.com\/product\/vanilla-olive-oil-soap-slice\/"},"modified":"2025-05-31T20:00:43","modified_gmt":"2025-05-31T20:00:43","slug":"vainilla-rodaja-de-jabon-de-aceite-de-oliva","status":"publish","type":"product","link":"https:\/\/aromasentia.com\/es\/vainilla-rodaja-de-jabon-de-aceite-de-oliva\/","title":{"rendered":"Vainilla &#8211; Rodaja de jab\u00f3n de aceite de oliva"},"content":{"rendered":"<p><strong>Aroma Sentia-ping Vanilla &#8211; Jab\u00f3n Aceite de Oliva Slice<\/strong> est\u00e1 perfumado con vainilla y elaborado con aceite de coco que contiene \u00e1cido l\u00e1urico natural, que tiene propiedades reestructurantes y se dice que aporta hidrataci\u00f3n, protecci\u00f3n y suavidad a la piel. &nbsp;<\/p>\n<p>Los jabones de aceite de oliva fueron uno de los primeros jabones vegetales. Est\u00e1n elaborados a mano mediante un proceso tradicional en fr\u00edo y no contienen SLS ni parabenos. La grasa natural puede ayudar a proteger, mejorar el tono, la suavidad y la juventud de la piel gracias a la acci\u00f3n reestructurante del aceite.&nbsp;<\/p>\n<p><\/p>\n<p>Las pastillas de jab\u00f3n se venden envueltas en papel encerado con una etiqueta que indica los ingredientes y pesan aproximadamente 110 g. <\/p>\n<p><strong>NOTA:<\/strong> Nuestros jabones est\u00e1n hechos a mano y el color o el dise\u00f1o pueden variar ligeramente de las im\u00e1genes mostradas.<\/p>\n","protected":false},"excerpt":{"rendered":"<p>Aroma Sentia-ping Vanilla &#8211; Jab\u00f3n Aceite de Oliva Slice est\u00e1 perfumado con vainilla y elaborado con aceite de coco que contiene \u00e1cido l\u00e1urico natural, que tiene propiedades reestructurantes y se dice que aporta hidrataci\u00f3n, protecci\u00f3n y suavidad a la piel. &nbsp; Los jabones de aceite de oliva fueron uno de los primeros jabones vegetales. Est\u00e1n [&hellip;]<\/p>\n","protected":false},"featured_media":274337,"comment_status":"closed","ping_status":"open","template":"","meta":{"_angie_page":false},"product_brand":[],"product_cat":[19453,20592],"product_tag":[],"class_list":{"0":"post-241166","1":"product","2":"type-product","3":"status-publish","4":"has-post-thumbnail","6":"product_cat-bano-y-ducha","7":"product_cat-jabones-ecologicos-naturales","8":"pa_collection-artisan-olive-oil-soaps-1-25kg-and-slices-es","9":"pa_made-in-espana","11":"first","12":"instock","13":"purchasable","14":"product-type-simple"},"supplier_id":null,"supplier_sku":"ArtS-14S","barcode":null,"atum_controlled":true,"out_stock_date":null,"out_stock_threshold":null,"inheritable":false,"inbound_stock":null,"stock_on_hold":0,"sold_today":0,"sales_last_days":0,"reserved_stock":null,"customer_returns":null,"warehouse_damage":null,"lost_in_post":null,"other_logs":null,"out_stock_days":0,"lost_sales":0,"has_location":null,"update_date":"2026-05-11T01:55:49","atum_locations":[],"atum_stock_status":"instock","restock_status":false,"low_stock_amount":"","sales_update_date":"2026-01-30T01:24:42","calc_backorders":null,"_links":{"self":[{"href":"https:\/\/aromasentia.com\/es\/wp-json\/wp\/v2\/product\/241166","targetHints":{"allow":["GET"]}}],"collection":[{"href":"https:\/\/aromasentia.com\/es\/wp-json\/wp\/v2\/product"}],"about":[{"href":"https:\/\/aromasentia.com\/es\/wp-json\/wp\/v2\/types\/product"}],"replies":[{"embeddable":true,"href":"https:\/\/aromasentia.com\/es\/wp-json\/wp\/v2\/comments?post=241166"}],"version-history":[{"count":0,"href":"https:\/\/aromasentia.com\/es\/wp-json\/wp\/v2\/product\/241166\/revisions"}],"wp:featuredmedia":[{"embeddable":true,"href":"https:\/\/aromasentia.com\/es\/wp-json\/wp\/v2\/media\/274337"}],"wp:attachment":[{"href":"https:\/\/aromasentia.com\/es\/wp-json\/wp\/v2\/media?parent=241166"}],"wp:term":[{"taxonomy":"product_brand","embeddable":true,"href":"https:\/\/aromasentia.com\/es\/wp-json\/wp\/v2\/product_brand?post=241166"},{"taxonomy":"product_cat","embeddable":true,"href":"https:\/\/aromasentia.com\/es\/wp-json\/wp\/v2\/product_cat?post=241166"},{"taxonomy":"product_tag","embeddable":true,"href":"https:\/\/aromasentia.com\/es\/wp-json\/wp\/v2\/product_tag?post=241166"}],"curies":[{"name":"wp","href":"https:\/\/api.w.org\/{rel}","templated":true}]}}