{"id":241150,"date":"2025-03-20T16:21:52","date_gmt":"2025-03-20T16:21:52","guid":{"rendered":"https:\/\/aromasentia.com\/product\/green-tea-olive-oil-soap-slice\/"},"modified":"2025-05-31T20:00:01","modified_gmt":"2025-05-31T20:00:01","slug":"te-verde-rodaja-de-jabon-de-aceite-de-oliva","status":"publish","type":"product","link":"https:\/\/aromasentia.com\/es\/te-verde-rodaja-de-jabon-de-aceite-de-oliva\/","title":{"rendered":"T\u00e9 verde &#8211; Rodaja de jab\u00f3n de aceite de oliva"},"content":{"rendered":"<p>Los extractos de t\u00e9 verde del jab\u00f3n <strong>Aroma Sentia-ping Green Tea &#8211; Jab\u00f3n Aceite de Oliva Slice<\/strong> son ricos en antioxidantes y, por lo tanto, pueden retrasar el envejecimiento de la piel y prevenir las arrugas. El jab\u00f3n tambi\u00e9n tiene algunas propiedades antibacterianas y se dice que alivia las irritaciones de la piel y ayuda a prevenir el acn\u00e9. Las hojas de t\u00e9 del jab\u00f3n ayudan a exfoliar y limpiar la piel, y los extractos de aceite de oliva la dejan fresca e hidratada. Los jabones Jab\u00f3n Aceite de Olivas fueron uno de los primeros jabones vegetales. Se elaboran a mano mediante un proceso tradicional en fr\u00edo y no contienen SLS ni parabenos. La grasa natural puede ayudar a proteger, mejorar el tono, la suavidad y la juventud de la piel gracias a la acci\u00f3n reestructurante del aceite.&nbsp;<\/p>\n<p><\/p>\n<p>Las pastillas de jab\u00f3n se venden envueltas en papel encerado con una etiqueta que indica los ingredientes y pesan aproximadamente 110 g.&nbsp;<\/p>\n<p><strong>NOTA:<\/strong> Nuestros jabones est\u00e1n hechos a mano y el color o el dise\u00f1o pueden variar ligeramente de las im\u00e1genes mostradas.&nbsp;<\/p>\n","protected":false},"excerpt":{"rendered":"<p>Los extractos de t\u00e9 verde del jab\u00f3n Aroma Sentia-ping Green Tea &#8211; Jab\u00f3n Aceite de Oliva Slice son ricos en antioxidantes y, por lo tanto, pueden retrasar el envejecimiento de la piel y prevenir las arrugas. El jab\u00f3n tambi\u00e9n tiene algunas propiedades antibacterianas y se dice que alivia las irritaciones de la piel y ayuda [&hellip;]<\/p>\n","protected":false},"featured_media":274197,"comment_status":"closed","ping_status":"open","template":"","meta":{"_angie_page":false},"product_brand":[],"product_cat":[19453,20592],"product_tag":[],"class_list":{"0":"post-241150","1":"product","2":"type-product","3":"status-publish","4":"has-post-thumbnail","6":"product_cat-bano-y-ducha","7":"product_cat-jabones-ecologicos-naturales","8":"pa_collection-artisan-olive-oil-soaps-1-25kg-and-slices-es","9":"pa_made-in-espana","11":"first","12":"instock","13":"purchasable","14":"product-type-simple"},"supplier_id":null,"supplier_sku":"ArtS-10S","barcode":null,"atum_controlled":true,"out_stock_date":null,"out_stock_threshold":null,"inheritable":false,"inbound_stock":0,"stock_on_hold":0,"sold_today":0,"sales_last_days":0,"reserved_stock":0,"customer_returns":0,"warehouse_damage":0,"lost_in_post":0,"other_logs":0,"out_stock_days":0,"lost_sales":0,"has_location":false,"update_date":"2026-05-04T00:02:49","atum_locations":[],"atum_stock_status":"instock","restock_status":false,"low_stock_amount":"","sales_update_date":"2025-10-09T03:23:41","calc_backorders":null,"_links":{"self":[{"href":"https:\/\/aromasentia.com\/es\/wp-json\/wp\/v2\/product\/241150","targetHints":{"allow":["GET"]}}],"collection":[{"href":"https:\/\/aromasentia.com\/es\/wp-json\/wp\/v2\/product"}],"about":[{"href":"https:\/\/aromasentia.com\/es\/wp-json\/wp\/v2\/types\/product"}],"replies":[{"embeddable":true,"href":"https:\/\/aromasentia.com\/es\/wp-json\/wp\/v2\/comments?post=241150"}],"version-history":[{"count":0,"href":"https:\/\/aromasentia.com\/es\/wp-json\/wp\/v2\/product\/241150\/revisions"}],"wp:featuredmedia":[{"embeddable":true,"href":"https:\/\/aromasentia.com\/es\/wp-json\/wp\/v2\/media\/274197"}],"wp:attachment":[{"href":"https:\/\/aromasentia.com\/es\/wp-json\/wp\/v2\/media?parent=241150"}],"wp:term":[{"taxonomy":"product_brand","embeddable":true,"href":"https:\/\/aromasentia.com\/es\/wp-json\/wp\/v2\/product_brand?post=241150"},{"taxonomy":"product_cat","embeddable":true,"href":"https:\/\/aromasentia.com\/es\/wp-json\/wp\/v2\/product_cat?post=241150"},{"taxonomy":"product_tag","embeddable":true,"href":"https:\/\/aromasentia.com\/es\/wp-json\/wp\/v2\/product_tag?post=241150"}],"curies":[{"name":"wp","href":"https:\/\/api.w.org\/{rel}","templated":true}]}}