{"id":241146,"date":"2025-03-20T16:21:52","date_gmt":"2025-03-20T16:21:52","guid":{"rendered":"https:\/\/aromasentia.com\/product\/aloe-vera-olive-oil-soap-slice\/"},"modified":"2025-05-31T19:59:58","modified_gmt":"2025-05-31T19:59:58","slug":"aloe-vera-raja-jabon-aceite-de-oliva","status":"publish","type":"product","link":"https:\/\/aromasentia.com\/es\/aloe-vera-raja-jabon-aceite-de-oliva\/","title":{"rendered":"Aloe Vera &#8211; Raja Jab\u00f3n Aceite de Oliva"},"content":{"rendered":"<p>El aloe vera presente en <strong>Aroma Sentia-ping Aloe Vera &#8211; Jab\u00f3n Aceite de Oliva<\/strong> favorece la regeneraci\u00f3n de la piel y se utiliza habitualmente para calmar heridas, quemaduras, eczemas, psoriasis y acn\u00e9. Tambi\u00e9n se le atribuyen propiedades antivirales, antibacterianas y antif\u00fangicas. Los jabones Jab\u00f3n Aceite de Olivas fueron uno de los primeros jabones vegetales. Est\u00e1n hechos a mano mediante un proceso tradicional en fr\u00edo y no contienen SLS ni parabenos. La grasa natural puede ayudar a proteger, mejorar el tono, la suavidad y la juventud de la piel gracias a la acci\u00f3n reestructurante del aceite. &nbsp;<\/p>\n<p><\/p>\n<p>Las pastillas de jab\u00f3n se venden envueltas en papel encerado con una etiqueta que indica los ingredientes y pesan aproximadamente 110 g.&nbsp;<\/p>\n<p><strong>NOTA:<\/strong> Nuestros jabones est\u00e1n hechos a mano y el color o el dise\u00f1o pueden variar ligeramente de las im\u00e1genes mostradas.<\/p>\n","protected":false},"excerpt":{"rendered":"<p>El aloe vera presente en Aroma Sentia-ping Aloe Vera &#8211; Jab\u00f3n Aceite de Oliva favorece la regeneraci\u00f3n de la piel y se utiliza habitualmente para calmar heridas, quemaduras, eczemas, psoriasis y acn\u00e9. Tambi\u00e9n se le atribuyen propiedades antivirales, antibacterianas y antif\u00fangicas. Los jabones Jab\u00f3n Aceite de Olivas fueron uno de los primeros jabones vegetales. Est\u00e1n [&hellip;]<\/p>\n","protected":false},"featured_media":274164,"comment_status":"closed","ping_status":"open","template":"","meta":{"_angie_page":false},"product_brand":[],"product_cat":[26581,25844,19453,26842,20592],"product_tag":[],"class_list":{"0":"post-241146","1":"product","2":"type-product","3":"status-publish","4":"has-post-thumbnail","6":"product_cat-aloe-vera","7":"product_cat-aromas","8":"product_cat-bano-y-ducha","9":"product_cat-fresco-limpio","10":"product_cat-jabones-ecologicos-naturales","11":"pa_collection-artisan-olive-oil-soaps-1-25kg-and-slices-es","12":"pa_made-in-espana","14":"first","15":"instock","16":"purchasable","17":"product-type-simple"},"supplier_id":null,"supplier_sku":"ArtS-09S","barcode":null,"atum_controlled":true,"out_stock_date":null,"out_stock_threshold":null,"inheritable":false,"inbound_stock":null,"stock_on_hold":0,"sold_today":0,"sales_last_days":0,"reserved_stock":null,"customer_returns":null,"warehouse_damage":null,"lost_in_post":null,"other_logs":null,"out_stock_days":0,"lost_sales":0,"has_location":null,"update_date":"2026-05-11T01:55:49","atum_locations":[],"atum_stock_status":"instock","restock_status":false,"low_stock_amount":"","sales_update_date":"2025-10-09T03:23:41","calc_backorders":null,"_links":{"self":[{"href":"https:\/\/aromasentia.com\/es\/wp-json\/wp\/v2\/product\/241146","targetHints":{"allow":["GET"]}}],"collection":[{"href":"https:\/\/aromasentia.com\/es\/wp-json\/wp\/v2\/product"}],"about":[{"href":"https:\/\/aromasentia.com\/es\/wp-json\/wp\/v2\/types\/product"}],"replies":[{"embeddable":true,"href":"https:\/\/aromasentia.com\/es\/wp-json\/wp\/v2\/comments?post=241146"}],"version-history":[{"count":0,"href":"https:\/\/aromasentia.com\/es\/wp-json\/wp\/v2\/product\/241146\/revisions"}],"wp:featuredmedia":[{"embeddable":true,"href":"https:\/\/aromasentia.com\/es\/wp-json\/wp\/v2\/media\/274164"}],"wp:attachment":[{"href":"https:\/\/aromasentia.com\/es\/wp-json\/wp\/v2\/media?parent=241146"}],"wp:term":[{"taxonomy":"product_brand","embeddable":true,"href":"https:\/\/aromasentia.com\/es\/wp-json\/wp\/v2\/product_brand?post=241146"},{"taxonomy":"product_cat","embeddable":true,"href":"https:\/\/aromasentia.com\/es\/wp-json\/wp\/v2\/product_cat?post=241146"},{"taxonomy":"product_tag","embeddable":true,"href":"https:\/\/aromasentia.com\/es\/wp-json\/wp\/v2\/product_tag?post=241146"}],"curies":[{"name":"wp","href":"https:\/\/api.w.org\/{rel}","templated":true}]}}