{"id":241134,"date":"2025-03-20T16:21:52","date_gmt":"2025-03-20T16:21:52","guid":{"rendered":"https:\/\/aromasentia.com\/product\/rosehip-olive-oil-soap-slice\/"},"modified":"2025-05-31T19:59:44","modified_gmt":"2025-05-31T19:59:44","slug":"rosa-mosqueta-raja-jabon-aceite-de-oliva","status":"publish","type":"product","link":"https:\/\/aromasentia.com\/es\/rosa-mosqueta-raja-jabon-aceite-de-oliva\/","title":{"rendered":"Rosa Mosqueta &#8211; Raja Jab\u00f3n Aceite de Oliva"},"content":{"rendered":"<p>El fruto de la Rosa Canina en <strong>Aroma Sentia-ping Rosehip &#8211; Jab\u00f3n Aceite de Oliva Slice<\/strong> es una fuente muy rica en vitaminas y minerales, especialmente en vitaminas A, C y E, flavonoides y otros compuestos bioactivos. Tambi\u00e9n es una fuente bastante buena de \u00e1cidos grasos esenciales, lo que es bastante inusual en una fruta. Se dice que el aceite de rosa mosqueta ayuda a tonificar y reafirmar la piel, a uniformar el tono y que su agradable aroma a rosa mosqueta favorece la relajaci\u00f3n.&nbsp;<\/p>\n<p>Los jabones Jab\u00f3n Aceite de Olivas fueron uno de los primeros jabones vegetales. Est\u00e1n elaborados a mano mediante un proceso tradicional en fr\u00edo y no contienen <strong>SLS ni parabenos<\/strong>. La grasa natural puede ayudar a proteger, mejorar el tono, la suavidad y la juventud de la piel gracias a la acci\u00f3n reestructurante del aceite.&nbsp;<\/p>\n<p><\/p>\n<p>Las pastillas de jab\u00f3n se venden envueltas en papel encerado con una etiqueta que indica los ingredientes y pesan aproximadamente 110 g.&nbsp;<\/p>\n<p><strong>NOTA:<\/strong> Nuestros jabones est\u00e1n hechos a mano y el color o el dise\u00f1o pueden variar ligeramente de las im\u00e1genes mostradas. <\/p>\n","protected":false},"excerpt":{"rendered":"<p>El fruto de la Rosa Canina en Aroma Sentia-ping Rosehip &#8211; Jab\u00f3n Aceite de Oliva Slice es una fuente muy rica en vitaminas y minerales, especialmente en vitaminas A, C y E, flavonoides y otros compuestos bioactivos. Tambi\u00e9n es una fuente bastante buena de \u00e1cidos grasos esenciales, lo que es bastante inusual en una fruta. [&hellip;]<\/p>\n","protected":false},"featured_media":274065,"comment_status":"closed","ping_status":"open","template":"","meta":{"_angie_page":false},"product_brand":[],"product_cat":[25844,19453,26499,20592,26828],"product_tag":[],"class_list":{"0":"post-241134","1":"product","2":"type-product","3":"status-publish","4":"has-post-thumbnail","6":"product_cat-aromas","7":"product_cat-bano-y-ducha","8":"product_cat-escaramujo","9":"product_cat-jabones-ecologicos-naturales","10":"product_cat-terroso-verde","11":"pa_collection-artisan-olive-oil-soaps-1-25kg-and-slices-es","12":"pa_made-in-espana","14":"first","15":"instock","16":"purchasable","17":"product-type-simple"},"supplier_id":null,"supplier_sku":"ArtS-05S","barcode":null,"atum_controlled":true,"out_stock_date":null,"out_stock_threshold":null,"inheritable":false,"inbound_stock":null,"stock_on_hold":0,"sold_today":0,"sales_last_days":0,"reserved_stock":null,"customer_returns":null,"warehouse_damage":null,"lost_in_post":null,"other_logs":null,"out_stock_days":0,"lost_sales":0,"has_location":null,"update_date":"2026-04-27T06:51:07","atum_locations":[],"atum_stock_status":"instock","restock_status":false,"low_stock_amount":"","sales_update_date":"2025-10-09T03:23:41","calc_backorders":null,"_links":{"self":[{"href":"https:\/\/aromasentia.com\/es\/wp-json\/wp\/v2\/product\/241134","targetHints":{"allow":["GET"]}}],"collection":[{"href":"https:\/\/aromasentia.com\/es\/wp-json\/wp\/v2\/product"}],"about":[{"href":"https:\/\/aromasentia.com\/es\/wp-json\/wp\/v2\/types\/product"}],"replies":[{"embeddable":true,"href":"https:\/\/aromasentia.com\/es\/wp-json\/wp\/v2\/comments?post=241134"}],"version-history":[{"count":0,"href":"https:\/\/aromasentia.com\/es\/wp-json\/wp\/v2\/product\/241134\/revisions"}],"wp:featuredmedia":[{"embeddable":true,"href":"https:\/\/aromasentia.com\/es\/wp-json\/wp\/v2\/media\/274065"}],"wp:attachment":[{"href":"https:\/\/aromasentia.com\/es\/wp-json\/wp\/v2\/media?parent=241134"}],"wp:term":[{"taxonomy":"product_brand","embeddable":true,"href":"https:\/\/aromasentia.com\/es\/wp-json\/wp\/v2\/product_brand?post=241134"},{"taxonomy":"product_cat","embeddable":true,"href":"https:\/\/aromasentia.com\/es\/wp-json\/wp\/v2\/product_cat?post=241134"},{"taxonomy":"product_tag","embeddable":true,"href":"https:\/\/aromasentia.com\/es\/wp-json\/wp\/v2\/product_tag?post=241134"}],"curies":[{"name":"wp","href":"https:\/\/api.w.org\/{rel}","templated":true}]}}