{"id":241126,"date":"2025-03-20T16:21:52","date_gmt":"2025-03-20T16:21:52","guid":{"rendered":"https:\/\/aromasentia.com\/product\/coconut-olive-oil-soap-slice\/"},"modified":"2025-05-31T19:59:36","modified_gmt":"2025-05-31T19:59:36","slug":"coco-raja-jabon-aceite-de-oliva","status":"publish","type":"product","link":"https:\/\/aromasentia.com\/es\/coco-raja-jabon-aceite-de-oliva\/","title":{"rendered":"Coco &#8211; Raja Jab\u00f3n Aceite de Oliva"},"content":{"rendered":"<p>La fibra de coco contenida en esta pastilla de jab\u00f3n <strong>Aroma Sentia-ping<\/strong> &#8211; <strong>Coco &#8211; Jab\u00f3n Aceite de Oliva Slice&nbsp;<\/strong>le confiere un suave efecto masaje y exfoliante. Puede ayudar a estimular la circulaci\u00f3n y eliminar las c\u00e9lulas muertas de la piel, y las propiedades reestructurantes del aceite de coco pueden ayudar a tonificar, hidratar, calmar y proteger la piel. Los jabones Jab\u00f3n Aceite de Olivas fueron uno de los primeros jabones vegetales. Est\u00e1n hechos a mano mediante un proceso tradicional en fr\u00edo y no contienen SLS ni parabenos. La grasa natural puede ayudar a proteger, mejorar el tono, la suavidad y la juventud de la piel gracias a la acci\u00f3n reestructurante del aceite. &nbsp;<\/p>\n<p><\/p>\n<p>Las pastillas de jab\u00f3n se venden envueltas en papel encerado con una etiqueta que indica los ingredientes y pesan aproximadamente <strong>110 g<\/strong>.<\/p>\n<p><strong>NOTA:&nbsp;<\/strong>Nuestros jabones est\u00e1n hechos a mano y el color o el dise\u00f1o pueden variar ligeramente de las im\u00e1genes mostradas.<\/p>\n","protected":false},"excerpt":{"rendered":"<p>La fibra de coco contenida en esta pastilla de jab\u00f3n Aroma Sentia-ping &#8211; Coco &#8211; Jab\u00f3n Aceite de Oliva Slice&nbsp;le confiere un suave efecto masaje y exfoliante. Puede ayudar a estimular la circulaci\u00f3n y eliminar las c\u00e9lulas muertas de la piel, y las propiedades reestructurantes del aceite de coco pueden ayudar a tonificar, hidratar, calmar [&hellip;]<\/p>\n","protected":false},"featured_media":273991,"comment_status":"closed","ping_status":"open","template":"","meta":{"_angie_page":false},"product_brand":[],"product_cat":[19453,20592],"product_tag":[],"class_list":{"0":"post-241126","1":"product","2":"type-product","3":"status-publish","4":"has-post-thumbnail","6":"product_cat-bano-y-ducha","7":"product_cat-jabones-ecologicos-naturales","8":"pa_collection-artisan-olive-oil-soaps-1-25kg-and-slices-es","9":"pa_made-in-espana","11":"first","12":"instock","13":"purchasable","14":"product-type-simple"},"supplier_id":null,"supplier_sku":"ArtS-01S","barcode":null,"atum_controlled":true,"out_stock_date":null,"out_stock_threshold":null,"inheritable":false,"inbound_stock":null,"stock_on_hold":0,"sold_today":0,"sales_last_days":0,"reserved_stock":null,"customer_returns":null,"warehouse_damage":null,"lost_in_post":null,"other_logs":null,"out_stock_days":0,"lost_sales":0,"has_location":null,"update_date":"2026-04-27T19:08:53","atum_locations":[],"atum_stock_status":"instock","restock_status":false,"low_stock_amount":"","sales_update_date":"2025-10-09T03:23:39","calc_backorders":null,"_links":{"self":[{"href":"https:\/\/aromasentia.com\/es\/wp-json\/wp\/v2\/product\/241126","targetHints":{"allow":["GET"]}}],"collection":[{"href":"https:\/\/aromasentia.com\/es\/wp-json\/wp\/v2\/product"}],"about":[{"href":"https:\/\/aromasentia.com\/es\/wp-json\/wp\/v2\/types\/product"}],"replies":[{"embeddable":true,"href":"https:\/\/aromasentia.com\/es\/wp-json\/wp\/v2\/comments?post=241126"}],"version-history":[{"count":0,"href":"https:\/\/aromasentia.com\/es\/wp-json\/wp\/v2\/product\/241126\/revisions"}],"wp:featuredmedia":[{"embeddable":true,"href":"https:\/\/aromasentia.com\/es\/wp-json\/wp\/v2\/media\/273991"}],"wp:attachment":[{"href":"https:\/\/aromasentia.com\/es\/wp-json\/wp\/v2\/media?parent=241126"}],"wp:term":[{"taxonomy":"product_brand","embeddable":true,"href":"https:\/\/aromasentia.com\/es\/wp-json\/wp\/v2\/product_brand?post=241126"},{"taxonomy":"product_cat","embeddable":true,"href":"https:\/\/aromasentia.com\/es\/wp-json\/wp\/v2\/product_cat?post=241126"},{"taxonomy":"product_tag","embeddable":true,"href":"https:\/\/aromasentia.com\/es\/wp-json\/wp\/v2\/product_tag?post=241126"}],"curies":[{"name":"wp","href":"https:\/\/api.w.org\/{rel}","templated":true}]}}