{"id":241110,"date":"2025-03-20T16:23:13","date_gmt":"2025-03-20T16:23:13","guid":{"rendered":"https:\/\/aromasentia.com\/product\/may-chang-orange-eo-soap-loaf-1-3kg\/"},"modified":"2025-05-31T19:59:15","modified_gmt":"2025-05-31T19:59:15","slug":"may-chang-jabon-con-aceites-esenciales-1-3kg","status":"publish","type":"product","link":"https:\/\/aromasentia.com\/es\/may-chang-jabon-con-aceites-esenciales-1-3kg\/","title":{"rendered":"May Chang &#8211;  Jabon con Aceites Esenciales 1.3kg"},"content":{"rendered":"<p>Embarque en un viaje de delicias c\u00edtricas con nuestro <strong>Pan de jab\u00f3n de aceite esencial May Chang al por mayor<\/strong>, presentado en un radiante <strong>tono naranja<\/strong>. Esta sustanciosa pastilla de jab\u00f3n de <strong>1,3 kg<\/strong> es una explosi\u00f3n de energ\u00eda, creada para elevar la experiencia de ba\u00f1o de sus clientes a nuevas cotas.<\/p>\n<p>Nuestra pastilla de jab\u00f3n captura las <strong>agresivas y c\u00edtricas notas<\/strong>, creando una deliciosa y vigorizante experiencia olfativa que energiza y revitaliza. El animado aroma del <strong>may chang<\/strong> hace de esta pastilla de jab\u00f3n una elecci\u00f3n din\u00e1mica y solicitada. Atrae a los clientes que buscan una experiencia de ba\u00f1o <strong>energ\u00e9tica y estimulante<\/strong>.<\/p>\n<p>Adem\u00e1s de la fragancia vigorizante, nuestra pastilla de jab\u00f3n de aceite esencial May Chang est\u00e1 elaborada con ingredientes de primera calidad para <strong>limpiar y refrescar la piel<\/strong>. El radiante tono naranja no s\u00f3lo realza el atractivo est\u00e9tico de su espacio de venta, sino que tambi\u00e9n transmite la calidez y vivacidad de la fragancia May Chang. <\/p>\n<p>Cree un llamativo expositor en sus estantes, invitando a los clientes a disfrutar de la dicha energizante y arom\u00e1tica de May Chang.<\/p>\n","protected":false},"excerpt":{"rendered":"<p>Embarque en un viaje de delicias c\u00edtricas con nuestro Pan de jab\u00f3n de aceite esencial May Chang al por mayor, presentado en un radiante tono naranja. Esta sustanciosa pastilla de jab\u00f3n de 1,3 kg es una explosi\u00f3n de energ\u00eda, creada para elevar la experiencia de ba\u00f1o de sus clientes a nuevas cotas. Nuestra pastilla de [&hellip;]<\/p>\n","protected":false},"featured_media":642363,"comment_status":"closed","ping_status":"open","template":"","meta":[],"product_brand":[],"product_cat":[25844,19453,26821,20592,26273,26309],"product_tag":[],"class_list":{"0":"post-241110","1":"product","2":"type-product","3":"status-publish","4":"has-post-thumbnail","6":"product_cat-aromas","7":"product_cat-bano-y-ducha","8":"product_cat-citrico","9":"product_cat-jabones-ecologicos-naturales","10":"product_cat-may-chang-litsea-cubeba","11":"product_cat-naranja","12":"pa_collection-aromatherapy-soap-loaves-1-3-kg-and-slices-es","13":"pa_made-in-reino-unido","15":"first","16":"instock","17":"purchasable","18":"product-type-simple"},"supplier_id":null,"supplier_sku":"ASoap-09a","barcode":null,"atum_controlled":true,"out_stock_date":null,"out_stock_threshold":null,"inheritable":false,"inbound_stock":null,"stock_on_hold":0,"sold_today":0,"sales_last_days":0,"reserved_stock":null,"customer_returns":null,"warehouse_damage":null,"lost_in_post":null,"other_logs":null,"out_stock_days":0,"lost_sales":0,"has_location":null,"update_date":"2026-01-30T01:25:01","atum_locations":[],"atum_stock_status":"instock","restock_status":false,"low_stock_amount":"","sales_update_date":"2026-01-30T01:25:01","calc_backorders":null,"_links":{"self":[{"href":"https:\/\/aromasentia.com\/es\/wp-json\/wp\/v2\/product\/241110","targetHints":{"allow":["GET"]}}],"collection":[{"href":"https:\/\/aromasentia.com\/es\/wp-json\/wp\/v2\/product"}],"about":[{"href":"https:\/\/aromasentia.com\/es\/wp-json\/wp\/v2\/types\/product"}],"replies":[{"embeddable":true,"href":"https:\/\/aromasentia.com\/es\/wp-json\/wp\/v2\/comments?post=241110"}],"version-history":[{"count":0,"href":"https:\/\/aromasentia.com\/es\/wp-json\/wp\/v2\/product\/241110\/revisions"}],"wp:featuredmedia":[{"embeddable":true,"href":"https:\/\/aromasentia.com\/es\/wp-json\/wp\/v2\/media\/642363"}],"wp:attachment":[{"href":"https:\/\/aromasentia.com\/es\/wp-json\/wp\/v2\/media?parent=241110"}],"wp:term":[{"taxonomy":"product_brand","embeddable":true,"href":"https:\/\/aromasentia.com\/es\/wp-json\/wp\/v2\/product_brand?post=241110"},{"taxonomy":"product_cat","embeddable":true,"href":"https:\/\/aromasentia.com\/es\/wp-json\/wp\/v2\/product_cat?post=241110"},{"taxonomy":"product_tag","embeddable":true,"href":"https:\/\/aromasentia.com\/es\/wp-json\/wp\/v2\/product_tag?post=241110"}],"curies":[{"name":"wp","href":"https:\/\/api.w.org\/{rel}","templated":true}]}}