{"id":241062,"date":"2025-03-20T16:23:13","date_gmt":"2025-03-20T16:23:13","guid":{"rendered":"https:\/\/aromasentia.com\/product\/goat-milk-olive-oil-soap-2\/"},"modified":"2025-05-31T19:58:09","modified_gmt":"2025-05-31T19:58:09","slug":"leche-de-cabra-jabon-de-aceite-de-oliva-2","status":"publish","type":"product","link":"https:\/\/aromasentia.com\/es\/leche-de-cabra-jabon-de-aceite-de-oliva-2\/","title":{"rendered":"Leche de Cabra &#8211; Jab\u00f3n de Aceite de Oliva"},"content":{"rendered":"<p>Nuestro <strong>Aroma Sentia &#8211; Leche de Cabra de Europa&nbsp;<\/strong><strong>&#8211; Jab\u00f3n Aceite de Oliva Slice&nbsp;<\/strong>contiene piedra p\u00f3mez para eliminar la suciedad arraigada, refrescar la piel y luego puede ayudar a la absorci\u00f3n de sueros e hidratantes beneficiosos para la piel. La exfoliaci\u00f3n puede ser \u00fatil para aquellas personas cuya piel revela signos de envejecimiento prematuro debido a factores como la sobreexposici\u00f3n al sol. A veces tambi\u00e9n puede ayudar con el acn\u00e9 no inflamatorio.<\/p>\n<p>Jab\u00f3n Aceite de Olivas fue uno de los primeros jabones de origen vegetal. Est\u00e1n hechos a mano utilizando el m\u00e9todo tradicional de elaboraci\u00f3n en fr\u00edo y adem\u00e1s est\u00e1n <strong>libres de SLS y parabenos<\/strong>. La grasa natural puede ayudar a proporcionar protecci\u00f3n, mejorar el tono de la piel, la suavidad y la juventud de la piel a trav\u00e9s de la reestructuraci\u00f3n de la acci\u00f3n del aceite.<\/p>\n<p><\/p>\n<p>Las rebanadas de jab\u00f3n se venden envueltas en papel encerado con una etiqueta de ingredientes y pesan aproximadamente 110g.<\/p>\n<p><strong>POR FAVOR TENGA EN CUENTA:<\/strong> Nuestros jabones est\u00e1n hechos a mano y el color o el dise\u00f1o pueden variar ligeramente de las fotos mostradas.<\/p>\n<p>Los jabones de aceite de oliva de Jab\u00f3n est\u00e1n hechos a mano y el color o el dise\u00f1o pueden variar ligeramente de las fotos mostradas.<\/p>\n","protected":false},"excerpt":{"rendered":"<p>Nuestro Aroma Sentia &#8211; Leche de Cabra de Europa&nbsp;&#8211; Jab\u00f3n Aceite de Oliva Slice&nbsp;contiene piedra p\u00f3mez para eliminar la suciedad arraigada, refrescar la piel y luego puede ayudar a la absorci\u00f3n de sueros e hidratantes beneficiosos para la piel. La exfoliaci\u00f3n puede ser \u00fatil para aquellas personas cuya piel revela signos de envejecimiento prematuro debido [&hellip;]<\/p>\n","protected":false},"featured_media":274840,"comment_status":"closed","ping_status":"open","template":"","meta":{"_angie_page":false},"product_brand":[],"product_cat":[19453,20592],"product_tag":[],"class_list":{"0":"post-241062","1":"product","2":"type-product","3":"status-publish","4":"has-post-thumbnail","6":"product_cat-bano-y-ducha","7":"product_cat-jabones-ecologicos-naturales","8":"pa_collection-artisan-olive-oil-soaps-1-25kg-and-slices-es","9":"pa_made-in-espana","11":"first","12":"instock","13":"purchasable","14":"product-type-simple"},"supplier_id":null,"supplier_sku":"ArtS-29S","barcode":null,"atum_controlled":true,"out_stock_date":null,"out_stock_threshold":null,"inheritable":false,"inbound_stock":null,"stock_on_hold":0,"sold_today":0,"sales_last_days":0,"reserved_stock":null,"customer_returns":null,"warehouse_damage":null,"lost_in_post":null,"other_logs":null,"out_stock_days":0,"lost_sales":0,"has_location":null,"update_date":"2026-05-04T00:02:49","atum_locations":[],"atum_stock_status":"instock","restock_status":false,"low_stock_amount":"","sales_update_date":"2026-01-30T01:25:22","calc_backorders":null,"_links":{"self":[{"href":"https:\/\/aromasentia.com\/es\/wp-json\/wp\/v2\/product\/241062","targetHints":{"allow":["GET"]}}],"collection":[{"href":"https:\/\/aromasentia.com\/es\/wp-json\/wp\/v2\/product"}],"about":[{"href":"https:\/\/aromasentia.com\/es\/wp-json\/wp\/v2\/types\/product"}],"replies":[{"embeddable":true,"href":"https:\/\/aromasentia.com\/es\/wp-json\/wp\/v2\/comments?post=241062"}],"version-history":[{"count":0,"href":"https:\/\/aromasentia.com\/es\/wp-json\/wp\/v2\/product\/241062\/revisions"}],"wp:featuredmedia":[{"embeddable":true,"href":"https:\/\/aromasentia.com\/es\/wp-json\/wp\/v2\/media\/274840"}],"wp:attachment":[{"href":"https:\/\/aromasentia.com\/es\/wp-json\/wp\/v2\/media?parent=241062"}],"wp:term":[{"taxonomy":"product_brand","embeddable":true,"href":"https:\/\/aromasentia.com\/es\/wp-json\/wp\/v2\/product_brand?post=241062"},{"taxonomy":"product_cat","embeddable":true,"href":"https:\/\/aromasentia.com\/es\/wp-json\/wp\/v2\/product_cat?post=241062"},{"taxonomy":"product_tag","embeddable":true,"href":"https:\/\/aromasentia.com\/es\/wp-json\/wp\/v2\/product_tag?post=241062"}],"curies":[{"name":"wp","href":"https:\/\/api.w.org\/{rel}","templated":true}]}}