{"id":241038,"date":"2025-03-20T16:24:19","date_gmt":"2025-03-20T16:24:19","guid":{"rendered":"https:\/\/aromasentia.com\/product\/1x-bamboo-toothbrush-charcoal-medium-soft\/"},"modified":"2025-05-31T19:57:49","modified_gmt":"2025-05-31T19:57:49","slug":"cepillo-de-dientes-de-bambu-carbon","status":"publish","type":"product","link":"https:\/\/aromasentia.com\/es\/cepillo-de-dientes-de-bambu-carbon\/","title":{"rendered":"Cepillo de Dientes de Bamb\u00fa &#8211; Carb\u00f3n"},"content":{"rendered":"<p>Si busca productos que biodegradables o que no da\u00f1en tanto el medio ambiente, los cepillos de dientes de bamb\u00fa de Aroma Sentia Espa\u00f1a son una muy buena alternativa.&nbsp;<\/p>\n<p>Se venden en <strong>pack de 12 cepillos<\/strong>, cada uno con su caja individual de cart\u00f3n reciclado. Es un producto econ\u00f3mico y f\u00e1cil de usar.&nbsp;<\/p>\n<p>El bamb\u00fa es un recurso que se renueva r\u00e1pidamente, adem\u00e1s de ser <strong>antif\u00fangico y antibacteriano.&nbsp;<\/strong><\/p>\n<p><strong>Los cepillos de dientes est\u00e1n hechos de bamb\u00fa y las cerdas son de nailon.&nbsp;<\/strong><\/p>\n","protected":false},"excerpt":{"rendered":"<p>Si busca productos que biodegradables o que no da\u00f1en tanto el medio ambiente, los cepillos de dientes de bamb\u00fa de Aroma Sentia Espa\u00f1a son una muy buena alternativa.&nbsp; Se venden en pack de 12 cepillos, cada uno con su caja individual de cart\u00f3n reciclado. Es un producto econ\u00f3mico y f\u00e1cil de usar.&nbsp; El bamb\u00fa es [&hellip;]<\/p>\n","protected":false},"featured_media":276651,"comment_status":"closed","ping_status":"open","template":"","meta":{"_angie_page":false},"product_brand":[],"product_cat":[19453],"product_tag":[],"class_list":{"0":"post-241038","1":"product","2":"type-product","3":"status-publish","4":"has-post-thumbnail","6":"product_cat-bano-y-ducha","7":"pa_collection-bamboo-toothbrush-bamboo-cotton-buds-es","8":"pa_made-in-china","10":"first","11":"instock","12":"purchasable","13":"product-type-simple"},"supplier_id":null,"supplier_sku":"BamTB-02","barcode":null,"atum_controlled":true,"out_stock_date":null,"out_stock_threshold":null,"inheritable":false,"inbound_stock":null,"stock_on_hold":0,"sold_today":0,"sales_last_days":0,"reserved_stock":null,"customer_returns":null,"warehouse_damage":null,"lost_in_post":null,"other_logs":null,"out_stock_days":0,"lost_sales":0,"has_location":null,"update_date":"2026-04-27T06:53:32","atum_locations":[],"atum_stock_status":"instock","restock_status":false,"low_stock_amount":"","sales_update_date":"2026-02-06T00:02:01","calc_backorders":null,"_links":{"self":[{"href":"https:\/\/aromasentia.com\/es\/wp-json\/wp\/v2\/product\/241038","targetHints":{"allow":["GET"]}}],"collection":[{"href":"https:\/\/aromasentia.com\/es\/wp-json\/wp\/v2\/product"}],"about":[{"href":"https:\/\/aromasentia.com\/es\/wp-json\/wp\/v2\/types\/product"}],"replies":[{"embeddable":true,"href":"https:\/\/aromasentia.com\/es\/wp-json\/wp\/v2\/comments?post=241038"}],"version-history":[{"count":0,"href":"https:\/\/aromasentia.com\/es\/wp-json\/wp\/v2\/product\/241038\/revisions"}],"wp:featuredmedia":[{"embeddable":true,"href":"https:\/\/aromasentia.com\/es\/wp-json\/wp\/v2\/media\/276651"}],"wp:attachment":[{"href":"https:\/\/aromasentia.com\/es\/wp-json\/wp\/v2\/media?parent=241038"}],"wp:term":[{"taxonomy":"product_brand","embeddable":true,"href":"https:\/\/aromasentia.com\/es\/wp-json\/wp\/v2\/product_brand?post=241038"},{"taxonomy":"product_cat","embeddable":true,"href":"https:\/\/aromasentia.com\/es\/wp-json\/wp\/v2\/product_cat?post=241038"},{"taxonomy":"product_tag","embeddable":true,"href":"https:\/\/aromasentia.com\/es\/wp-json\/wp\/v2\/product_tag?post=241038"}],"curies":[{"name":"wp","href":"https:\/\/api.w.org\/{rel}","templated":true}]}}