{"id":240994,"date":"2025-03-20T16:24:19","date_gmt":"2025-03-20T16:24:19","guid":{"rendered":"https:\/\/aromasentia.com\/product\/1-3kg-box-of-chill-pills-rose\/"},"modified":"2025-05-31T19:57:05","modified_gmt":"2025-05-31T19:57:05","slug":"1-3kg-mini-bombitas-rosa","status":"publish","type":"product","link":"https:\/\/aromasentia.com\/es\/1-3kg-mini-bombitas-rosa\/","title":{"rendered":"1.3Kg Mini-Bombitas &#8211; Rosa"},"content":{"rendered":"<p>Compra todos los tipos para crear un escaparate llamativo en tu tienda online que tus clientes no podr\u00e1n resistir. 400; letter-spacing: normal; orphans: 2; text-align: start; text-indent: 0px; text-transform: none; white-space: normal; widows: 2; word-spacing: 0px; -webkit-text-stroke-width: 0px; color de fondo: rgb(255, 255, 255); grosor de la decoraci\u00f3n del texto: inicial; estilo de la decoraci\u00f3n del texto: inicial; color de la decoraci\u00f3n del texto: inicial;\u00bb>Perfecto para regalos de boda (tambi\u00e9n puedes vender bolsitas de organza). A los ni\u00f1os les encantan: echa uno o dos en la ba\u00f1era para que se diviertan y disfruten de las burbujas. Los adultos tambi\u00e9n pueden relajarse con una o tres pastillas de ba\u00f1o. <br style=\"color: rgb(114, 114, 114); font-family: Ubuntu, sans-serif; font-size: 16px; font-style: normal; font-variant-ligatures: normal; font-variant-caps: normal; font-weight: 400; letter-spacing: normal; orphans: 2; text-align: start; text-indent: 0px; text-transform: none; white-space: normal; widows: 2; word-spacing: 0px; -webkit-text-stroke-width: 0px; color de fondo: rgb(255, 255, 255); grosor de la decoraci\u00f3n del texto: inicial; estilo de la decoraci\u00f3n del texto: inicial; color de la decoraci\u00f3n del texto: inicial;\">Ideal para un spa para pies: a\u00f1ade uno para darle un toque extra de lujo.<\/p>\n","protected":false},"excerpt":{"rendered":"<p>Compra todos los tipos para crear un escaparate llamativo en tu tienda online que tus clientes no podr\u00e1n resistir. 400; letter-spacing: normal; orphans: 2; text-align: start; text-indent: 0px; text-transform: none; white-space: normal; widows: 2; word-spacing: 0px; -webkit-text-stroke-width: 0px; color de fondo: rgb(255, 255, 255); grosor de la decoraci\u00f3n del texto: inicial; estilo de la decoraci\u00f3n [&hellip;]<\/p>\n","protected":false},"featured_media":275158,"comment_status":"closed","ping_status":"open","template":"","meta":[],"product_brand":[],"product_cat":[25844,19453,20515,26835,26367],"product_tag":[],"class_list":{"0":"post-240994","1":"product","2":"type-product","3":"status-publish","4":"has-post-thumbnail","6":"product_cat-aromas","7":"product_cat-bano-y-ducha","8":"product_cat-bombas-de-bano","9":"product_cat-floral","10":"product_cat-rosa","11":"pa_collection-aw-chill-pills-1-3kg-display-box-es","12":"pa_made-in-reino-unido","14":"first","15":"instock","16":"purchasable","17":"product-type-simple"},"supplier_id":null,"supplier_sku":"AWChill-03","barcode":null,"atum_controlled":true,"out_stock_date":null,"out_stock_threshold":null,"inheritable":false,"inbound_stock":null,"stock_on_hold":0,"sold_today":0,"sales_last_days":0,"reserved_stock":null,"customer_returns":null,"warehouse_damage":null,"lost_in_post":null,"other_logs":null,"out_stock_days":0,"lost_sales":0,"has_location":null,"update_date":"2026-02-08T11:16:48","atum_locations":[],"atum_stock_status":"instock","restock_status":false,"low_stock_amount":"","sales_update_date":"2025-10-09T03:24:09","calc_backorders":null,"_links":{"self":[{"href":"https:\/\/aromasentia.com\/es\/wp-json\/wp\/v2\/product\/240994","targetHints":{"allow":["GET"]}}],"collection":[{"href":"https:\/\/aromasentia.com\/es\/wp-json\/wp\/v2\/product"}],"about":[{"href":"https:\/\/aromasentia.com\/es\/wp-json\/wp\/v2\/types\/product"}],"replies":[{"embeddable":true,"href":"https:\/\/aromasentia.com\/es\/wp-json\/wp\/v2\/comments?post=240994"}],"version-history":[{"count":0,"href":"https:\/\/aromasentia.com\/es\/wp-json\/wp\/v2\/product\/240994\/revisions"}],"wp:featuredmedia":[{"embeddable":true,"href":"https:\/\/aromasentia.com\/es\/wp-json\/wp\/v2\/media\/275158"}],"wp:attachment":[{"href":"https:\/\/aromasentia.com\/es\/wp-json\/wp\/v2\/media?parent=240994"}],"wp:term":[{"taxonomy":"product_brand","embeddable":true,"href":"https:\/\/aromasentia.com\/es\/wp-json\/wp\/v2\/product_brand?post=240994"},{"taxonomy":"product_cat","embeddable":true,"href":"https:\/\/aromasentia.com\/es\/wp-json\/wp\/v2\/product_cat?post=240994"},{"taxonomy":"product_tag","embeddable":true,"href":"https:\/\/aromasentia.com\/es\/wp-json\/wp\/v2\/product_tag?post=240994"}],"curies":[{"name":"wp","href":"https:\/\/api.w.org\/{rel}","templated":true}]}}