{"id":240974,"date":"2025-03-20T16:24:19","date_gmt":"2025-03-20T16:24:19","guid":{"rendered":"https:\/\/aromasentia.com\/product\/lemon-yellow-eo-soap-loaf-1-3kg\/"},"modified":"2025-05-31T19:56:49","modified_gmt":"2025-05-31T19:56:49","slug":"limon-jabon-con-aceites-esenciales-1-3kg","status":"publish","type":"product","link":"https:\/\/aromasentia.com\/es\/limon-jabon-con-aceites-esenciales-1-3kg\/","title":{"rendered":"Limon &#8211; Jabon con Aceites Esenciales 1.3kg"},"content":{"rendered":"<p>Sum\u00e9rjase en la vigorizante esencia de los c\u00edtricos con nuestro <strong>Jab\u00f3n de aceite esencial de lim\u00f3n al por mayor<\/strong>. Esta generosa pastilla de jab\u00f3n de <strong>1,3 kg<\/strong>, adornada con un radiante <strong>tono amarillo<\/strong>, es un estallido de frescura para el ritual de ba\u00f1o de sus clientes.<\/p>\n<p>Nuestra pastilla de jab\u00f3n captura el <strong>crispante y revitalizante aroma de los limones frescos<\/strong>, proporcionando un escape sensorial que energiza y rejuvenece. El vibrante color amarillo de nuestra pastilla de jab\u00f3n recuerda a una arboleda de c\u00edtricos iluminada por el sol. A\u00f1ada un toque de sol a los estantes de su tienda, creando un llamativo expositor que atraiga a los clientes a experimentar los brillantes y refrescantes beneficios del lim\u00f3n.<\/p>\n<p>Adem\u00e1s de su refrescante aroma, nuestro Jab\u00f3n de Aceite Esencial de Lim\u00f3n al por mayor est\u00e1 elaborado con ingredientes de primera calidad para <strong>limpiar y mimar la piel<\/strong>. Disfrute de la sensaci\u00f3n vigorizante del lim\u00f3n mientras nutre la piel con cada uso.<\/p>\n<p>Exhiba nuestra pastilla de jab\u00f3n de forma destacada para atraer a los clientes que buscan una explosi\u00f3n de energ\u00eda y una deliciosa experiencia de ba\u00f1o.<\/p>\n<p>Disfrute de la sensaci\u00f3n vigorizante del lim\u00f3n mientras nutre la piel con cada uso.<\/p>\n","protected":false},"excerpt":{"rendered":"<p>Sum\u00e9rjase en la vigorizante esencia de los c\u00edtricos con nuestro Jab\u00f3n de aceite esencial de lim\u00f3n al por mayor. Esta generosa pastilla de jab\u00f3n de 1,3 kg, adornada con un radiante tono amarillo, es un estallido de frescura para el ritual de ba\u00f1o de sus clientes. Nuestra pastilla de jab\u00f3n captura el crispante y revitalizante [&hellip;]<\/p>\n","protected":false},"featured_media":642403,"comment_status":"closed","ping_status":"open","template":"","meta":[],"product_brand":[],"product_cat":[25844,19453,26821,20592,26236],"product_tag":[],"class_list":{"0":"post-240974","1":"product","2":"type-product","3":"status-publish","4":"has-post-thumbnail","6":"product_cat-aromas","7":"product_cat-bano-y-ducha","8":"product_cat-citrico","9":"product_cat-jabones-ecologicos-naturales","10":"product_cat-limon","11":"pa_collection-aromatherapy-soap-loaves-1-3-kg-and-slices-es","12":"pa_made-in-reino-unido","14":"first","15":"outofstock","16":"purchasable","17":"product-type-simple"},"supplier_id":null,"supplier_sku":"ASoap-04a","barcode":null,"atum_controlled":true,"out_stock_date":"2025-12-12 03:29:10","out_stock_threshold":null,"inheritable":false,"inbound_stock":null,"stock_on_hold":0,"sold_today":0,"sales_last_days":0,"reserved_stock":null,"customer_returns":null,"warehouse_damage":null,"lost_in_post":null,"other_logs":null,"out_stock_days":55,"lost_sales":0,"has_location":null,"update_date":"2026-02-06T00:01:10","atum_locations":[],"atum_stock_status":"outofstock","restock_status":false,"low_stock_amount":"","sales_update_date":"2026-02-06T00:01:10","calc_backorders":null,"_links":{"self":[{"href":"https:\/\/aromasentia.com\/es\/wp-json\/wp\/v2\/product\/240974","targetHints":{"allow":["GET"]}}],"collection":[{"href":"https:\/\/aromasentia.com\/es\/wp-json\/wp\/v2\/product"}],"about":[{"href":"https:\/\/aromasentia.com\/es\/wp-json\/wp\/v2\/types\/product"}],"replies":[{"embeddable":true,"href":"https:\/\/aromasentia.com\/es\/wp-json\/wp\/v2\/comments?post=240974"}],"version-history":[{"count":0,"href":"https:\/\/aromasentia.com\/es\/wp-json\/wp\/v2\/product\/240974\/revisions"}],"wp:featuredmedia":[{"embeddable":true,"href":"https:\/\/aromasentia.com\/es\/wp-json\/wp\/v2\/media\/642403"}],"wp:attachment":[{"href":"https:\/\/aromasentia.com\/es\/wp-json\/wp\/v2\/media?parent=240974"}],"wp:term":[{"taxonomy":"product_brand","embeddable":true,"href":"https:\/\/aromasentia.com\/es\/wp-json\/wp\/v2\/product_brand?post=240974"},{"taxonomy":"product_cat","embeddable":true,"href":"https:\/\/aromasentia.com\/es\/wp-json\/wp\/v2\/product_cat?post=240974"},{"taxonomy":"product_tag","embeddable":true,"href":"https:\/\/aromasentia.com\/es\/wp-json\/wp\/v2\/product_tag?post=240974"}],"curies":[{"name":"wp","href":"https:\/\/api.w.org\/{rel}","templated":true}]}}