{"id":240970,"date":"2025-03-20T16:24:19","date_gmt":"2025-03-20T16:24:19","guid":{"rendered":"https:\/\/aromasentia.com\/product\/peppermint-tint-green-eo-soap-loaf-1-3kg\/"},"modified":"2025-05-31T19:56:46","modified_gmt":"2025-05-31T19:56:46","slug":"menta-jabon-con-aceites-esenciales-1-3kg","status":"publish","type":"product","link":"https:\/\/aromasentia.com\/es\/menta-jabon-con-aceites-esenciales-1-3kg\/","title":{"rendered":"Menta &#8211;  Jabon con Aceites Esenciales 1.3kg"},"content":{"rendered":"<p>Entre en un mundo de rejuvenecimiento y frescura con nuestra <strong>Paleta de Jab\u00f3n de Aceite Esencial de Menta Piperita al por mayor<\/strong>.El refrescante e intemporal aroma de la menta hace de este jab\u00f3n un favorito durante todo el a\u00f1o. Atrae a los clientes que buscan un estallido de frescor independientemente de la estaci\u00f3n del a\u00f1o. El tinte verde fresco no s\u00f3lo mejora el atractivo est\u00e9tico de su espacio de venta, sino que tambi\u00e9n comunica las cualidades naturales y refrescantes de la fragancia de menta.&nbsp;<\/p>\n<p>M\u00e1s all\u00e1 de la estimulante fragancia, nuestro Jab\u00f3n de Aceite Esencial de Menta al por mayor est\u00e1 elaborado con ingredientes de primera calidad para <strong>limpiar y refrescar la piel<\/strong>.&nbsp;<\/p>\n<p>Cree un atractivo expositor en sus estantes de venta al por menor, invitando a los clientes a deleitarse con las propiedades refrescantes y rejuvenecedoras de la menta piperita. &nbsp;<\/p>\n<p>Limpie y refresque la piel.<\/p>\n","protected":false},"excerpt":{"rendered":"<p>Entre en un mundo de rejuvenecimiento y frescura con nuestra Paleta de Jab\u00f3n de Aceite Esencial de Menta Piperita al por mayor.El refrescante e intemporal aroma de la menta hace de este jab\u00f3n un favorito durante todo el a\u00f1o. Atrae a los clientes que buscan un estallido de frescor independientemente de la estaci\u00f3n del a\u00f1o. [&hellip;]<\/p>\n","protected":false},"featured_media":642395,"comment_status":"closed","ping_status":"open","template":"","meta":[],"product_brand":[],"product_cat":[25844,19453,20592,26339,26877],"product_tag":[],"class_list":{"0":"post-240970","1":"product","2":"type-product","3":"status-publish","4":"has-post-thumbnail","6":"product_cat-aromas","7":"product_cat-bano-y-ducha","8":"product_cat-jabones-ecologicos-naturales","9":"product_cat-menta-piperita","10":"product_cat-mentolado","11":"pa_collection-aromatherapy-soap-loaves-1-3-kg-and-slices-es","12":"pa_made-in-reino-unido","14":"first","15":"instock","16":"purchasable","17":"product-type-simple"},"supplier_id":null,"supplier_sku":"ASoap-05a","barcode":null,"atum_controlled":true,"out_stock_date":null,"out_stock_threshold":null,"inheritable":false,"inbound_stock":null,"stock_on_hold":0,"sold_today":0,"sales_last_days":0,"reserved_stock":null,"customer_returns":null,"warehouse_damage":null,"lost_in_post":null,"other_logs":null,"out_stock_days":0,"lost_sales":0,"has_location":null,"update_date":"2026-01-30T01:24:42","atum_locations":[],"atum_stock_status":"instock","restock_status":false,"low_stock_amount":"","sales_update_date":"2026-01-30T01:24:42","calc_backorders":null,"_links":{"self":[{"href":"https:\/\/aromasentia.com\/es\/wp-json\/wp\/v2\/product\/240970","targetHints":{"allow":["GET"]}}],"collection":[{"href":"https:\/\/aromasentia.com\/es\/wp-json\/wp\/v2\/product"}],"about":[{"href":"https:\/\/aromasentia.com\/es\/wp-json\/wp\/v2\/types\/product"}],"replies":[{"embeddable":true,"href":"https:\/\/aromasentia.com\/es\/wp-json\/wp\/v2\/comments?post=240970"}],"version-history":[{"count":0,"href":"https:\/\/aromasentia.com\/es\/wp-json\/wp\/v2\/product\/240970\/revisions"}],"wp:featuredmedia":[{"embeddable":true,"href":"https:\/\/aromasentia.com\/es\/wp-json\/wp\/v2\/media\/642395"}],"wp:attachment":[{"href":"https:\/\/aromasentia.com\/es\/wp-json\/wp\/v2\/media?parent=240970"}],"wp:term":[{"taxonomy":"product_brand","embeddable":true,"href":"https:\/\/aromasentia.com\/es\/wp-json\/wp\/v2\/product_brand?post=240970"},{"taxonomy":"product_cat","embeddable":true,"href":"https:\/\/aromasentia.com\/es\/wp-json\/wp\/v2\/product_cat?post=240970"},{"taxonomy":"product_tag","embeddable":true,"href":"https:\/\/aromasentia.com\/es\/wp-json\/wp\/v2\/product_tag?post=240970"}],"curies":[{"name":"wp","href":"https:\/\/api.w.org\/{rel}","templated":true}]}}