{"id":240962,"date":"2025-03-20T16:25:36","date_gmt":"2025-03-20T16:25:36","guid":{"rendered":"https:\/\/aromasentia.com\/product\/lemon-meringue-pie-bath-dust-200g\/"},"modified":"2025-05-31T19:56:38","modified_gmt":"2025-05-31T19:56:38","slug":"polvo-de-bano-de-tarta-de-limon-190gr","status":"publish","type":"product","link":"https:\/\/aromasentia.com\/es\/polvo-de-bano-de-tarta-de-limon-190gr\/","title":{"rendered":"Polvo de Ba\u00f1o de Tarta de Lim\u00f3n 190gr"},"content":{"rendered":"<p>Transforme su ba\u00f1o en una dulce delicia con el Polvo de Ba\u00f1o de Tarta de Lim\u00f3n y Merengue. Esta deliciosa bolsita de 200 g burbujea y hace espuma, liberando el irresistible aroma de la sabrosa cuajada de lim\u00f3n coronada con dulce y esponjoso merengue. Suaviza el agua y mima la piel, creando un ba\u00f1o divertido, arom\u00e1tico y placentero. Espolvor\u00e9alo en el agua caliente y deja que el reconfortante aroma a panader\u00eda fresca te envuelva, convirtiendo un ba\u00f1o normal en una escapada deliciosamente divertida y relajante que huele lo suficientemente bien como para com\u00e9rselo.<\/p>\n","protected":false},"excerpt":{"rendered":"<p>Transforme su ba\u00f1o en una dulce delicia con el Polvo de Ba\u00f1o de Tarta de Lim\u00f3n y Merengue. Esta deliciosa bolsita de 200 g burbujea y hace espuma, liberando el irresistible aroma de la sabrosa cuajada de lim\u00f3n coronada con dulce y esponjoso merengue. Suaviza el agua y mima la piel, creando un ba\u00f1o divertido, [&hellip;]<\/p>\n","protected":false},"featured_media":277432,"comment_status":"closed","ping_status":"open","template":"","meta":{"_angie_page":false},"product_brand":[],"product_cat":[25844,19453,26821,26236,20685],"product_tag":[],"class_list":{"0":"post-240962","1":"product","2":"type-product","3":"status-publish","4":"has-post-thumbnail","6":"product_cat-aromas","7":"product_cat-bano-y-ducha","8":"product_cat-citrico","9":"product_cat-limon","10":"product_cat-sales-de-bano","11":"pa_collection-bath-dust-190g-es","12":"pa_made-in-reino-unido","13":"pa_size-200g","15":"first","16":"instock","17":"purchasable","18":"product-type-simple"},"supplier_id":null,"supplier_sku":"BAS-35","barcode":null,"atum_controlled":true,"out_stock_date":null,"out_stock_threshold":null,"inheritable":false,"inbound_stock":null,"stock_on_hold":0,"sold_today":0,"sales_last_days":0,"reserved_stock":null,"customer_returns":null,"warehouse_damage":null,"lost_in_post":null,"other_logs":null,"out_stock_days":0,"lost_sales":0,"has_location":null,"update_date":"2026-04-27T06:53:55","atum_locations":[],"atum_stock_status":"instock","restock_status":false,"low_stock_amount":"","sales_update_date":"2025-10-09T03:25:41","calc_backorders":null,"_links":{"self":[{"href":"https:\/\/aromasentia.com\/es\/wp-json\/wp\/v2\/product\/240962","targetHints":{"allow":["GET"]}}],"collection":[{"href":"https:\/\/aromasentia.com\/es\/wp-json\/wp\/v2\/product"}],"about":[{"href":"https:\/\/aromasentia.com\/es\/wp-json\/wp\/v2\/types\/product"}],"replies":[{"embeddable":true,"href":"https:\/\/aromasentia.com\/es\/wp-json\/wp\/v2\/comments?post=240962"}],"version-history":[{"count":0,"href":"https:\/\/aromasentia.com\/es\/wp-json\/wp\/v2\/product\/240962\/revisions"}],"wp:featuredmedia":[{"embeddable":true,"href":"https:\/\/aromasentia.com\/es\/wp-json\/wp\/v2\/media\/277432"}],"wp:attachment":[{"href":"https:\/\/aromasentia.com\/es\/wp-json\/wp\/v2\/media?parent=240962"}],"wp:term":[{"taxonomy":"product_brand","embeddable":true,"href":"https:\/\/aromasentia.com\/es\/wp-json\/wp\/v2\/product_brand?post=240962"},{"taxonomy":"product_cat","embeddable":true,"href":"https:\/\/aromasentia.com\/es\/wp-json\/wp\/v2\/product_cat?post=240962"},{"taxonomy":"product_tag","embeddable":true,"href":"https:\/\/aromasentia.com\/es\/wp-json\/wp\/v2\/product_tag?post=240962"}],"curies":[{"name":"wp","href":"https:\/\/api.w.org\/{rel}","templated":true}]}}