{"id":240906,"date":"2025-03-20T16:25:36","date_gmt":"2025-03-20T16:25:36","guid":{"rendered":"https:\/\/aromasentia.com\/product\/oriental-musk-bath-dust-200g\/"},"modified":"2025-05-31T19:55:40","modified_gmt":"2025-05-31T19:55:40","slug":"polvo-de-bano-de-almizcle-oriental-190gr","status":"publish","type":"product","link":"https:\/\/aromasentia.com\/es\/polvo-de-bano-de-almizcle-oriental-190gr\/","title":{"rendered":"Polvo de Ba\u00f1o de Almizcle Oriental 190gr"},"content":{"rendered":"<p>Sum\u00e9rjase en un ba\u00f1o ex\u00f3tico y sensual con el Polvo de Ba\u00f1o de Almizcle Oriental. Esta bolsita de 200 g de polvo perfumado se disuelve para liberar un rico, c\u00e1lido y misterioso aroma a almizcle, posiblemente mezclado con sutiles especias o notas ambarinas. Crea una experiencia de ba\u00f1o profundamente relajante y opulenta, suavizando el agua y dejando la piel suave y seductoramente perfumada. Perfecto para relajarse y mimar los sentidos, transforma el ba\u00f1o en una lujosa escapada a tierras lejanas y m\u00edsticas.<\/p>\n","protected":false},"excerpt":{"rendered":"<p>Sum\u00e9rjase en un ba\u00f1o ex\u00f3tico y sensual con el Polvo de Ba\u00f1o de Almizcle Oriental. Esta bolsita de 200 g de polvo perfumado se disuelve para liberar un rico, c\u00e1lido y misterioso aroma a almizcle, posiblemente mezclado con sutiles especias o notas ambarinas. Crea una experiencia de ba\u00f1o profundamente relajante y opulenta, suavizando el agua [&hellip;]<\/p>\n","protected":false},"featured_media":277630,"comment_status":"closed","ping_status":"open","template":"","meta":{"_angie_page":false},"product_brand":[],"product_cat":[19453,20685],"product_tag":[],"class_list":{"0":"post-240906","1":"product","2":"type-product","3":"status-publish","4":"has-post-thumbnail","6":"product_cat-bano-y-ducha","7":"product_cat-sales-de-bano","8":"pa_collection-bath-dust-190g-es","9":"pa_made-in-reino-unido","10":"pa_size-200g","12":"first","13":"instock","14":"purchasable","15":"product-type-simple"},"supplier_id":null,"supplier_sku":"BAS-29","barcode":null,"atum_controlled":true,"out_stock_date":null,"out_stock_threshold":null,"inheritable":false,"inbound_stock":null,"stock_on_hold":0,"sold_today":0,"sales_last_days":0,"reserved_stock":null,"customer_returns":null,"warehouse_damage":null,"lost_in_post":null,"other_logs":null,"out_stock_days":33,"lost_sales":0,"has_location":null,"update_date":"2026-04-27T06:53:55","atum_locations":[],"atum_stock_status":"instock","restock_status":false,"low_stock_amount":"","sales_update_date":"2026-01-20T05:14:46","calc_backorders":null,"_links":{"self":[{"href":"https:\/\/aromasentia.com\/es\/wp-json\/wp\/v2\/product\/240906","targetHints":{"allow":["GET"]}}],"collection":[{"href":"https:\/\/aromasentia.com\/es\/wp-json\/wp\/v2\/product"}],"about":[{"href":"https:\/\/aromasentia.com\/es\/wp-json\/wp\/v2\/types\/product"}],"replies":[{"embeddable":true,"href":"https:\/\/aromasentia.com\/es\/wp-json\/wp\/v2\/comments?post=240906"}],"version-history":[{"count":0,"href":"https:\/\/aromasentia.com\/es\/wp-json\/wp\/v2\/product\/240906\/revisions"}],"wp:featuredmedia":[{"embeddable":true,"href":"https:\/\/aromasentia.com\/es\/wp-json\/wp\/v2\/media\/277630"}],"wp:attachment":[{"href":"https:\/\/aromasentia.com\/es\/wp-json\/wp\/v2\/media?parent=240906"}],"wp:term":[{"taxonomy":"product_brand","embeddable":true,"href":"https:\/\/aromasentia.com\/es\/wp-json\/wp\/v2\/product_brand?post=240906"},{"taxonomy":"product_cat","embeddable":true,"href":"https:\/\/aromasentia.com\/es\/wp-json\/wp\/v2\/product_cat?post=240906"},{"taxonomy":"product_tag","embeddable":true,"href":"https:\/\/aromasentia.com\/es\/wp-json\/wp\/v2\/product_tag?post=240906"}],"curies":[{"name":"wp","href":"https:\/\/api.w.org\/{rel}","templated":true}]}}