{"id":240902,"date":"2025-03-20T16:25:36","date_gmt":"2025-03-20T16:25:36","guid":{"rendered":"https:\/\/aromasentia.com\/product\/raspberry-black-pepper-bath-dust-200g\/"},"modified":"2025-05-31T19:55:37","modified_gmt":"2025-05-31T19:55:37","slug":"polvo-de-bano-de-frambuesa-y-pimienta-negra-190gr","status":"publish","type":"product","link":"https:\/\/aromasentia.com\/es\/polvo-de-bano-de-frambuesa-y-pimienta-negra-190gr\/","title":{"rendered":"Polvo de Ba\u00f1o de Frambuesa y Pimienta Negra 190gr"},"content":{"rendered":"<h6><strong>Polvo de Ba\u00f1o de Frambuesa y Pimienta Negra al por mayor 190g:&nbsp;<\/strong><\/h6>\n<p>Transforma los ba\u00f1os ordinarios en experiencias extraordinarias con<strong>&#038;nbspPolvo de Ba\u00f1o Ancient Wisdom.<\/strong>Infundido con las tentadoras fragancias de<strong><span style=\"color: rgb(209, 72, 65);\">&nbsp;frambuesas<\/span><\/strong> y vigorizantes<strong><span style=\"color: rgb(0, 0, 0);\">&nbsp;pimienta negra,<\/span><\/strong> esta lujosa mezcla lleva el ba\u00f1o a un nivel completamente nuevo.<\/p>\n<p>Pero lo que distingue a estos polvos de ba\u00f1o es la inclusi\u00f3n de <strong>Mantequilla de Karit\u00e9<\/strong>, una maravilla natural para la piel. Mientras sus clientes se sumergen en las aguas perfumadas, la manteca de karit\u00e9 obra su magia, dejando su piel con una sensaci\u00f3n de suavidad, hidrataci\u00f3n y nutrici\u00f3n supremas.<\/p>\n<p>Perfectamente adecuado para tiendas boutique y minoristas de spa que buscan cautivar a sus clientes con una sensaci\u00f3n de ba\u00f1o verdaderamente \u00fanica y revitalizante. Convierta el ba\u00f1o de sus clientes en un momento de pura felicidad.<\/p>\n<p><strong>Haga su pedido hoy mismo para tener este producto imprescindible en sus estanter\u00edas.<\/strong><\/p>\n<p><strong>Prep\u00e1rese para disfrutar de una experiencia de ba\u00f1o \u00fanica y revitalizante.<\/p>\n","protected":false},"excerpt":{"rendered":"<p>Polvo de Ba\u00f1o de Frambuesa y Pimienta Negra al por mayor 190g:&nbsp; Transforma los ba\u00f1os ordinarios en experiencias extraordinarias con&#038;nbspPolvo de Ba\u00f1o Ancient Wisdom.Infundido con las tentadoras fragancias de&nbsp;frambuesas y vigorizantes&nbsp;pimienta negra, esta lujosa mezcla lleva el ba\u00f1o a un nivel completamente nuevo. Pero lo que distingue a estos polvos de ba\u00f1o es la inclusi\u00f3n [&hellip;]<\/p>\n","protected":false},"featured_media":277597,"comment_status":"closed","ping_status":"open","template":"","meta":{"_angie_page":false},"product_brand":[],"product_cat":[19453,20685],"product_tag":[],"class_list":{"0":"post-240902","1":"product","2":"type-product","3":"status-publish","4":"has-post-thumbnail","6":"product_cat-bano-y-ducha","7":"product_cat-sales-de-bano","8":"pa_collection-bath-dust-190g-es","9":"pa_made-in-reino-unido","10":"pa_size-200g","12":"first","13":"instock","14":"purchasable","15":"product-type-simple"},"supplier_id":null,"supplier_sku":"BAS-30","barcode":null,"atum_controlled":true,"out_stock_date":null,"out_stock_threshold":null,"inheritable":false,"inbound_stock":null,"stock_on_hold":0,"sold_today":0,"sales_last_days":0,"reserved_stock":null,"customer_returns":null,"warehouse_damage":null,"lost_in_post":null,"other_logs":null,"out_stock_days":0,"lost_sales":0,"has_location":null,"update_date":"2026-04-29T06:53:35","atum_locations":[],"atum_stock_status":"instock","restock_status":false,"low_stock_amount":"","sales_update_date":"2026-01-20T05:14:00","calc_backorders":null,"_links":{"self":[{"href":"https:\/\/aromasentia.com\/es\/wp-json\/wp\/v2\/product\/240902","targetHints":{"allow":["GET"]}}],"collection":[{"href":"https:\/\/aromasentia.com\/es\/wp-json\/wp\/v2\/product"}],"about":[{"href":"https:\/\/aromasentia.com\/es\/wp-json\/wp\/v2\/types\/product"}],"replies":[{"embeddable":true,"href":"https:\/\/aromasentia.com\/es\/wp-json\/wp\/v2\/comments?post=240902"}],"version-history":[{"count":0,"href":"https:\/\/aromasentia.com\/es\/wp-json\/wp\/v2\/product\/240902\/revisions"}],"wp:featuredmedia":[{"embeddable":true,"href":"https:\/\/aromasentia.com\/es\/wp-json\/wp\/v2\/media\/277597"}],"wp:attachment":[{"href":"https:\/\/aromasentia.com\/es\/wp-json\/wp\/v2\/media?parent=240902"}],"wp:term":[{"taxonomy":"product_brand","embeddable":true,"href":"https:\/\/aromasentia.com\/es\/wp-json\/wp\/v2\/product_brand?post=240902"},{"taxonomy":"product_cat","embeddable":true,"href":"https:\/\/aromasentia.com\/es\/wp-json\/wp\/v2\/product_cat?post=240902"},{"taxonomy":"product_tag","embeddable":true,"href":"https:\/\/aromasentia.com\/es\/wp-json\/wp\/v2\/product_tag?post=240902"}],"curies":[{"name":"wp","href":"https:\/\/api.w.org\/{rel}","templated":true}]}}