{"id":240898,"date":"2025-03-20T16:25:36","date_gmt":"2025-03-20T16:25:36","guid":{"rendered":"https:\/\/aromasentia.com\/product\/angel-delight-bath-dust-200g\/"},"modified":"2025-05-31T19:55:34","modified_gmt":"2025-05-31T19:55:34","slug":"polvo-de-bano-de-delicias-de-angel-190gr","status":"publish","type":"product","link":"https:\/\/aromasentia.com\/es\/polvo-de-bano-de-delicias-de-angel-190gr\/","title":{"rendered":"Polvo de Ba\u00f1o de Delicias de \u00c1ngel 190gr"},"content":{"rendered":"<p>Notas altas :&nbsp;Bergamota &amp; Mandarina.<br style=\"box-sizing: inherit; color: rgb(29, 28, 29); font-family: Slack-Lato, Slack-Fractions, appleLogo, sans-serif; font-size: 15px; font-style: normal; font-variant-ligatures: common-ligatures; font-variant-caps: normal; font-weight: 400; letter-spacing: normal; orphans: 2; text-align: left; text-indent: 0px; text-transform: none; white-space: normal; widows: 2; word-spacing: 0px; -webkit-text-stroke-width: 0px; background-color: rgb(255, 255, 255); text-decoration-thickness: initial; text-decoration-style: initial; text-decoration-color: initial;\">Notas de Coraz\u00f3n :&nbsp;Fruta de la Pasi\u00f3n, Melocot\u00f3n y Albaricoque.<br style=\"box-sizing: inherit; color: rgb(29, 28, 29); font-family: Slack-Lato, Slack-Fracciones, appleLogo, sans-serif; font-size: 15px; font-style: normal; font-variant-ligatures: common-ligatures; font-variant-caps: normal; font-weight: 400; letter-spacing: normal; orphans: 2; text-align: left; text-indent: 0px; text-transform: none; white-space: normal; widows: 2; word-spacing: 0px; -webkit-text-stroke-width: 0px; background-color: rgb(255, 255, 255); text-decoration-thickness: initial; text-decoration-style: initial; text-decoration-color: initial;\">Notas de Fondo : Pachul\u00ed, chocolate, vainilla y caramelo.<\/p>\n","protected":false},"excerpt":{"rendered":"<p>Notas altas :&nbsp;Bergamota &amp; Mandarina.Notas de Coraz\u00f3n :&nbsp;Fruta de la Pasi\u00f3n, Melocot\u00f3n y Albaricoque.Notas de Fondo : Pachul\u00ed, chocolate, vainilla y caramelo.<\/p>\n","protected":false},"featured_media":277564,"comment_status":"closed","ping_status":"open","template":"","meta":{"_angie_page":false},"product_brand":[],"product_cat":[19453,20685],"product_tag":[],"class_list":{"0":"post-240898","1":"product","2":"type-product","3":"status-publish","4":"has-post-thumbnail","6":"product_cat-bano-y-ducha","7":"product_cat-sales-de-bano","8":"pa_collection-bath-dust-190g-es","9":"pa_made-in-reino-unido","10":"pa_size-200g","12":"first","13":"instock","14":"purchasable","15":"product-type-simple"},"supplier_id":null,"supplier_sku":"BAS-31","barcode":null,"atum_controlled":true,"out_stock_date":null,"out_stock_threshold":null,"inheritable":false,"inbound_stock":null,"stock_on_hold":0,"sold_today":0,"sales_last_days":0,"reserved_stock":null,"customer_returns":null,"warehouse_damage":null,"lost_in_post":null,"other_logs":null,"out_stock_days":0,"lost_sales":0,"has_location":null,"update_date":"2026-04-29T18:51:01","atum_locations":[],"atum_stock_status":"instock","restock_status":false,"low_stock_amount":"","sales_update_date":"2026-01-20T05:14:46","calc_backorders":null,"_links":{"self":[{"href":"https:\/\/aromasentia.com\/es\/wp-json\/wp\/v2\/product\/240898","targetHints":{"allow":["GET"]}}],"collection":[{"href":"https:\/\/aromasentia.com\/es\/wp-json\/wp\/v2\/product"}],"about":[{"href":"https:\/\/aromasentia.com\/es\/wp-json\/wp\/v2\/types\/product"}],"replies":[{"embeddable":true,"href":"https:\/\/aromasentia.com\/es\/wp-json\/wp\/v2\/comments?post=240898"}],"version-history":[{"count":0,"href":"https:\/\/aromasentia.com\/es\/wp-json\/wp\/v2\/product\/240898\/revisions"}],"wp:featuredmedia":[{"embeddable":true,"href":"https:\/\/aromasentia.com\/es\/wp-json\/wp\/v2\/media\/277564"}],"wp:attachment":[{"href":"https:\/\/aromasentia.com\/es\/wp-json\/wp\/v2\/media?parent=240898"}],"wp:term":[{"taxonomy":"product_brand","embeddable":true,"href":"https:\/\/aromasentia.com\/es\/wp-json\/wp\/v2\/product_brand?post=240898"},{"taxonomy":"product_cat","embeddable":true,"href":"https:\/\/aromasentia.com\/es\/wp-json\/wp\/v2\/product_cat?post=240898"},{"taxonomy":"product_tag","embeddable":true,"href":"https:\/\/aromasentia.com\/es\/wp-json\/wp\/v2\/product_tag?post=240898"}],"curies":[{"name":"wp","href":"https:\/\/api.w.org\/{rel}","templated":true}]}}