{"id":240894,"date":"2025-03-20T16:25:36","date_gmt":"2025-03-20T16:25:36","guid":{"rendered":"https:\/\/aromasentia.com\/product\/strawberry-pavlova-bath-dust-200g\/"},"modified":"2025-05-31T19:55:30","modified_gmt":"2025-05-31T19:55:30","slug":"polvo-de-bano-de-pavlova-de-fresa-190gr","status":"publish","type":"product","link":"https:\/\/aromasentia.com\/es\/polvo-de-bano-de-pavlova-de-fresa-190gr\/","title":{"rendered":"Polvo de Ba\u00f1o de Pavlova de Fresa 190gr"},"content":{"rendered":"<p>Disfrute de un ba\u00f1o sofisticado y afrutado con el Polvo de Ba\u00f1o Pavlova de Fresa. Esta bolsita de 200 g de fragante efervescencia captura la deliciosa esencia de las fresas dulces y maduras, el ligero merengue y un toque de cremosa vainilla. A medida que se disuelve, libera un elegante y reconfortante aroma que suaviza el agua del ba\u00f1o y deja la piel mimada y delicadamente perfumada. Espolvor\u00e9elo en el agua tibia para disfrutar de una escapada realmente deliciosa, que recuerda a un postre cl\u00e1sico y querido, convirtiendo su ba\u00f1o en un lujoso capricho.<\/p>\n","protected":false},"excerpt":{"rendered":"<p>Disfrute de un ba\u00f1o sofisticado y afrutado con el Polvo de Ba\u00f1o Pavlova de Fresa. Esta bolsita de 200 g de fragante efervescencia captura la deliciosa esencia de las fresas dulces y maduras, el ligero merengue y un toque de cremosa vainilla. A medida que se disuelve, libera un elegante y reconfortante aroma que suaviza [&hellip;]<\/p>\n","protected":false},"featured_media":277531,"comment_status":"closed","ping_status":"open","template":"","meta":{"_angie_page":false},"product_brand":[],"product_cat":[25844,19453,26544,26849,20685],"product_tag":[],"class_list":{"0":"post-240894","1":"product","2":"type-product","3":"status-publish","4":"has-post-thumbnail","6":"product_cat-aromas","7":"product_cat-bano-y-ducha","8":"product_cat-fresa","9":"product_cat-frutal","10":"product_cat-sales-de-bano","11":"pa_collection-bath-dust-190g-es","12":"pa_made-in-reino-unido","13":"pa_size-200g","15":"first","16":"instock","17":"purchasable","18":"product-type-simple"},"supplier_id":null,"supplier_sku":"BAS-32","barcode":null,"atum_controlled":true,"out_stock_date":null,"out_stock_threshold":null,"inheritable":false,"inbound_stock":null,"stock_on_hold":0,"sold_today":0,"sales_last_days":0,"reserved_stock":null,"customer_returns":null,"warehouse_damage":null,"lost_in_post":null,"other_logs":null,"out_stock_days":0,"lost_sales":0,"has_location":null,"update_date":"2026-04-27T06:53:55","atum_locations":[],"atum_stock_status":"instock","restock_status":false,"low_stock_amount":"","sales_update_date":"2025-10-09T03:25:40","calc_backorders":null,"_links":{"self":[{"href":"https:\/\/aromasentia.com\/es\/wp-json\/wp\/v2\/product\/240894","targetHints":{"allow":["GET"]}}],"collection":[{"href":"https:\/\/aromasentia.com\/es\/wp-json\/wp\/v2\/product"}],"about":[{"href":"https:\/\/aromasentia.com\/es\/wp-json\/wp\/v2\/types\/product"}],"replies":[{"embeddable":true,"href":"https:\/\/aromasentia.com\/es\/wp-json\/wp\/v2\/comments?post=240894"}],"version-history":[{"count":0,"href":"https:\/\/aromasentia.com\/es\/wp-json\/wp\/v2\/product\/240894\/revisions"}],"wp:featuredmedia":[{"embeddable":true,"href":"https:\/\/aromasentia.com\/es\/wp-json\/wp\/v2\/media\/277531"}],"wp:attachment":[{"href":"https:\/\/aromasentia.com\/es\/wp-json\/wp\/v2\/media?parent=240894"}],"wp:term":[{"taxonomy":"product_brand","embeddable":true,"href":"https:\/\/aromasentia.com\/es\/wp-json\/wp\/v2\/product_brand?post=240894"},{"taxonomy":"product_cat","embeddable":true,"href":"https:\/\/aromasentia.com\/es\/wp-json\/wp\/v2\/product_cat?post=240894"},{"taxonomy":"product_tag","embeddable":true,"href":"https:\/\/aromasentia.com\/es\/wp-json\/wp\/v2\/product_tag?post=240894"}],"curies":[{"name":"wp","href":"https:\/\/api.w.org\/{rel}","templated":true}]}}