{"id":240838,"date":"2025-03-20T16:27:39","date_gmt":"2025-03-20T16:27:39","guid":{"rendered":"https:\/\/aromasentia.com\/product\/lemon-eucalyptus-bath-dust-200g\/"},"modified":"2025-05-31T19:53:53","modified_gmt":"2025-05-31T19:53:53","slug":"polvo-de-bano-de-eucalipto-y-limon-190gr","status":"publish","type":"product","link":"https:\/\/aromasentia.com\/es\/polvo-de-bano-de-eucalipto-y-limon-190gr\/","title":{"rendered":"Polvo de Ba\u00f1o de Eucalipto y Lim\u00f3n 190gr"},"content":{"rendered":"<p>Refresque y despeje sus sentidos con el polvo de ba\u00f1o de eucalipto y lim\u00f3n. Esta vigorizante bolsita de 200 g combina la brillante c\u00e1scara del lim\u00f3n con las fuertes notas alcanforadas del eucalipto, creando un poderoso aroma limpiador y estimulante. Al disolverse, ayuda a despejar las fosas nasales y a revitalizar la mente cansada. Suaviza el agua mientras su potente fragancia proporciona una experiencia de ba\u00f1o terap\u00e9utica y refrescante, perfecta cuando se necesita un est\u00edmulo natural o un alivio respiratorio.<\/p>\n","protected":false},"excerpt":{"rendered":"<p>Refresque y despeje sus sentidos con el polvo de ba\u00f1o de eucalipto y lim\u00f3n. Esta vigorizante bolsita de 200 g combina la brillante c\u00e1scara del lim\u00f3n con las fuertes notas alcanforadas del eucalipto, creando un poderoso aroma limpiador y estimulante. Al disolverse, ayuda a despejar las fosas nasales y a revitalizar la mente cansada. Suaviza [&hellip;]<\/p>\n","protected":false},"featured_media":277919,"comment_status":"closed","ping_status":"open","template":"","meta":{"_angie_page":false},"product_brand":[],"product_cat":[25844,19453,26821,26178,26236,26870,20685],"product_tag":[],"class_list":{"0":"post-240838","1":"product","2":"type-product","3":"status-publish","4":"has-post-thumbnail","6":"product_cat-aromas","7":"product_cat-bano-y-ducha","8":"product_cat-citrico","9":"product_cat-eucalipto","10":"product_cat-limon","11":"product_cat-medicinal-alcanforado","12":"product_cat-sales-de-bano","13":"pa_collection-bath-dust-190g-es","14":"pa_made-in-reino-unido","15":"pa_size-200g","17":"first","18":"instock","19":"purchasable","20":"product-type-simple"},"supplier_id":null,"supplier_sku":"BAS-18","barcode":null,"atum_controlled":true,"out_stock_date":null,"out_stock_threshold":null,"inheritable":false,"inbound_stock":null,"stock_on_hold":0,"sold_today":0,"sales_last_days":0,"reserved_stock":null,"customer_returns":null,"warehouse_damage":null,"lost_in_post":null,"other_logs":null,"out_stock_days":0,"lost_sales":0,"has_location":null,"update_date":"2026-04-27T06:53:55","atum_locations":[],"atum_stock_status":"instock","restock_status":false,"low_stock_amount":"","sales_update_date":"2026-02-06T00:00:46","calc_backorders":null,"_links":{"self":[{"href":"https:\/\/aromasentia.com\/es\/wp-json\/wp\/v2\/product\/240838","targetHints":{"allow":["GET"]}}],"collection":[{"href":"https:\/\/aromasentia.com\/es\/wp-json\/wp\/v2\/product"}],"about":[{"href":"https:\/\/aromasentia.com\/es\/wp-json\/wp\/v2\/types\/product"}],"replies":[{"embeddable":true,"href":"https:\/\/aromasentia.com\/es\/wp-json\/wp\/v2\/comments?post=240838"}],"version-history":[{"count":0,"href":"https:\/\/aromasentia.com\/es\/wp-json\/wp\/v2\/product\/240838\/revisions"}],"wp:featuredmedia":[{"embeddable":true,"href":"https:\/\/aromasentia.com\/es\/wp-json\/wp\/v2\/media\/277919"}],"wp:attachment":[{"href":"https:\/\/aromasentia.com\/es\/wp-json\/wp\/v2\/media?parent=240838"}],"wp:term":[{"taxonomy":"product_brand","embeddable":true,"href":"https:\/\/aromasentia.com\/es\/wp-json\/wp\/v2\/product_brand?post=240838"},{"taxonomy":"product_cat","embeddable":true,"href":"https:\/\/aromasentia.com\/es\/wp-json\/wp\/v2\/product_cat?post=240838"},{"taxonomy":"product_tag","embeddable":true,"href":"https:\/\/aromasentia.com\/es\/wp-json\/wp\/v2\/product_tag?post=240838"}],"curies":[{"name":"wp","href":"https:\/\/api.w.org\/{rel}","templated":true}]}}