{"id":240822,"date":"2025-03-20T16:27:39","date_gmt":"2025-03-20T16:27:39","guid":{"rendered":"https:\/\/aromasentia.com\/product\/cranberry-bath-dust-200g\/"},"modified":"2025-05-31T19:53:42","modified_gmt":"2025-05-31T19:53:42","slug":"polvo-de-bano-de-arandanos-190gr","status":"publish","type":"product","link":"https:\/\/aromasentia.com\/es\/polvo-de-bano-de-arandanos-190gr\/","title":{"rendered":"Polvo de Ba\u00f1o de Ar\u00e1ndanos 190gr"},"content":{"rendered":"<p>Disfrute de un ba\u00f1o festivo y afrutado con el polvo de ba\u00f1o de ar\u00e1ndanos rojos. Esta bolsita de 200 g libera el aroma \u00e1cido, jugoso y ligeramente dulce de los ar\u00e1ndanos rojos maduros al burbujear en el agua de la ba\u00f1era. Crea una experiencia de ba\u00f1o refrescante y vigorizante, perfecta para despertar los sentidos o disfrutar de un toque de alegr\u00eda estacional. El polvo suaviza el agua, dejando la piel suave y sutilmente perfumada con la brillante y limpia fragancia de los ar\u00e1ndanos, convirtiendo el ba\u00f1o en un vibrante placer.<\/p>\n","protected":false},"excerpt":{"rendered":"<p>Disfrute de un ba\u00f1o festivo y afrutado con el polvo de ba\u00f1o de ar\u00e1ndanos rojos. Esta bolsita de 200 g libera el aroma \u00e1cido, jugoso y ligeramente dulce de los ar\u00e1ndanos rojos maduros al burbujear en el agua de la ba\u00f1era. Crea una experiencia de ba\u00f1o refrescante y vigorizante, perfecta para despertar los sentidos o [&hellip;]<\/p>\n","protected":false},"featured_media":277787,"comment_status":"closed","ping_status":"open","template":"","meta":{"_angie_page":false},"product_brand":[],"product_cat":[19453,20685],"product_tag":[],"class_list":{"0":"post-240822","1":"product","2":"type-product","3":"status-publish","4":"has-post-thumbnail","6":"product_cat-bano-y-ducha","7":"product_cat-sales-de-bano","8":"pa_collection-bath-dust-190g-es","9":"pa_made-in-reino-unido","10":"pa_size-200g","12":"first","13":"instock","14":"purchasable","15":"product-type-simple"},"supplier_id":null,"supplier_sku":"BAS-24","barcode":null,"atum_controlled":true,"out_stock_date":null,"out_stock_threshold":null,"inheritable":false,"inbound_stock":null,"stock_on_hold":0,"sold_today":0,"sales_last_days":0,"reserved_stock":null,"customer_returns":null,"warehouse_damage":null,"lost_in_post":null,"other_logs":null,"out_stock_days":81,"lost_sales":0,"has_location":null,"update_date":"2026-05-08T05:04:57","atum_locations":[],"atum_stock_status":"instock","restock_status":false,"low_stock_amount":"","sales_update_date":"2026-01-20T05:14:47","calc_backorders":null,"_links":{"self":[{"href":"https:\/\/aromasentia.com\/es\/wp-json\/wp\/v2\/product\/240822","targetHints":{"allow":["GET"]}}],"collection":[{"href":"https:\/\/aromasentia.com\/es\/wp-json\/wp\/v2\/product"}],"about":[{"href":"https:\/\/aromasentia.com\/es\/wp-json\/wp\/v2\/types\/product"}],"replies":[{"embeddable":true,"href":"https:\/\/aromasentia.com\/es\/wp-json\/wp\/v2\/comments?post=240822"}],"version-history":[{"count":0,"href":"https:\/\/aromasentia.com\/es\/wp-json\/wp\/v2\/product\/240822\/revisions"}],"wp:featuredmedia":[{"embeddable":true,"href":"https:\/\/aromasentia.com\/es\/wp-json\/wp\/v2\/media\/277787"}],"wp:attachment":[{"href":"https:\/\/aromasentia.com\/es\/wp-json\/wp\/v2\/media?parent=240822"}],"wp:term":[{"taxonomy":"product_brand","embeddable":true,"href":"https:\/\/aromasentia.com\/es\/wp-json\/wp\/v2\/product_brand?post=240822"},{"taxonomy":"product_cat","embeddable":true,"href":"https:\/\/aromasentia.com\/es\/wp-json\/wp\/v2\/product_cat?post=240822"},{"taxonomy":"product_tag","embeddable":true,"href":"https:\/\/aromasentia.com\/es\/wp-json\/wp\/v2\/product_tag?post=240822"}],"curies":[{"name":"wp","href":"https:\/\/api.w.org\/{rel}","templated":true}]}}