{"id":240818,"date":"2025-03-20T16:27:39","date_gmt":"2025-03-20T16:27:39","guid":{"rendered":"https:\/\/aromasentia.com\/product\/bubblegum-bath-dust-200g\/"},"modified":"2025-05-31T19:53:40","modified_gmt":"2025-05-31T19:53:40","slug":"polvo-de-bano-de-chicle-190gr","status":"publish","type":"product","link":"https:\/\/aromasentia.com\/es\/polvo-de-bano-de-chicle-190gr\/","title":{"rendered":"Polvo de Ba\u00f1o de Chicle 190gr"},"content":{"rendered":"<p>Date un divertido y nost\u00e1lgico chapuz\u00f3n con el Polvo de Ba\u00f1o Chicle. Esta vibrante bolsita de 200 g te trae recuerdos de la infancia con su inconfundible fragancia dulce, afrutada y juguetona a chicle. A medida que burbujea y se disuelve, transforma el ba\u00f1o en una colorida y arom\u00e1tica escapada, suavizando el agua y dejando la piel con un delicioso aroma dulce. Perfecto para una experiencia de ba\u00f1o divertida y estimulante que sin duda le arrancar\u00e1 una sonrisa y le dar\u00e1 un toque de fantas\u00eda a su d\u00eda.<\/p>\n","protected":false},"excerpt":{"rendered":"<p>Date un divertido y nost\u00e1lgico chapuz\u00f3n con el Polvo de Ba\u00f1o Chicle. Esta vibrante bolsita de 200 g te trae recuerdos de la infancia con su inconfundible fragancia dulce, afrutada y juguetona a chicle. A medida que burbujea y se disuelve, transforma el ba\u00f1o en una colorida y arom\u00e1tica escapada, suavizando el agua y dejando [&hellip;]<\/p>\n","protected":false},"featured_media":277754,"comment_status":"closed","ping_status":"open","template":"","meta":{"_angie_page":false},"product_brand":[],"product_cat":[19453,20685],"product_tag":[],"class_list":{"0":"post-240818","1":"product","2":"type-product","3":"status-publish","4":"has-post-thumbnail","6":"product_cat-bano-y-ducha","7":"product_cat-sales-de-bano","8":"pa_collection-bath-dust-190g-es","9":"pa_made-in-reino-unido","10":"pa_size-200g","12":"first","13":"instock","14":"purchasable","15":"product-type-simple"},"supplier_id":null,"supplier_sku":"BAS-25","barcode":null,"atum_controlled":true,"out_stock_date":null,"out_stock_threshold":null,"inheritable":false,"inbound_stock":null,"stock_on_hold":0,"sold_today":0,"sales_last_days":0,"reserved_stock":null,"customer_returns":null,"warehouse_damage":null,"lost_in_post":null,"other_logs":null,"out_stock_days":51,"lost_sales":0,"has_location":null,"update_date":"2026-05-08T05:04:57","atum_locations":[],"atum_stock_status":"instock","restock_status":false,"low_stock_amount":"","sales_update_date":"2026-02-06T00:01:02","calc_backorders":null,"_links":{"self":[{"href":"https:\/\/aromasentia.com\/es\/wp-json\/wp\/v2\/product\/240818","targetHints":{"allow":["GET"]}}],"collection":[{"href":"https:\/\/aromasentia.com\/es\/wp-json\/wp\/v2\/product"}],"about":[{"href":"https:\/\/aromasentia.com\/es\/wp-json\/wp\/v2\/types\/product"}],"replies":[{"embeddable":true,"href":"https:\/\/aromasentia.com\/es\/wp-json\/wp\/v2\/comments?post=240818"}],"version-history":[{"count":0,"href":"https:\/\/aromasentia.com\/es\/wp-json\/wp\/v2\/product\/240818\/revisions"}],"wp:featuredmedia":[{"embeddable":true,"href":"https:\/\/aromasentia.com\/es\/wp-json\/wp\/v2\/media\/277754"}],"wp:attachment":[{"href":"https:\/\/aromasentia.com\/es\/wp-json\/wp\/v2\/media?parent=240818"}],"wp:term":[{"taxonomy":"product_brand","embeddable":true,"href":"https:\/\/aromasentia.com\/es\/wp-json\/wp\/v2\/product_brand?post=240818"},{"taxonomy":"product_cat","embeddable":true,"href":"https:\/\/aromasentia.com\/es\/wp-json\/wp\/v2\/product_cat?post=240818"},{"taxonomy":"product_tag","embeddable":true,"href":"https:\/\/aromasentia.com\/es\/wp-json\/wp\/v2\/product_tag?post=240818"}],"curies":[{"name":"wp","href":"https:\/\/api.w.org\/{rel}","templated":true}]}}