{"id":240806,"date":"2025-03-20T16:27:39","date_gmt":"2025-03-20T16:27:39","guid":{"rendered":"https:\/\/aromasentia.com\/product\/fig-casis-bath-dust-200g\/"},"modified":"2025-05-31T19:53:31","modified_gmt":"2025-05-31T19:53:31","slug":"polvo-de-bano-de-higo-y-casis-190gr","status":"publish","type":"product","link":"https:\/\/aromasentia.com\/es\/polvo-de-bano-de-higo-y-casis-190gr\/","title":{"rendered":"Polvo de Ba\u00f1o de Higo y Casis 190gr"},"content":{"rendered":"<p>Del\u00e9itese con el rico aroma afrutado del Polvo de Ba\u00f1o de Higo y Cassis. Esta sofisticada bolsita de 200 g combina las notas dulces y terrosas del higo maduro con la riqueza de las bayas del cassis (grosella negra). Al burbujear en el ba\u00f1o, libera una fragancia lujosa y reconfortante que calma los sentidos. Suaviza el agua, dejando la piel mimada y maravillosamente perfumada con esta mezcla elegante y atemporal, perfecta para un ba\u00f1o verdaderamente relajante y placentero.<\/p>\n","protected":false},"excerpt":{"rendered":"<p>Del\u00e9itese con el rico aroma afrutado del Polvo de Ba\u00f1o de Higo y Cassis. Esta sofisticada bolsita de 200 g combina las notas dulces y terrosas del higo maduro con la riqueza de las bayas del cassis (grosella negra). Al burbujear en el ba\u00f1o, libera una fragancia lujosa y reconfortante que calma los sentidos. Suaviza [&hellip;]<\/p>\n","protected":false},"featured_media":277663,"comment_status":"closed","ping_status":"open","template":"","meta":{"_angie_page":false},"product_brand":[],"product_cat":[19453,20685],"product_tag":[],"class_list":{"0":"post-240806","1":"product","2":"type-product","3":"status-publish","4":"has-post-thumbnail","6":"product_cat-bano-y-ducha","7":"product_cat-sales-de-bano","8":"pa_collection-bath-dust-190g-es","9":"pa_made-in-reino-unido","10":"pa_size-200g","12":"first","13":"instock","14":"purchasable","15":"product-type-simple"},"supplier_id":null,"supplier_sku":"BAS-28","barcode":null,"atum_controlled":true,"out_stock_date":null,"out_stock_threshold":null,"inheritable":false,"inbound_stock":null,"stock_on_hold":0,"sold_today":0,"sales_last_days":0,"reserved_stock":null,"customer_returns":null,"warehouse_damage":null,"lost_in_post":null,"other_logs":null,"out_stock_days":0,"lost_sales":0,"has_location":null,"update_date":"2026-04-27T06:53:55","atum_locations":[],"atum_stock_status":"instock","restock_status":false,"low_stock_amount":"","sales_update_date":"2026-02-06T00:02:52","calc_backorders":null,"_links":{"self":[{"href":"https:\/\/aromasentia.com\/es\/wp-json\/wp\/v2\/product\/240806","targetHints":{"allow":["GET"]}}],"collection":[{"href":"https:\/\/aromasentia.com\/es\/wp-json\/wp\/v2\/product"}],"about":[{"href":"https:\/\/aromasentia.com\/es\/wp-json\/wp\/v2\/types\/product"}],"replies":[{"embeddable":true,"href":"https:\/\/aromasentia.com\/es\/wp-json\/wp\/v2\/comments?post=240806"}],"version-history":[{"count":0,"href":"https:\/\/aromasentia.com\/es\/wp-json\/wp\/v2\/product\/240806\/revisions"}],"wp:featuredmedia":[{"embeddable":true,"href":"https:\/\/aromasentia.com\/es\/wp-json\/wp\/v2\/media\/277663"}],"wp:attachment":[{"href":"https:\/\/aromasentia.com\/es\/wp-json\/wp\/v2\/media?parent=240806"}],"wp:term":[{"taxonomy":"product_brand","embeddable":true,"href":"https:\/\/aromasentia.com\/es\/wp-json\/wp\/v2\/product_brand?post=240806"},{"taxonomy":"product_cat","embeddable":true,"href":"https:\/\/aromasentia.com\/es\/wp-json\/wp\/v2\/product_cat?post=240806"},{"taxonomy":"product_tag","embeddable":true,"href":"https:\/\/aromasentia.com\/es\/wp-json\/wp\/v2\/product_tag?post=240806"}],"curies":[{"name":"wp","href":"https:\/\/api.w.org\/{rel}","templated":true}]}}