{"id":240746,"date":"2025-03-20T16:29:32","date_gmt":"2025-03-20T16:29:32","guid":{"rendered":"https:\/\/aromasentia.com\/product\/funky-bath-bomb-125g-italian-promenade\/"},"modified":"2025-05-31T19:52:21","modified_gmt":"2025-05-31T19:52:21","slug":"bomba-de-bano-funky-125g-italian-promenade","status":"publish","type":"product","link":"https:\/\/aromasentia.com\/es\/bomba-de-bano-funky-125g-italian-promenade\/","title":{"rendered":"Bomba de Ba\u00f1o Funky 125g &#8211; Italian Promenade"},"content":{"rendered":"<p>La nueva gama de Bombas de Ba\u00f1o Funky es ideal para cualquiera que busque un complemento de alta calidad para el ba\u00f1o, con un aspecto y un aroma fant\u00e1sticos.&nbsp;<\/p>\n<p>Tenemos una gama de fant\u00e1sticas fragancias entre las que elegir, cada una con su color distintivo. Encantadoramente indulgentes, cada una de estas Bombas de Ba\u00f1o individuales ha sido hecha a mano para ofrecer a tus clientes el lujo de la relajaci\u00f3n de un spa en su propia casa. &nbsp;<\/p>\n<p>Al sumergirlas en el agua, efervescen al contacto y liberan sus aromas para deleitar tus sentidos.&nbsp;<\/p>\n<p><strong>C\u00f3mpralas ahora y crea el para\u00edso definitivo para el ba\u00f1o en tu tienda.<\/strong><\/p>\n<p><span style=\u00abcolor: rgb(184, 49, 47);\u00bb><strong>Tama\u00f1o de la bomba: 6 cm<\/strong><\/span><\/p>\n","protected":false},"excerpt":{"rendered":"<p>La nueva gama de Bombas de Ba\u00f1o Funky es ideal para cualquiera que busque un complemento de alta calidad para el ba\u00f1o, con un aspecto y un aroma fant\u00e1sticos.&nbsp; Tenemos una gama de fant\u00e1sticas fragancias entre las que elegir, cada una con su color distintivo. Encantadoramente indulgentes, cada una de estas Bombas de Ba\u00f1o individuales [&hellip;]<\/p>\n","protected":false},"featured_media":278448,"comment_status":"closed","ping_status":"open","template":"","meta":[],"product_brand":[],"product_cat":[19453,20515],"product_tag":[],"class_list":{"0":"post-240746","1":"product","2":"type-product","3":"status-publish","4":"has-post-thumbnail","6":"product_cat-bano-y-ducha","7":"product_cat-bombas-de-bano","8":"pa_made-in-letonia","10":"first","11":"outofstock","12":"purchasable","13":"product-type-simple"},"supplier_id":null,"supplier_sku":"BathB-02","barcode":null,"atum_controlled":true,"out_stock_date":"2025-10-09 14:01:47","out_stock_threshold":null,"inheritable":false,"inbound_stock":null,"stock_on_hold":0,"sold_today":0,"sales_last_days":0,"reserved_stock":null,"customer_returns":null,"warehouse_damage":null,"lost_in_post":null,"other_logs":null,"out_stock_days":112,"lost_sales":0,"has_location":null,"update_date":"2026-01-30T01:25:16","atum_locations":[],"atum_stock_status":"outofstock","restock_status":false,"low_stock_amount":"","sales_update_date":"2026-01-30T01:25:16","calc_backorders":null,"_links":{"self":[{"href":"https:\/\/aromasentia.com\/es\/wp-json\/wp\/v2\/product\/240746","targetHints":{"allow":["GET"]}}],"collection":[{"href":"https:\/\/aromasentia.com\/es\/wp-json\/wp\/v2\/product"}],"about":[{"href":"https:\/\/aromasentia.com\/es\/wp-json\/wp\/v2\/types\/product"}],"replies":[{"embeddable":true,"href":"https:\/\/aromasentia.com\/es\/wp-json\/wp\/v2\/comments?post=240746"}],"version-history":[{"count":0,"href":"https:\/\/aromasentia.com\/es\/wp-json\/wp\/v2\/product\/240746\/revisions"}],"wp:featuredmedia":[{"embeddable":true,"href":"https:\/\/aromasentia.com\/es\/wp-json\/wp\/v2\/media\/278448"}],"wp:attachment":[{"href":"https:\/\/aromasentia.com\/es\/wp-json\/wp\/v2\/media?parent=240746"}],"wp:term":[{"taxonomy":"product_brand","embeddable":true,"href":"https:\/\/aromasentia.com\/es\/wp-json\/wp\/v2\/product_brand?post=240746"},{"taxonomy":"product_cat","embeddable":true,"href":"https:\/\/aromasentia.com\/es\/wp-json\/wp\/v2\/product_cat?post=240746"},{"taxonomy":"product_tag","embeddable":true,"href":"https:\/\/aromasentia.com\/es\/wp-json\/wp\/v2\/product_tag?post=240746"}],"curies":[{"name":"wp","href":"https:\/\/api.w.org\/{rel}","templated":true}]}}