{"id":240726,"date":"2025-03-20T16:29:32","date_gmt":"2025-03-20T16:29:32","guid":{"rendered":"https:\/\/aromasentia.com\/product\/lavender-seeds-bath-dust-200g\/"},"modified":"2025-05-31T19:51:53","modified_gmt":"2025-05-31T19:51:53","slug":"polvo-de-bano-lavanda-y-semillas-190gr","status":"publish","type":"product","link":"https:\/\/aromasentia.com\/es\/polvo-de-bano-lavanda-y-semillas-190gr\/","title":{"rendered":"Polvo de Ba\u00f1o Lavanda y Semillas 190gr"},"content":{"rendered":"<p>Desconecte y rel\u00e1jese con el Polvo de Ba\u00f1o de Lavanda y Semillas. Esta relajante bolsita de 200 g combina el calmante aroma cl\u00e1sico del aceite esencial de lavanda con la suave textura de las semillas, posiblemente capullos de lavanda u otros productos bot\u00e1nicos para una exfoliaci\u00f3n suave o un atractivo visual. A medida que se disuelve, libera una tranquila fragancia que favorece la relajaci\u00f3n y alivia el estr\u00e9s, al tiempo que suaviza el agua del ba\u00f1o. Perfecto para un ba\u00f1o nocturno que le prepare para una noche de sue\u00f1o tranquilo y le deje una sensaci\u00f3n de calma y serenidad.<\/p>\n","protected":false},"excerpt":{"rendered":"<p>Desconecte y rel\u00e1jese con el Polvo de Ba\u00f1o de Lavanda y Semillas. Esta relajante bolsita de 200 g combina el calmante aroma cl\u00e1sico del aceite esencial de lavanda con la suave textura de las semillas, posiblemente capullos de lavanda u otros productos bot\u00e1nicos para una exfoliaci\u00f3n suave o un atractivo visual. A medida que se [&hellip;]<\/p>\n","protected":false},"featured_media":278307,"comment_status":"closed","ping_status":"open","template":"","meta":{"_angie_page":false},"product_brand":[],"product_cat":[25844,19453,26835,26235,20685],"product_tag":[],"class_list":{"0":"post-240726","1":"product","2":"type-product","3":"status-publish","4":"has-post-thumbnail","6":"product_cat-aromas","7":"product_cat-bano-y-ducha","8":"product_cat-floral","9":"product_cat-lavanda","10":"product_cat-sales-de-bano","11":"pa_collection-bath-dust-190g-es","12":"pa_made-in-reino-unido","13":"pa_size-200g","15":"first","16":"instock","17":"purchasable","18":"product-type-simple"},"supplier_id":null,"supplier_sku":"BAS-06","barcode":null,"atum_controlled":true,"out_stock_date":null,"out_stock_threshold":null,"inheritable":false,"inbound_stock":null,"stock_on_hold":0,"sold_today":0,"sales_last_days":0,"reserved_stock":null,"customer_returns":null,"warehouse_damage":null,"lost_in_post":null,"other_logs":null,"out_stock_days":0,"lost_sales":0,"has_location":null,"update_date":"2026-05-08T05:04:57","atum_locations":[],"atum_stock_status":"instock","restock_status":false,"low_stock_amount":"","sales_update_date":"2026-01-20T05:14:13","calc_backorders":null,"_links":{"self":[{"href":"https:\/\/aromasentia.com\/es\/wp-json\/wp\/v2\/product\/240726","targetHints":{"allow":["GET"]}}],"collection":[{"href":"https:\/\/aromasentia.com\/es\/wp-json\/wp\/v2\/product"}],"about":[{"href":"https:\/\/aromasentia.com\/es\/wp-json\/wp\/v2\/types\/product"}],"replies":[{"embeddable":true,"href":"https:\/\/aromasentia.com\/es\/wp-json\/wp\/v2\/comments?post=240726"}],"version-history":[{"count":0,"href":"https:\/\/aromasentia.com\/es\/wp-json\/wp\/v2\/product\/240726\/revisions"}],"wp:featuredmedia":[{"embeddable":true,"href":"https:\/\/aromasentia.com\/es\/wp-json\/wp\/v2\/media\/278307"}],"wp:attachment":[{"href":"https:\/\/aromasentia.com\/es\/wp-json\/wp\/v2\/media?parent=240726"}],"wp:term":[{"taxonomy":"product_brand","embeddable":true,"href":"https:\/\/aromasentia.com\/es\/wp-json\/wp\/v2\/product_brand?post=240726"},{"taxonomy":"product_cat","embeddable":true,"href":"https:\/\/aromasentia.com\/es\/wp-json\/wp\/v2\/product_cat?post=240726"},{"taxonomy":"product_tag","embeddable":true,"href":"https:\/\/aromasentia.com\/es\/wp-json\/wp\/v2\/product_tag?post=240726"}],"curies":[{"name":"wp","href":"https:\/\/api.w.org\/{rel}","templated":true}]}}