{"id":240706,"date":"2025-03-20T16:30:10","date_gmt":"2025-03-20T16:30:10","guid":{"rendered":"https:\/\/aromasentia.com\/product\/bath-bomb-kit-alloy-satin\/"},"modified":"2025-05-31T19:51:36","modified_gmt":"2025-05-31T19:51:36","slug":"kit-de-bombas-de-bano-aleacion-y-saten","status":"publish","type":"product","link":"https:\/\/aromasentia.com\/es\/kit-de-bombas-de-bano-aleacion-y-saten\/","title":{"rendered":"Kit de Bombas de Ba\u00f1o &#8211; Aleaci\u00f3n y sat\u00e9n"},"content":{"rendered":"<p><span style=\u00abcolor: rgb(75, 80, 88);\u00bb>Da rienda suelta a tu creatividad mezclando colores de diferentes estilos y combinando diversas sales y fragancias para crear tu viaje sensorial ideal. Consulta la gu\u00eda de instrucciones para inspirarte y crear el ambiente perfecto que deseas. Estas Bombas de Ba\u00f1o \u00fanicas pueden ser disfrutadas para tu propia relajaci\u00f3n o ser un regalo maravilloso para alguien especial. Mejora tu rutina de ba\u00f1o con el kit de Bombas de Ba\u00f1o y disfruta de una experiencia sensacional y rejuvenecedora como nunca antes.&nbsp;<\/span><\/p>\n<p><span style=\u00abcolor: rgb(75, 80, 88);\u00bb>El kit DIY incluye: P\u00e9talos de rosa, formas divertidas de az\u00facar, 500 g de sal del Himalaya, 200 g de \u00e1cido c\u00edtrico, 2 moldes diferentes para Bombas de Ba\u00f1o, 2 aromas incre\u00edbles y 3 colorantes primarios e instrucciones paso a paso. <\/span><\/p>\n<p><span style=\u00abcolor: rgb(75, 80, 88);\u00bb><strong>Instrucciones:<\/strong><\/span><\/p>\n<p><span style=\u00abcolor: rgb(75, 80, 88);\u00bb>Paso 1: Vierte el bicarbonato s\u00f3dico y la cantidad deseada de sal del Himalaya, p\u00e9talos y formas de az\u00facar en un bol vac\u00edo. Paso 2: Vierte 10 ml de agua y mezcla hasta que la mezcla empiece a pegarse. Si est\u00e1 seca, a\u00f1ade unas gotas m\u00e1s de agua. <\/span><\/p>\n<p><span style=\u00abcolor: rgb(75, 80, 88);\u00bb>Paso 4: Vierte la mezcla en ambos lados del molde y aprieta con fuerza. <\/span><\/p>\n<p><span style=\u00abcolor: rgb(75, 80, 88);\u00bb>Paso 5: Aprieta suavemente los lados del molde para sacar la bomba de ba\u00f1o y d\u00e9jala secar durante 60 minutos. \u00a1Consigue hoy mismo tu kit para hacer Bombas de Ba\u00f1o DIY!<\/strong><\/span><\/p>\n","protected":false},"excerpt":{"rendered":"<p>Da rienda suelta a tu creatividad mezclando colores de diferentes estilos y combinando diversas sales y fragancias para crear tu viaje sensorial ideal. Consulta la gu\u00eda de instrucciones para inspirarte y crear el ambiente perfecto que deseas. Estas Bombas de Ba\u00f1o \u00fanicas pueden ser disfrutadas para tu propia relajaci\u00f3n o ser un regalo maravilloso para [&hellip;]<\/p>\n","protected":false},"featured_media":278914,"comment_status":"closed","ping_status":"open","template":"","meta":{"_angie_page":false},"product_brand":[],"product_cat":[19453,20515,20516],"product_tag":[],"class_list":{"0":"post-240706","1":"product","2":"type-product","3":"status-publish","4":"has-post-thumbnail","6":"product_cat-bano-y-ducha","7":"product_cat-bombas-de-bano","8":"product_cat-packs-regalo","9":"pa_collection-bath-bomb-kit-diy-es","10":"pa_made-in-reino-unido","12":"first","13":"outofstock","14":"purchasable","15":"product-type-simple"},"supplier_id":null,"supplier_sku":"BBKIT-02","barcode":null,"atum_controlled":true,"out_stock_date":"2026-04-25 15:13:31","out_stock_threshold":null,"inheritable":false,"inbound_stock":null,"stock_on_hold":0,"sold_today":0,"sales_last_days":0,"reserved_stock":null,"customer_returns":null,"warehouse_damage":null,"lost_in_post":null,"other_logs":null,"out_stock_days":0,"lost_sales":0,"has_location":null,"update_date":"2026-04-27T06:54:25","atum_locations":[],"atum_stock_status":"outofstock","restock_status":false,"low_stock_amount":"","sales_update_date":"2026-01-20T05:14:11","calc_backorders":null,"_links":{"self":[{"href":"https:\/\/aromasentia.com\/es\/wp-json\/wp\/v2\/product\/240706","targetHints":{"allow":["GET"]}}],"collection":[{"href":"https:\/\/aromasentia.com\/es\/wp-json\/wp\/v2\/product"}],"about":[{"href":"https:\/\/aromasentia.com\/es\/wp-json\/wp\/v2\/types\/product"}],"replies":[{"embeddable":true,"href":"https:\/\/aromasentia.com\/es\/wp-json\/wp\/v2\/comments?post=240706"}],"version-history":[{"count":0,"href":"https:\/\/aromasentia.com\/es\/wp-json\/wp\/v2\/product\/240706\/revisions"}],"wp:featuredmedia":[{"embeddable":true,"href":"https:\/\/aromasentia.com\/es\/wp-json\/wp\/v2\/media\/278914"}],"wp:attachment":[{"href":"https:\/\/aromasentia.com\/es\/wp-json\/wp\/v2\/media?parent=240706"}],"wp:term":[{"taxonomy":"product_brand","embeddable":true,"href":"https:\/\/aromasentia.com\/es\/wp-json\/wp\/v2\/product_brand?post=240706"},{"taxonomy":"product_cat","embeddable":true,"href":"https:\/\/aromasentia.com\/es\/wp-json\/wp\/v2\/product_cat?post=240706"},{"taxonomy":"product_tag","embeddable":true,"href":"https:\/\/aromasentia.com\/es\/wp-json\/wp\/v2\/product_tag?post=240706"}],"curies":[{"name":"wp","href":"https:\/\/api.w.org\/{rel}","templated":true}]}}