{"id":240678,"date":"2025-03-20T16:30:10","date_gmt":"2025-03-20T16:30:10","guid":{"rendered":"https:\/\/aromasentia.com\/product\/scented-shea-body-butter-90g-sweet-strawberry\/"},"modified":"2025-05-31T19:50:55","modified_gmt":"2025-05-31T19:50:55","slug":"manteca-corporal-de-karite-perfumada-90g-fresa","status":"publish","type":"product","link":"https:\/\/aromasentia.com\/es\/manteca-corporal-de-karite-perfumada-90g-fresa\/","title":{"rendered":"Manteca Corporal de Karit\u00e9 Perfumada 90g &#8211; Fresa"},"content":{"rendered":"<p>Mima tu piel y tus sentidos con nuestra Manteca Corporal de Karit\u00e9 Perfumada &#8211; Fresa Dulce. Esta deliciosa manteca corporal de 90 g, repleta de karit\u00e9 hidratante, acondiciona y suaviza la piel en profundidad. Se absorbe perfectamente, aliviando la sequedad y dejando la piel aterciopelada e hidratada. El delicioso y jugoso aroma de fresas frescas y dulces le levantar\u00e1 el \u00e1nimo y dejar\u00e1 una persistente fragancia afrutada. Un capricho diario perfecto para una piel suave y maravillosamente perfumada que se siente realmente mimada.<\/p>\n","protected":false},"excerpt":{"rendered":"<p>Mima tu piel y tus sentidos con nuestra Manteca Corporal de Karit\u00e9 Perfumada &#8211; Fresa Dulce. Esta deliciosa manteca corporal de 90 g, repleta de karit\u00e9 hidratante, acondiciona y suaviza la piel en profundidad. Se absorbe perfectamente, aliviando la sequedad y dejando la piel aterciopelada e hidratada. El delicioso y jugoso aroma de fresas frescas [&hellip;]<\/p>\n","protected":false},"featured_media":278683,"comment_status":"closed","ping_status":"open","template":"","meta":{"_angie_page":false},"product_brand":[],"product_cat":[25844,19453,20992,26544,26849],"product_tag":[],"class_list":{"0":"post-240678","1":"product","2":"type-product","3":"status-publish","4":"has-post-thumbnail","6":"product_cat-aromas","7":"product_cat-bano-y-ducha","8":"product_cat-cuidado-corporal","9":"product_cat-fresa","10":"product_cat-frutal","11":"pa_collection-scented-shea-body-butter-90g-es","12":"pa_made-in-reino-unido","13":"pa_size-90g","15":"first","16":"instock","17":"purchasable","18":"product-type-simple"},"supplier_id":null,"supplier_sku":"BBFO-05","barcode":null,"atum_controlled":true,"out_stock_date":null,"out_stock_threshold":null,"inheritable":false,"inbound_stock":null,"stock_on_hold":0,"sold_today":0,"sales_last_days":0,"reserved_stock":null,"customer_returns":null,"warehouse_damage":null,"lost_in_post":null,"other_logs":null,"out_stock_days":0,"lost_sales":0,"has_location":null,"update_date":"2026-05-04T00:02:50","atum_locations":[],"atum_stock_status":"instock","restock_status":false,"low_stock_amount":"","sales_update_date":"2025-10-09T03:25:59","calc_backorders":null,"_links":{"self":[{"href":"https:\/\/aromasentia.com\/es\/wp-json\/wp\/v2\/product\/240678","targetHints":{"allow":["GET"]}}],"collection":[{"href":"https:\/\/aromasentia.com\/es\/wp-json\/wp\/v2\/product"}],"about":[{"href":"https:\/\/aromasentia.com\/es\/wp-json\/wp\/v2\/types\/product"}],"replies":[{"embeddable":true,"href":"https:\/\/aromasentia.com\/es\/wp-json\/wp\/v2\/comments?post=240678"}],"version-history":[{"count":0,"href":"https:\/\/aromasentia.com\/es\/wp-json\/wp\/v2\/product\/240678\/revisions"}],"wp:featuredmedia":[{"embeddable":true,"href":"https:\/\/aromasentia.com\/es\/wp-json\/wp\/v2\/media\/278683"}],"wp:attachment":[{"href":"https:\/\/aromasentia.com\/es\/wp-json\/wp\/v2\/media?parent=240678"}],"wp:term":[{"taxonomy":"product_brand","embeddable":true,"href":"https:\/\/aromasentia.com\/es\/wp-json\/wp\/v2\/product_brand?post=240678"},{"taxonomy":"product_cat","embeddable":true,"href":"https:\/\/aromasentia.com\/es\/wp-json\/wp\/v2\/product_cat?post=240678"},{"taxonomy":"product_tag","embeddable":true,"href":"https:\/\/aromasentia.com\/es\/wp-json\/wp\/v2\/product_tag?post=240678"}],"curies":[{"name":"wp","href":"https:\/\/api.w.org\/{rel}","templated":true}]}}