{"id":240618,"date":"2025-03-20T16:31:41","date_gmt":"2025-03-20T16:31:41","guid":{"rendered":"https:\/\/aromasentia.com\/product\/chakra-bath-salt-gift-pack-of-7\/"},"modified":"2025-05-31T19:49:16","modified_gmt":"2025-05-31T19:49:16","slug":"sales-de-bano-en-viales-chakra-pack-de-regalo-de-7-dias","status":"publish","type":"product","link":"https:\/\/aromasentia.com\/es\/sales-de-bano-en-viales-chakra-pack-de-regalo-de-7-dias\/","title":{"rendered":"Sales de Ba\u00f1o en viales &#8211; Chakra -Pack de regalo de 7 dias"},"content":{"rendered":"<p>Explora y descubre el mundo de los chakras con las sales de ba\u00f1o en viales de <strong>Aroma Sentia Espa\u00f1a<\/strong>. Puede ofrecer a tus clientes una experiencia de spa en sus propias casas. Hay<strong>&nbsp;7 viales, uno para cada d\u00eda de la semana<\/strong>, proporcionando beneficios diferentes cada d\u00eda a sus clientes.&nbsp;<\/p>\n<p><strong>\u00bfQu\u00e9 ingredientes lleva cada sal de chakra?&nbsp;<\/strong><\/p>\n<p><strong>Chakra de la corona:&nbsp;<\/strong>Maris Sal, Aceite de Mentha Piperita, CI 18050, Mantequilla de Butyrospermum Parkii, Aqua, CI 45430, CI 42090, Limoneno<\/p>\n<p><strong>Charka del tercer ojo<\/strong>: Sal de Maris, aceite de Lavandula Angustifolia, manteca de Butyrospermum Parkii, agua, CI 42090, linalol, limoneno<\/p>\n<p><strong>Chakra de la garganta:<\/strong> &nbsp;Sal marina, aceite de c\u00e1scara de Citrus Limon, aceite de hoja de Eucalyptus Globulus, manteca de Butyrospermum Parkii, agua, CI 42090, limoneno, citral<\/p>\n<p><strong>Chakra del coraz\u00f3n:&nbsp;<\/strong>Sal de Maris, CI 19140, aceite de c\u00e1scara de Citrus Paradisi, aceite de flor de Anthemis Nobilis, manteca de Butyrospermum Parkii, agua, CI 42090, limoneno<\/p>\n<p><strong>Chakra del plexo solar:<\/strong> Maris Sal, aceite de flor de Cananga Odorata, manteca de Butyrospermum Parkii, agua, CI 19140, salicilato de bencilo, farnesol<\/p>\n<p><strong>Chakra del sacro:&nbsp;<\/strong>Sal de maris, aceite de c\u00e1scara de Citrus sinensis, aceite de c\u00e1scara de Citrus limon, manteca de butyrospermum parkii, agua, CI 19140, CI 15985, limoneno, linalol, eugenol, citral<\/p>\n<p><strong>Chakra de la raiz:&nbsp;<\/strong>Maris Sal, CI 18050, Aceite de fruta Citrus Bergamia, CI 19140, Aceite de hierba Mentha Spicata, Mantequilla de Butyrospermum Parkii, Aqua, CI 45430, Limoneno, Linalool<\/p>\n","protected":false},"excerpt":{"rendered":"<p>Explora y descubre el mundo de los chakras con las sales de ba\u00f1o en viales de Aroma Sentia Espa\u00f1a. Puede ofrecer a tus clientes una experiencia de spa en sus propias casas. Hay&nbsp;7 viales, uno para cada d\u00eda de la semana, proporcionando beneficios diferentes cada d\u00eda a sus clientes.&nbsp; \u00bfQu\u00e9 ingredientes lleva cada sal de [&hellip;]<\/p>\n","protected":false},"featured_media":279568,"comment_status":"closed","ping_status":"open","template":"","meta":{"_angie_page":false},"product_brand":[],"product_cat":[19453,20516,20685],"product_tag":[],"class_list":{"0":"post-240618","1":"product","2":"type-product","3":"status-publish","4":"has-post-thumbnail","6":"product_cat-bano-y-ducha","7":"product_cat-packs-regalo","8":"product_cat-sales-de-bano","9":"pa_collection-bath-salts-in-vials-gift-pack-of-7-es","10":"pa_made-in-reino-unido","12":"first","13":"instock","14":"purchasable","15":"product-type-simple"},"supplier_id":null,"supplier_sku":"BSV-02","barcode":null,"atum_controlled":true,"out_stock_date":null,"out_stock_threshold":null,"inheritable":false,"inbound_stock":null,"stock_on_hold":0,"sold_today":0,"sales_last_days":0,"reserved_stock":null,"customer_returns":null,"warehouse_damage":null,"lost_in_post":null,"other_logs":null,"out_stock_days":0,"lost_sales":0,"has_location":null,"update_date":"2026-04-27T06:55:48","atum_locations":[],"atum_stock_status":"instock","restock_status":false,"low_stock_amount":"","sales_update_date":"2025-10-09T03:27:00","calc_backorders":null,"_links":{"self":[{"href":"https:\/\/aromasentia.com\/es\/wp-json\/wp\/v2\/product\/240618","targetHints":{"allow":["GET"]}}],"collection":[{"href":"https:\/\/aromasentia.com\/es\/wp-json\/wp\/v2\/product"}],"about":[{"href":"https:\/\/aromasentia.com\/es\/wp-json\/wp\/v2\/types\/product"}],"replies":[{"embeddable":true,"href":"https:\/\/aromasentia.com\/es\/wp-json\/wp\/v2\/comments?post=240618"}],"version-history":[{"count":0,"href":"https:\/\/aromasentia.com\/es\/wp-json\/wp\/v2\/product\/240618\/revisions"}],"wp:featuredmedia":[{"embeddable":true,"href":"https:\/\/aromasentia.com\/es\/wp-json\/wp\/v2\/media\/279568"}],"wp:attachment":[{"href":"https:\/\/aromasentia.com\/es\/wp-json\/wp\/v2\/media?parent=240618"}],"wp:term":[{"taxonomy":"product_brand","embeddable":true,"href":"https:\/\/aromasentia.com\/es\/wp-json\/wp\/v2\/product_brand?post=240618"},{"taxonomy":"product_cat","embeddable":true,"href":"https:\/\/aromasentia.com\/es\/wp-json\/wp\/v2\/product_cat?post=240618"},{"taxonomy":"product_tag","embeddable":true,"href":"https:\/\/aromasentia.com\/es\/wp-json\/wp\/v2\/product_tag?post=240618"}],"curies":[{"name":"wp","href":"https:\/\/api.w.org\/{rel}","templated":true}]}}